{"id":19127,"date":"2023-06-24T08:29:56","date_gmt":"2023-06-24T08:29:56","guid":{"rendered":"https:\/\/espacetriathlon.com\/?post_type=product&#038;p=19127"},"modified":"2024-07-12T12:09:34","modified_gmt":"2024-07-12T12:09:34","slug":"men-apex-dream-kona-race-suit","status":"publish","type":"product","link":"https:\/\/espacetriathlon.com\/de\/product\/men-apex-dream-kona-race-suit\/","title":{"rendered":"Men Apex Dream Kona Race Suit Black Blue"},"content":{"rendered":"<p>Maximale Leistung<br \/>\nDer leichte und flexible Stoff reduziert die Reibung im Wasser und verbessert die Aerodynamik auf dem Fahrrad, sodass Sie in beiden Segmenten an Geschwindigkeit gewinnen.<\/p>\n<p>Minimale Reibung<br \/>\nDie dreidimensionale Beschaffenheit des Materials wurde im Windkanal optimiert, um den Abrieb der Grenzschicht zu verz\u00f6gern und den Widerstandskoeffizienten des Radfahrers zu reduzieren.<\/p>\n<p>Mehr Elastizit\u00e4t<br \/>\nDer obere Teil gibt Ihnen gen\u00fcgend Elastizit\u00e4t, um mit ihm schwimmen zu k\u00f6nnen, was beim \u00dcbergang mehrere Sekunden spart.<\/p>\n<p>Atmungsaktivit\u00e4t<br \/>\nDie dreidimensionale Beschaffenheit der \u00c4rmel und des R\u00fcckenbereichs und die seitlichen Netz-Eins\u00e4tze verleihen Ihnen dort mehr Atmungsaktivit\u00e4t, wo Sie sie am meisten brauchen.<\/p>\n<p>Komfort<br \/>\nDer leichte Stoff besteht aus einem Garn, das die K\u00f6rpertemperatur senkt, sowie einem silbernen Garn mit antimikrobiellen Eigenschaften, wodurch Sie w\u00e4hrend des Wettkampfes f\u00fcr l\u00e4ngere Zeit ein k\u00fchles und angenehmes Gef\u00fchl haben.<\/p>\n","protected":false},"excerpt":{"rendered":"<div class=\"elementor-element elementor-element-6fea4fb1 elementor-widget elementor-widget-woocommerce-product-short-description\" data-id=\"6fea4fb1\" data-element_type=\"widget\" data-widget_type=\"woocommerce-product-short-description.default\">\n<div class=\"elementor-widget-container\">\n<div class=\"woocommerce-product-details__short-description\">\n<p>Der Dream Kona wurde in Zusammenarbeit mit den besten Athleten der Welt entwickelt und ber\u00fccksichtigt alle Aspekte der drei Disziplinen, um Ihnen die bestm\u00f6gliche Leistung zu bieten: Maximale Flexibilit\u00e4t und Hydrodynamik im Wasser sowie gr\u00f6\u00dften aerodynamischen Nutzen beim Radfahren und Laufen, mit technischen Materialien, die daf\u00fcr sorgen, dass Ihrem Fortschritt nichts mehr im Weg steht.<\/p>\n<\/div>\n<\/div>\n<\/div>\n<div class=\"elementor-element elementor-element-5327097 elementor-product-price-block-yes elementor-widget elementor-widget-woocommerce-product-price\" data-id=\"5327097\" data-element_type=\"widget\" data-widget_type=\"woocommerce-product-price.default\">\n<div class=\"elementor-widget-container\"><\/div>\n<\/div>\n","protected":false},"featured_media":50029,"template":"","meta":[],"product_brand":[],"product_cat":[314],"product_tag":[],"class_list":{"0":"post-19127","1":"product","2":"type-product","3":"status-publish","4":"has-post-thumbnail","6":"product_cat-gear-de","7":"pa_brand-orca-de","8":"pa_size-s-de","9":"pa_size-m-de","10":"pa_size-l-de","11":"pa_size-xl-de","13":"first","14":"instock","15":"shipping-taxable","16":"purchasable","17":"product-type-variable"},"_links":{"self":[{"href":"https:\/\/espacetriathlon.com\/de\/wp-json\/wp\/v2\/product\/19127","targetHints":{"allow":["GET"]}}],"collection":[{"href":"https:\/\/espacetriathlon.com\/de\/wp-json\/wp\/v2\/product"}],"about":[{"href":"https:\/\/espacetriathlon.com\/de\/wp-json\/wp\/v2\/types\/product"}],"version-history":[{"count":2,"href":"https:\/\/espacetriathlon.com\/de\/wp-json\/wp\/v2\/product\/19127\/revisions"}],"predecessor-version":[{"id":36396,"href":"https:\/\/espacetriathlon.com\/de\/wp-json\/wp\/v2\/product\/19127\/revisions\/36396"}],"wp:featuredmedia":[{"embeddable":true,"href":"https:\/\/espacetriathlon.com\/de\/wp-json\/wp\/v2\/media\/50029"}],"wp:attachment":[{"href":"https:\/\/espacetriathlon.com\/de\/wp-json\/wp\/v2\/media?parent=19127"}],"wp:term":[{"taxonomy":"product_brand","embeddable":true,"href":"https:\/\/espacetriathlon.com\/de\/wp-json\/wp\/v2\/product_brand?post=19127"},{"taxonomy":"product_cat","embeddable":true,"href":"https:\/\/espacetriathlon.com\/de\/wp-json\/wp\/v2\/product_cat?post=19127"},{"taxonomy":"product_tag","embeddable":true,"href":"https:\/\/espacetriathlon.com\/de\/wp-json\/wp\/v2\/product_tag?post=19127"}],"curies":[{"name":"wp","href":"https:\/\/api.w.org\/{rel}","templated":true}]}}