{"id":19303,"date":"2023-06-24T12:08:02","date_gmt":"2023-06-24T12:08:02","guid":{"rendered":"https:\/\/espacetriathlon.com\/product\/athlex-swimskin\/"},"modified":"2026-03-29T09:38:34","modified_gmt":"2026-03-29T09:38:34","slug":"athlex-swimskin","status":"publish","type":"product","link":"https:\/\/espacetriathlon.com\/de\/product\/athlex-swimskin\/","title":{"rendered":"Athlex Swimskin Men"},"content":{"rendered":"<p>Geringere Muskelerm\u00fcdung<br \/>\nDas komprimierte Material unterst\u00fctzt die Muskeln, verbessert Ihre Leistungsf\u00e4higkeit und verz\u00f6gert das Auftreten von M\u00fcdigkeitserscheinungen.<br \/>\nKomfort<br \/>\nDie Passform Confort fit bietet Ihnen den Komfort und die Elastizit\u00e4t, die Sie brauchen, um mit v\u00f6lliger Bewegungsfreiheit schwimmen zu k\u00f6nnen.<br \/>\nWasserabweisend<br \/>\nDer Swimskin wurde aus einem wasserabweisenden technischen Gewebe gefertigt und verhindert das Eindringen von Wasser, wodurch Sie w\u00e4hrend des Wettkampfes trockener und leichter bleiben.Geringere Muskelerm\u00fcdung<br \/>\nDas komprimierte Material unterst\u00fctzt die Muskeln, verbessert Ihre Leistungsf\u00e4higkeit und verz\u00f6gert das Auftreten von M\u00fcdigkeitserscheinungen.<\/p>\n<p>*Da es sich um ein Kleidungsst\u00fcck mit starker Kompression handelt, solltest du im Zweifel immer die gr\u00f6\u00dfere Gr\u00f6\u00dfe w\u00e4hlen.<\/p>\n","protected":false},"excerpt":{"rendered":"<p>Die Athlex Swimskin ist die ideale Erg\u00e4nzung f\u00fcr die Rennen, bei denen Neoprenanz\u00fcge nicht erlaubt sind. Der Anzug besteht aus HydroSkin-Gewebe, das dank seiner stark hydrophoben Eigenschaften die Aquadynamik verbessert. Es sorgt au\u00dferdem f\u00fcr die n\u00f6tige Kompression, um kein Wasser zwischen Anzug und K\u00f6rper laufen zu lassen.<\/p>\n","protected":false},"featured_media":49993,"template":"","meta":[],"product_brand":[],"product_cat":[314],"product_tag":[],"class_list":{"0":"post-19303","1":"product","2":"type-product","3":"status-publish","4":"has-post-thumbnail","6":"product_cat-gear-de","7":"pa_brand-orca-de","8":"pa_size-s-de","9":"pa_size-m-de","10":"pa_size-l-de","11":"pa_size-xl-de","13":"first","14":"instock","15":"shipping-taxable","16":"purchasable","17":"product-type-variable"},"_links":{"self":[{"href":"https:\/\/espacetriathlon.com\/de\/wp-json\/wp\/v2\/product\/19303","targetHints":{"allow":["GET"]}}],"collection":[{"href":"https:\/\/espacetriathlon.com\/de\/wp-json\/wp\/v2\/product"}],"about":[{"href":"https:\/\/espacetriathlon.com\/de\/wp-json\/wp\/v2\/types\/product"}],"version-history":[{"count":3,"href":"https:\/\/espacetriathlon.com\/de\/wp-json\/wp\/v2\/product\/19303\/revisions"}],"predecessor-version":[{"id":36440,"href":"https:\/\/espacetriathlon.com\/de\/wp-json\/wp\/v2\/product\/19303\/revisions\/36440"}],"wp:featuredmedia":[{"embeddable":true,"href":"https:\/\/espacetriathlon.com\/de\/wp-json\/wp\/v2\/media\/49993"}],"wp:attachment":[{"href":"https:\/\/espacetriathlon.com\/de\/wp-json\/wp\/v2\/media?parent=19303"}],"wp:term":[{"taxonomy":"product_brand","embeddable":true,"href":"https:\/\/espacetriathlon.com\/de\/wp-json\/wp\/v2\/product_brand?post=19303"},{"taxonomy":"product_cat","embeddable":true,"href":"https:\/\/espacetriathlon.com\/de\/wp-json\/wp\/v2\/product_cat?post=19303"},{"taxonomy":"product_tag","embeddable":true,"href":"https:\/\/espacetriathlon.com\/de\/wp-json\/wp\/v2\/product_tag?post=19303"}],"curies":[{"name":"wp","href":"https:\/\/api.w.org\/{rel}","templated":true}]}}