{"id":19330,"date":"2023-06-24T14:15:33","date_gmt":"2023-06-24T14:15:33","guid":{"rendered":"https:\/\/espacetriathlon.com\/?post_type=product&#038;p=19330"},"modified":"2025-07-11T15:52:44","modified_gmt":"2025-07-11T15:52:44","slug":"mantra-women-1mm","status":"publish","type":"product","link":"https:\/\/espacetriathlon.com\/de\/product\/mantra-women-1mm\/","title":{"rendered":"Mantra Women"},"content":{"rendered":"","protected":false},"excerpt":{"rendered":"<p>Der Orca Mantra ist ein Neoprenanzug, der unter Verwendung hochwertigster Materialien entwickelt wurde, die eine hohe Haltbarkeit bieten, ohne dabei die Beweglichkeit einzuschr\u00e4nken. Wegen der hochelastischen Materialien schmiegt sich dieser Anzug perfekt an den K\u00f6rper an und l\u00e4sst dich deine Freedive-Sessions ohne jede Einschr\u00e4nkung zu genie\u00dfen.<\/p>\n","protected":false},"featured_media":49989,"template":"","meta":[],"product_brand":[],"product_cat":[986],"product_tag":[],"class_list":{"0":"post-19330","1":"product","2":"type-product","3":"status-publish","4":"has-post-thumbnail","6":"product_cat-freediving-de","7":"pa_brand-orca-de","8":"pa_taille-orca-f-s-157-167cm-54-61kg-de","9":"pa_taille-orca-f-m-165-177cm-60-67kg-de","10":"pa_taille-orca-f-l-170-185cm-66-74kg-de","12":"first","13":"instock","14":"sale","15":"shipping-taxable","16":"purchasable","17":"product-type-variable"},"_links":{"self":[{"href":"https:\/\/espacetriathlon.com\/de\/wp-json\/wp\/v2\/product\/19330","targetHints":{"allow":["GET"]}}],"collection":[{"href":"https:\/\/espacetriathlon.com\/de\/wp-json\/wp\/v2\/product"}],"about":[{"href":"https:\/\/espacetriathlon.com\/de\/wp-json\/wp\/v2\/types\/product"}],"version-history":[{"count":5,"href":"https:\/\/espacetriathlon.com\/de\/wp-json\/wp\/v2\/product\/19330\/revisions"}],"predecessor-version":[{"id":44173,"href":"https:\/\/espacetriathlon.com\/de\/wp-json\/wp\/v2\/product\/19330\/revisions\/44173"}],"wp:featuredmedia":[{"embeddable":true,"href":"https:\/\/espacetriathlon.com\/de\/wp-json\/wp\/v2\/media\/49989"}],"wp:attachment":[{"href":"https:\/\/espacetriathlon.com\/de\/wp-json\/wp\/v2\/media?parent=19330"}],"wp:term":[{"taxonomy":"product_brand","embeddable":true,"href":"https:\/\/espacetriathlon.com\/de\/wp-json\/wp\/v2\/product_brand?post=19330"},{"taxonomy":"product_cat","embeddable":true,"href":"https:\/\/espacetriathlon.com\/de\/wp-json\/wp\/v2\/product_cat?post=19330"},{"taxonomy":"product_tag","embeddable":true,"href":"https:\/\/espacetriathlon.com\/de\/wp-json\/wp\/v2\/product_tag?post=19330"}],"curies":[{"name":"wp","href":"https:\/\/api.w.org\/{rel}","templated":true}]}}