{"id":1939,"date":"2020-11-10T16:42:52","date_gmt":"2020-11-10T16:42:52","guid":{"rendered":"https:\/\/espacetriathlon.com\/product\/tech-paddle\/"},"modified":"2024-07-15T09:28:13","modified_gmt":"2024-07-15T09:28:13","slug":"tech-paddle","status":"publish","type":"product","link":"https:\/\/espacetriathlon.com\/de\/product\/tech-paddle\/","title":{"rendered":"Tech Paddle"},"content":{"rendered":"<p>Paddle von Speedo. Innovative Riemenf\u00fchrung erm\u00f6glicht nur Finger oder ganze Handfixierung. Ergonomisch geformt (leicht gew\u00f6lbte Oberfl\u00e4che mit Fingermulden). Str\u00f6mungsl\u00f6cher verbessern das Wassergef\u00fchl.<\/p>\n<p>Verf\u00fcgbar in drei Gr\u00f6\u00dfen:<\/p>\n<ul>\n<li>S: empfohlen f\u00fcr Delfin, Brust, Kraul, R\u00fccken (19\u00d713 cm)<\/li>\n<li>M: empfohlen f\u00fcr Brust, R\u00fccken, Kraul (20\u00d714 cm)<\/li>\n<li>L: empfohlen f\u00fcr Kraul, R\u00fccken (21\u00d715 cm)<\/li>\n<\/ul>\n<p>Ebenso bedingen verschiedene Leistungsniveaus, unterschiedliche Trainingsinhalte und Trainingsziele verschiedene Gr\u00f6\u00dfen.<\/p>\n<ul>\n<li>Leicht und haltbar<\/li>\n<li>F\u00f6rdert richtige Armzugtechnik<\/li>\n<li>Verbessert Schwimmtechnik und -effizienz<\/li>\n<li>Riemen mit mehreren Positionen, 1-Finger- und 3-Punkt Optionen<\/li>\n<li>F\u00fcr alle Niveaus \u2013 Anf\u00e4nger bis Spitzensportler<\/li>\n<li>Exklusiv von Speedo<\/li>\n<\/ul>\n","protected":false},"excerpt":{"rendered":"<p>Speedo<\/p>\n<p>Paddle von Speedo. Innovative Riemenf\u00fchrung erm\u00f6glicht nur Finger oder ganze Handfixierung. Ergonomisch geformt (leicht gew\u00f6lbte Oberfl\u00e4che mit Fingermulden). Str\u00f6mungsl\u00f6cher verbessern das Wassergef\u00fchl.<\/p>\n","protected":false},"featured_media":55925,"template":"","meta":[],"product_brand":[],"product_cat":[286],"product_tag":[],"class_list":{"0":"post-1939","1":"product","2":"type-product","3":"status-publish","4":"has-post-thumbnail","6":"product_cat-paddles-de","7":"pa_brand-speedo-de","8":"pa_size-s-de","9":"pa_size-m-de","10":"pa_size-l-de","12":"first","13":"instock","14":"featured","15":"shipping-taxable","16":"purchasable","17":"product-type-variable","18":"has-default-attributes"},"_links":{"self":[{"href":"https:\/\/espacetriathlon.com\/de\/wp-json\/wp\/v2\/product\/1939","targetHints":{"allow":["GET"]}}],"collection":[{"href":"https:\/\/espacetriathlon.com\/de\/wp-json\/wp\/v2\/product"}],"about":[{"href":"https:\/\/espacetriathlon.com\/de\/wp-json\/wp\/v2\/types\/product"}],"version-history":[{"count":3,"href":"https:\/\/espacetriathlon.com\/de\/wp-json\/wp\/v2\/product\/1939\/revisions"}],"predecessor-version":[{"id":36760,"href":"https:\/\/espacetriathlon.com\/de\/wp-json\/wp\/v2\/product\/1939\/revisions\/36760"}],"wp:featuredmedia":[{"embeddable":true,"href":"https:\/\/espacetriathlon.com\/de\/wp-json\/wp\/v2\/media\/55925"}],"wp:attachment":[{"href":"https:\/\/espacetriathlon.com\/de\/wp-json\/wp\/v2\/media?parent=1939"}],"wp:term":[{"taxonomy":"product_brand","embeddable":true,"href":"https:\/\/espacetriathlon.com\/de\/wp-json\/wp\/v2\/product_brand?post=1939"},{"taxonomy":"product_cat","embeddable":true,"href":"https:\/\/espacetriathlon.com\/de\/wp-json\/wp\/v2\/product_cat?post=1939"},{"taxonomy":"product_tag","embeddable":true,"href":"https:\/\/espacetriathlon.com\/de\/wp-json\/wp\/v2\/product_tag?post=1939"}],"curies":[{"name":"wp","href":"https:\/\/api.w.org\/{rel}","templated":true}]}}