{"id":21085,"date":"2023-10-09T18:21:01","date_gmt":"2023-10-09T18:21:01","guid":{"rendered":"https:\/\/espacetriathlon.com\/product\/futura-biofuse-flexiseal-tri\/"},"modified":"2024-07-12T07:31:20","modified_gmt":"2024-07-12T07:31:20","slug":"futura-biofuse-flexiseal-tri","status":"publish","type":"product","link":"https:\/\/espacetriathlon.com\/de\/product\/futura-biofuse-flexiseal-tri\/","title":{"rendered":"Futura Biofuse Flexiseal Tri"},"content":{"rendered":"<p>Blue<br \/>\nSmoked lenses<\/p>\n","protected":false},"excerpt":{"rendered":"<p>Die Flexiseal Futura Biofuse Triathlonbrille bietet ultimativen Speedo Brillenkomfort.<\/p>\n<p>Die neue superweiche Flexdichtung bietet im Vergleich zu fr\u00fcheren Biofuse-Brillen eine gr\u00f6\u00dfere Flexibilit\u00e4t f\u00fcr eine noch glattere, gepolsterte Passform um das Auge.<\/p>\n<p>Diese Maske besteht aus superweichen gelartigen Materialien und der Speedo Biofuse\u00ae-Technologie und macht Ihren Komfort zur obersten Priorit\u00e4t.<\/p>\n<p>Polarisierte Gl\u00e4ser machen diese Brille ideal zum Schwimmen im offenen Wasser und bei Triathlons.<\/p>\n","protected":false},"featured_media":21081,"template":"","meta":[],"product_brand":[],"product_cat":[2196,283],"product_tag":[],"class_list":{"0":"post-21085","1":"product","2":"type-product","3":"status-publish","4":"has-post-thumbnail","6":"product_cat-sales-de","7":"product_cat-goggles-de","8":"pa_brand-speedo-de","10":"first","11":"instock","12":"sale","13":"shipping-taxable","14":"purchasable","15":"product-type-simple"},"_links":{"self":[{"href":"https:\/\/espacetriathlon.com\/de\/wp-json\/wp\/v2\/product\/21085","targetHints":{"allow":["GET"]}}],"collection":[{"href":"https:\/\/espacetriathlon.com\/de\/wp-json\/wp\/v2\/product"}],"about":[{"href":"https:\/\/espacetriathlon.com\/de\/wp-json\/wp\/v2\/types\/product"}],"version-history":[{"count":3,"href":"https:\/\/espacetriathlon.com\/de\/wp-json\/wp\/v2\/product\/21085\/revisions"}],"predecessor-version":[{"id":36230,"href":"https:\/\/espacetriathlon.com\/de\/wp-json\/wp\/v2\/product\/21085\/revisions\/36230"}],"wp:featuredmedia":[{"embeddable":true,"href":"https:\/\/espacetriathlon.com\/de\/wp-json\/wp\/v2\/media\/21081"}],"wp:attachment":[{"href":"https:\/\/espacetriathlon.com\/de\/wp-json\/wp\/v2\/media?parent=21085"}],"wp:term":[{"taxonomy":"product_brand","embeddable":true,"href":"https:\/\/espacetriathlon.com\/de\/wp-json\/wp\/v2\/product_brand?post=21085"},{"taxonomy":"product_cat","embeddable":true,"href":"https:\/\/espacetriathlon.com\/de\/wp-json\/wp\/v2\/product_cat?post=21085"},{"taxonomy":"product_tag","embeddable":true,"href":"https:\/\/espacetriathlon.com\/de\/wp-json\/wp\/v2\/product_tag?post=21085"}],"curies":[{"name":"wp","href":"https:\/\/api.w.org\/{rel}","templated":true}]}}