{"id":2131,"date":"2020-11-11T14:04:58","date_gmt":"2020-11-11T14:04:58","guid":{"rendered":"https:\/\/espacetriathlon.com\/product\/neoprene-short\/"},"modified":"2026-02-08T17:41:55","modified_gmt":"2026-02-08T17:41:55","slug":"neoprene-short","status":"publish","type":"product","link":"https:\/\/espacetriathlon.com\/de\/product\/neoprene-short\/","title":{"rendered":"Neoprene Short"},"content":{"rendered":"<div class=\"lista\">\n<p><strong>INCREASED BUOYANCY<\/strong><\/p>\n<p>These 4mm thick shorts feature Aerodome panels providing the swimmer with 30% more buoyancy.<\/p>\n<p><strong>FLEXIBILITY<\/strong><\/p>\n<p>The side panels provide needed flexibility to help you with rotation and provide freedom of movement.<\/p>\n<p><strong>COMFORT<\/strong><\/p>\n<p>The adjustable waist allows you to adjust these shorts to a perfect fit.<\/p>\n<\/div>\n","protected":false},"excerpt":{"rendered":"<p>Orca<\/p>\n<p>Unisex<\/p>\n<p>Die neue Neoprene Short bietet Ihnen dank der neuen Aerodome-Eins\u00e4tze noch mehr Auftrieb als die Vorg\u00e4ngerversion. Das Accessoire, das Sie ben\u00f6tigen, um die richtige Position im Wasser zu erreichen und Ihre Schwimmtechnik zu verbessern.<\/p>\n","protected":false},"featured_media":49315,"template":"","meta":[],"product_brand":[],"product_cat":[1712],"product_tag":[],"class_list":{"0":"post-2131","1":"product","2":"type-product","3":"status-publish","4":"has-post-thumbnail","6":"product_cat-accessories-tri-de-2","7":"pa_brand-orca-de","8":"pa_size-xs-de","9":"pa_size-s-de","10":"pa_size-m-de","11":"pa_size-l-de","12":"pa_size-xl-de","13":"pa_size-xxl-de","15":"first","16":"instock","17":"shipping-taxable","18":"purchasable","19":"product-type-variable"},"_links":{"self":[{"href":"https:\/\/espacetriathlon.com\/de\/wp-json\/wp\/v2\/product\/2131","targetHints":{"allow":["GET"]}}],"collection":[{"href":"https:\/\/espacetriathlon.com\/de\/wp-json\/wp\/v2\/product"}],"about":[{"href":"https:\/\/espacetriathlon.com\/de\/wp-json\/wp\/v2\/types\/product"}],"version-history":[{"count":3,"href":"https:\/\/espacetriathlon.com\/de\/wp-json\/wp\/v2\/product\/2131\/revisions"}],"predecessor-version":[{"id":36729,"href":"https:\/\/espacetriathlon.com\/de\/wp-json\/wp\/v2\/product\/2131\/revisions\/36729"}],"wp:featuredmedia":[{"embeddable":true,"href":"https:\/\/espacetriathlon.com\/de\/wp-json\/wp\/v2\/media\/49315"}],"wp:attachment":[{"href":"https:\/\/espacetriathlon.com\/de\/wp-json\/wp\/v2\/media?parent=2131"}],"wp:term":[{"taxonomy":"product_brand","embeddable":true,"href":"https:\/\/espacetriathlon.com\/de\/wp-json\/wp\/v2\/product_brand?post=2131"},{"taxonomy":"product_cat","embeddable":true,"href":"https:\/\/espacetriathlon.com\/de\/wp-json\/wp\/v2\/product_cat?post=2131"},{"taxonomy":"product_tag","embeddable":true,"href":"https:\/\/espacetriathlon.com\/de\/wp-json\/wp\/v2\/product_tag?post=2131"}],"curies":[{"name":"wp","href":"https:\/\/api.w.org\/{rel}","templated":true}]}}