{"id":21347,"date":"2023-10-14T10:10:47","date_gmt":"2023-10-14T10:10:47","guid":{"rendered":"https:\/\/espacetriathlon.com\/product\/venon-hero-man-red-dark-blue\/"},"modified":"2024-12-28T10:15:53","modified_gmt":"2024-12-28T10:15:53","slug":"venon-hero-man-red-dark-blue","status":"publish","type":"product","link":"https:\/\/espacetriathlon.com\/de\/product\/venon-hero-man-red-dark-blue\/","title":{"rendered":"Venom Hero Man Tiffany Dark blue"},"content":{"rendered":"<p>V = Velocity \u2013 unser erstes Ziel bei der Entwicklung dieses Produkts: den leistungsst\u00e4rksten Rennanzug aller Zeiten zu schaffen; E = Engineering \u2013 das Ergebnis der Chorarbeit unserer Forschungs- und Entwicklungsabteilung; N = New \u2013 neu in seiner Kategorie, neu in seiner Technologie, neu in seinem Design; O = Original \u2013 urspr\u00fcnglich von AKRON; M = Manufacturing \u2013 denn 100% unseres Rennsportsortiments werden stolz in Italien gefertigt. FINA-Zulassung: FINA-Zulassung f\u00fcr nationale und internationale Schwimmwettk\u00e4mpfe. Von der FINA zugelassene Schwimmanz\u00fcge haben einen einzigartigen FINA-Barcode auf dem Schwimmanzug aufgedruckt, der ihn f\u00fcr Schwimmoffizielle leicht identifizierbar macht. VENOM, der auf Geschwindigkeit ausgelegt ist, wird die \u201ePremium\u201c-Linie von AKRON repr\u00e4sentieren. Die flache ergonomische Schwei\u00dfkonstruktion hilft, die wichtigsten Muskelgruppen schneller zu regenerieren und die Kompressionsschichten zu verdoppeln. Das Design des Au\u00dfenbandes soll die hydrodynamischen Turbulenzen verbessern, den Wassereintritt verringern und die Gleitf\u00e4higkeit entwickeln. Das gespiegelte Doppel-C-Band vermittelt das Gef\u00fchl, das Becken beim Schwimmen anzuheben, und bietet einen gro\u00dfen Bewegungsspielraum.<\/p>\n","protected":false},"excerpt":{"rendered":"<p>Akron<br \/>\nRace Suit<\/p>\n","protected":false},"featured_media":43968,"template":"","meta":[],"product_brand":[],"product_cat":[838],"product_tag":[],"class_list":{"0":"post-21347","1":"product","2":"type-product","3":"status-publish","4":"has-post-thumbnail","6":"product_cat-wettkamphosen","7":"pa_akron_cm-18-000-waist-66-70-hip-83-87-de","8":"pa_akron_cm-26-2-waist-82-86-hip-99-103-de","9":"pa_brand-akron-de","11":"first","12":"instock","13":"sale","14":"shipping-taxable","15":"purchasable","16":"product-type-variable"},"_links":{"self":[{"href":"https:\/\/espacetriathlon.com\/de\/wp-json\/wp\/v2\/product\/21347","targetHints":{"allow":["GET"]}}],"collection":[{"href":"https:\/\/espacetriathlon.com\/de\/wp-json\/wp\/v2\/product"}],"about":[{"href":"https:\/\/espacetriathlon.com\/de\/wp-json\/wp\/v2\/types\/product"}],"version-history":[{"count":6,"href":"https:\/\/espacetriathlon.com\/de\/wp-json\/wp\/v2\/product\/21347\/revisions"}],"predecessor-version":[{"id":43972,"href":"https:\/\/espacetriathlon.com\/de\/wp-json\/wp\/v2\/product\/21347\/revisions\/43972"}],"wp:featuredmedia":[{"embeddable":true,"href":"https:\/\/espacetriathlon.com\/de\/wp-json\/wp\/v2\/media\/43968"}],"wp:attachment":[{"href":"https:\/\/espacetriathlon.com\/de\/wp-json\/wp\/v2\/media?parent=21347"}],"wp:term":[{"taxonomy":"product_brand","embeddable":true,"href":"https:\/\/espacetriathlon.com\/de\/wp-json\/wp\/v2\/product_brand?post=21347"},{"taxonomy":"product_cat","embeddable":true,"href":"https:\/\/espacetriathlon.com\/de\/wp-json\/wp\/v2\/product_cat?post=21347"},{"taxonomy":"product_tag","embeddable":true,"href":"https:\/\/espacetriathlon.com\/de\/wp-json\/wp\/v2\/product_tag?post=21347"}],"curies":[{"name":"wp","href":"https:\/\/api.w.org\/{rel}","templated":true}]}}