{"id":2140,"date":"2020-11-11T14:41:32","date_gmt":"2020-11-11T14:41:32","guid":{"rendered":"https:\/\/espacetriathlon.com\/product\/neoprene-swim-hat\/"},"modified":"2026-03-29T09:38:34","modified_gmt":"2026-03-29T09:38:34","slug":"neoprene-swim-hat","status":"publish","type":"product","link":"https:\/\/espacetriathlon.com\/de\/product\/neoprene-swim-hat\/","title":{"rendered":"Neoprene Swim Hat"},"content":{"rendered":"<p>Die Schwimmm\u00fctze aus 2.5mm-Neopren ist perfekt zum Erhalt der W\u00e4rme am Kopf h\u00e4lt Sie im Wasser l\u00e4nger warm. Der Klettstreifen an der R\u00fcckseite der Kappe sorgt f\u00fcr perfekten Sitz.<\/p>\n","protected":false},"excerpt":{"rendered":"<p>Orca<\/p>\n<p>Die Schwimmm\u00fctze aus 2.5mm-Neopren ist perfekt zum Erhalt der W\u00e4rme am Kopf h\u00e4lt Sie im Wasser l\u00e4nger warm. Der Klettstreifen an der R\u00fcckseite der Kappe sorgt f\u00fcr perfekten Sitz.<\/p>\n","protected":false},"featured_media":49319,"template":"","meta":[],"product_brand":[],"product_cat":[271],"product_tag":[],"class_list":{"0":"post-2140","1":"product","2":"type-product","3":"status-publish","4":"has-post-thumbnail","6":"product_cat-openwater-de","7":"product_shipping_class-petitarticle-de","8":"pa_brand-orca-de","9":"pa_size_cap-xxl-de","10":"pa_size_cap-s-m-de","11":"pa_size_cap-l-xl-de","13":"first","14":"instock","15":"shipping-taxable","16":"purchasable","17":"product-type-variable"},"_links":{"self":[{"href":"https:\/\/espacetriathlon.com\/de\/wp-json\/wp\/v2\/product\/2140","targetHints":{"allow":["GET"]}}],"collection":[{"href":"https:\/\/espacetriathlon.com\/de\/wp-json\/wp\/v2\/product"}],"about":[{"href":"https:\/\/espacetriathlon.com\/de\/wp-json\/wp\/v2\/types\/product"}],"version-history":[{"count":2,"href":"https:\/\/espacetriathlon.com\/de\/wp-json\/wp\/v2\/product\/2140\/revisions"}],"predecessor-version":[{"id":36723,"href":"https:\/\/espacetriathlon.com\/de\/wp-json\/wp\/v2\/product\/2140\/revisions\/36723"}],"wp:featuredmedia":[{"embeddable":true,"href":"https:\/\/espacetriathlon.com\/de\/wp-json\/wp\/v2\/media\/49319"}],"wp:attachment":[{"href":"https:\/\/espacetriathlon.com\/de\/wp-json\/wp\/v2\/media?parent=2140"}],"wp:term":[{"taxonomy":"product_brand","embeddable":true,"href":"https:\/\/espacetriathlon.com\/de\/wp-json\/wp\/v2\/product_brand?post=2140"},{"taxonomy":"product_cat","embeddable":true,"href":"https:\/\/espacetriathlon.com\/de\/wp-json\/wp\/v2\/product_cat?post=2140"},{"taxonomy":"product_tag","embeddable":true,"href":"https:\/\/espacetriathlon.com\/de\/wp-json\/wp\/v2\/product_tag?post=2140"}],"curies":[{"name":"wp","href":"https:\/\/api.w.org\/{rel}","templated":true}]}}