{"id":21414,"date":"2023-10-14T10:34:42","date_gmt":"2023-10-14T10:34:42","guid":{"rendered":"https:\/\/espacetriathlon.com\/?post_type=product&#038;p=21414"},"modified":"2024-07-12T06:39:05","modified_gmt":"2024-07-12T06:39:05","slug":"venon-hero-women-closeback-tiffany-dark-blue","status":"publish","type":"product","link":"https:\/\/espacetriathlon.com\/de\/product\/venon-hero-women-closeback-tiffany-dark-blue\/","title":{"rendered":"Venom Hero Women Closeback Tiffany\/Dark blue"},"content":{"rendered":"<p>V = velocity (Geschwindigkeit) \u2013 unser erstes Ziel bei der Entwicklung dieses Produkts: den leistungsst\u00e4rksten Rennanzug aller Zeiten zu schaffen; E = engineering (Technik) \u2013 das Ergebnis der Chorarbeit unserer Forschungs- und Entwicklungsabteilung; N = new (neu) \u2013 neu in seiner Kategorie, neu in seiner Technologie, neu in seinem Design; O = original \u2013 urspr\u00fcnglich von AKRON; M = manufacturing (Herstellung) \u2013 denn 100 % unseres Rennsportsortiments wird stolz in Italien hergestellt. FINA-Zulassung: FINA-Zulassung f\u00fcr nationale und internationale Schwimmwettbewerbe. FINA-zugelassene Schwimmanz\u00fcge haben einen eindeutigen FINA-Barcode, der auf dem Schwimmanzug aufgedruckt ist und ihn f\u00fcr die Schwimmfunktion\u00e4re leicht identifizierbar macht. VENOM wurde f\u00fcr Schnelligkeit entwickelt und repr\u00e4sentiert AKRONs \u201ePremium\u201c-Linie. Die flache, ergonomische Konstruktion der Schwei\u00dfnaht tr\u00e4gt zur schnelleren Regeneration der wichtigsten Muskelgruppen bei und verdoppelt die Kompressionsschichten. Das Design des Au\u00dfenbandes soll die hydrodynamischen Turbulenzen verbessern, das Eindringen von Wasser reduzieren und das Gleiten f\u00f6rdern. Das gespiegelte Doppel-C-Band bietet das Gef\u00fchl, das Becken beim Schwimmen anzuheben, und einen gro\u00dfen Bewegungsspielraum.<\/p>\n<p>\u00dcbersetzt mit www.DeepL.com\/Translator (kostenlose Version)<\/p>\n","protected":false},"excerpt":{"rendered":"<p>Close back<br \/>\nAkron<\/p>\n","protected":false},"featured_media":21441,"template":"","meta":[],"product_brand":[],"product_cat":[838],"product_tag":[],"class_list":{"0":"post-21414","1":"product","2":"type-product","3":"status-publish","4":"has-post-thumbnail","6":"product_cat-wettkamphosen","7":"pa_akron_cw-22-chest-81-85-waist-64-68-hip-85-89-de","8":"pa_akron_cw-24-chest-86-90-waist-69-73-hip-90-94-de","9":"pa_akron_cw-26-chest-91-95-waist-74-78-hip-95-99-de","10":"pa_brand-akron-de","12":"first","13":"instock","14":"sale","15":"shipping-taxable","16":"purchasable","17":"product-type-variable"},"_links":{"self":[{"href":"https:\/\/espacetriathlon.com\/de\/wp-json\/wp\/v2\/product\/21414","targetHints":{"allow":["GET"]}}],"collection":[{"href":"https:\/\/espacetriathlon.com\/de\/wp-json\/wp\/v2\/product"}],"about":[{"href":"https:\/\/espacetriathlon.com\/de\/wp-json\/wp\/v2\/types\/product"}],"version-history":[{"count":3,"href":"https:\/\/espacetriathlon.com\/de\/wp-json\/wp\/v2\/product\/21414\/revisions"}],"predecessor-version":[{"id":36071,"href":"https:\/\/espacetriathlon.com\/de\/wp-json\/wp\/v2\/product\/21414\/revisions\/36071"}],"wp:featuredmedia":[{"embeddable":true,"href":"https:\/\/espacetriathlon.com\/de\/wp-json\/wp\/v2\/media\/21441"}],"wp:attachment":[{"href":"https:\/\/espacetriathlon.com\/de\/wp-json\/wp\/v2\/media?parent=21414"}],"wp:term":[{"taxonomy":"product_brand","embeddable":true,"href":"https:\/\/espacetriathlon.com\/de\/wp-json\/wp\/v2\/product_brand?post=21414"},{"taxonomy":"product_cat","embeddable":true,"href":"https:\/\/espacetriathlon.com\/de\/wp-json\/wp\/v2\/product_cat?post=21414"},{"taxonomy":"product_tag","embeddable":true,"href":"https:\/\/espacetriathlon.com\/de\/wp-json\/wp\/v2\/product_tag?post=21414"}],"curies":[{"name":"wp","href":"https:\/\/api.w.org\/{rel}","templated":true}]}}