{"id":21477,"date":"2023-10-23T10:24:41","date_gmt":"2023-10-23T10:24:41","guid":{"rendered":"https:\/\/espacetriathlon.com\/product\/powerfins-pro\/"},"modified":"2025-02-18T20:47:39","modified_gmt":"2025-02-18T20:47:39","slug":"powerfins-pro","status":"publish","type":"product","link":"https:\/\/espacetriathlon.com\/de\/product\/powerfins-pro\/","title":{"rendered":"powerfins pro II"},"content":{"rendered":"<p>Auf Flossen wie diese haben Freunde des Wassersports gewartet. Das speziell entwickelte Design umfasst neben der schr\u00e4g abfallenden Oberfl\u00e4che auch Schlitze, welche die Dynamik der Flossen beim Einsatz im Wasser entscheidend verbessern. Dies erm\u00f6glicht schnellere Beinbewegungen und mehr Kontrolle \u00fcber den Bewegungsablauf im Wasser. Durch die offene Ferse wird gr\u00f6\u00dftm\u00f6gliche Bewegungsfreiheit f\u00fcr die Kn\u00f6chelpartie gew\u00e4hrleistet, wodurch die Aufw\u00e4rtsbewegung der Beine im Wasser erleichtert wird und die Abw\u00e4rtsbewegung deutlich kraftvoller erfolgen kann.<\/p>\n<p>Durch wenige Minuten t\u00e4gliches Training mit den Powerfin Pros in vertikaler Position kann deine Leistungsf\u00e4higkeit unter Wasser deutlich gesteigert werden. Die in vertikaler Lage ausgef\u00fchrten Trainingseinheiten zur Erh\u00f6hung der Kraft deiner Beinmuskeln k\u00f6nnen dir mehr Kontrolle \u00fcber deine K\u00f6rperspannung verleihen und den Schwung der Auf- und Abw\u00e4rtsbewegungen deiner Beine beim Schwimmen erh\u00f6hen.<\/p>\n","protected":false},"excerpt":{"rendered":"<p>Hydrodynamische Schlitze Offene Ferse Unterk\u00f6rper<\/p>\n","protected":false},"featured_media":21474,"template":"","meta":[],"product_brand":[],"product_cat":[292],"product_tag":[],"class_list":{"0":"post-21477","1":"product","2":"type-product","3":"status-publish","4":"has-post-thumbnail","6":"product_cat-training-aid-de","7":"pa_brand-arena-de-2","8":"pa_size_arena-36-37-de","9":"pa_size_arena-38-39-de","10":"pa_size_arena-40-41-de","11":"pa_size_arena-42-43-de","12":"pa_size_arena-44-45-de","13":"pa_size_arena-46-47-de","15":"first","16":"instock","17":"sale","18":"shipping-taxable","19":"purchasable","20":"product-type-variable"},"_links":{"self":[{"href":"https:\/\/espacetriathlon.com\/de\/wp-json\/wp\/v2\/product\/21477","targetHints":{"allow":["GET"]}}],"collection":[{"href":"https:\/\/espacetriathlon.com\/de\/wp-json\/wp\/v2\/product"}],"about":[{"href":"https:\/\/espacetriathlon.com\/de\/wp-json\/wp\/v2\/types\/product"}],"version-history":[{"count":4,"href":"https:\/\/espacetriathlon.com\/de\/wp-json\/wp\/v2\/product\/21477\/revisions"}],"predecessor-version":[{"id":42091,"href":"https:\/\/espacetriathlon.com\/de\/wp-json\/wp\/v2\/product\/21477\/revisions\/42091"}],"wp:featuredmedia":[{"embeddable":true,"href":"https:\/\/espacetriathlon.com\/de\/wp-json\/wp\/v2\/media\/21474"}],"wp:attachment":[{"href":"https:\/\/espacetriathlon.com\/de\/wp-json\/wp\/v2\/media?parent=21477"}],"wp:term":[{"taxonomy":"product_brand","embeddable":true,"href":"https:\/\/espacetriathlon.com\/de\/wp-json\/wp\/v2\/product_brand?post=21477"},{"taxonomy":"product_cat","embeddable":true,"href":"https:\/\/espacetriathlon.com\/de\/wp-json\/wp\/v2\/product_cat?post=21477"},{"taxonomy":"product_tag","embeddable":true,"href":"https:\/\/espacetriathlon.com\/de\/wp-json\/wp\/v2\/product_tag?post=21477"}],"curies":[{"name":"wp","href":"https:\/\/api.w.org\/{rel}","templated":true}]}}