{"id":2156,"date":"2020-11-11T14:55:40","date_gmt":"2020-11-11T14:55:40","guid":{"rendered":"https:\/\/espacetriathlon.com\/product\/neoprene-toe-cover\/"},"modified":"2024-10-21T08:36:54","modified_gmt":"2024-10-21T08:36:54","slug":"neoprene-toe-cover","status":"publish","type":"product","link":"https:\/\/espacetriathlon.com\/de\/product\/neoprene-toe-cover\/","title":{"rendered":"Neoprene Toe Cover"},"content":{"rendered":"<p>Schutz der F\u00fc\u00dfe gegen K\u00e4lte und N\u00e4sse beim Radpart.<\/p>\n","protected":false},"excerpt":{"rendered":"<p>Schutz der F\u00fc\u00dfe gegen K\u00e4lte und N\u00e4sse beim Radpart.<\/p>\n<p>Gr\u00f6sse L\/XL<\/p>\n","protected":false},"featured_media":49326,"template":"","meta":[],"product_brand":[],"product_cat":[1712,319],"product_tag":[],"class_list":{"0":"post-2156","1":"product","2":"type-product","3":"status-publish","4":"has-post-thumbnail","6":"product_cat-accessories-tri-de-2","7":"product_cat-bike-de","8":"pa_brand-orca-de","9":"pa_size_cap-l-xl-de","11":"first","12":"instock","13":"sale","14":"shipping-taxable","15":"purchasable","16":"product-type-simple"},"_links":{"self":[{"href":"https:\/\/espacetriathlon.com\/de\/wp-json\/wp\/v2\/product\/2156","targetHints":{"allow":["GET"]}}],"collection":[{"href":"https:\/\/espacetriathlon.com\/de\/wp-json\/wp\/v2\/product"}],"about":[{"href":"https:\/\/espacetriathlon.com\/de\/wp-json\/wp\/v2\/types\/product"}],"version-history":[{"count":3,"href":"https:\/\/espacetriathlon.com\/de\/wp-json\/wp\/v2\/product\/2156\/revisions"}],"predecessor-version":[{"id":41571,"href":"https:\/\/espacetriathlon.com\/de\/wp-json\/wp\/v2\/product\/2156\/revisions\/41571"}],"wp:featuredmedia":[{"embeddable":true,"href":"https:\/\/espacetriathlon.com\/de\/wp-json\/wp\/v2\/media\/49326"}],"wp:attachment":[{"href":"https:\/\/espacetriathlon.com\/de\/wp-json\/wp\/v2\/media?parent=2156"}],"wp:term":[{"taxonomy":"product_brand","embeddable":true,"href":"https:\/\/espacetriathlon.com\/de\/wp-json\/wp\/v2\/product_brand?post=2156"},{"taxonomy":"product_cat","embeddable":true,"href":"https:\/\/espacetriathlon.com\/de\/wp-json\/wp\/v2\/product_cat?post=2156"},{"taxonomy":"product_tag","embeddable":true,"href":"https:\/\/espacetriathlon.com\/de\/wp-json\/wp\/v2\/product_tag?post=2156"}],"curies":[{"name":"wp","href":"https:\/\/api.w.org\/{rel}","templated":true}]}}