{"id":21646,"date":"2023-11-28T16:39:15","date_gmt":"2023-11-28T16:39:15","guid":{"rendered":"https:\/\/espacetriathlon.com\/product\/fastskin-kickfin\/"},"modified":"2024-07-12T06:25:49","modified_gmt":"2024-07-12T06:25:49","slug":"fastskin-kickfin","status":"publish","type":"product","link":"https:\/\/espacetriathlon.com\/de\/product\/fastskin-kickfin\/","title":{"rendered":"Fastskin Kickfin"},"content":{"rendered":"<p>Diese Schwimmflossen f\u00fcr Kinder wurden mit 3D-Technologie f\u00fcr die Fu\u00dfform entwickelt, die eine gute Passform und Komfort garantiert. Die Materialien aus Polypropylen und thermoplastischem Gummi bieten einen hervorragenden Grip und das Profilmuster verbessert die Leistung bei Kurvenfahrten.<\/p>\n<p>Dieses Doppelmaterial bietet St\u00e4rke und Flexibilit\u00e4t beim Treten und f\u00fchlt sich 40% leichter an als andere Speedo-Tauchflossen . Die Doppelschienenbl\u00e4tter sorgen f\u00fcr Kraft und Antrieb im Wasser. Wissenschaftlich optimiertes Tempotraining f\u00fcr Leistungsschwimmer. Clever trainieren ist genauso wichtig wie intensiv trainieren. Das Speedo Aqualab hat gemeinsam mit den Weltklassesportlern vom Team Speedo eine Reihe von ergonomischen Fastskin Schwimmhilfen entwickelt, die aus den besten Materialien bestehen und auf schwimmwissenschaftlichen Erkenntnissen beruhen. Die Fastskin Kickflossen erh\u00f6hen den Wasserwiderstand, damit Deine Beine mehr und schneller arbeiten m\u00fcssen.<\/p>\n<p>Merkmale:<\/p>\n<p>\u2013 Ergonomisch und bequem mit 3D Flex Foot Scan-Technologie f\u00fcr perfekten Sitz<br \/>\n\u2013 K\u00fcrzeres Blatt f\u00fcr schnellere Beinschl\u00e4ge und mehr Kraft im Wasser<br \/>\n\u2013 Leicht<\/p>\n","protected":false},"excerpt":{"rendered":"<p>Die Speedo Fastskin Kickfin Flossen bieten Ihnen Kraft, schnelle Tritte, Leichtigkeit, Flexibilit\u00e4t und exzellenten Grip w\u00e4hrend Ihrer Schwimmstunden , damit Sie Ihre Leistung verbessern k\u00f6nnen.<\/p>\n","protected":false},"featured_media":21628,"template":"","meta":[],"product_brand":[],"product_cat":[2196,292],"product_tag":[],"class_list":{"0":"post-21646","1":"product","2":"type-product","3":"status-publish","4":"has-post-thumbnail","6":"product_cat-sales-de","7":"product_cat-training-aid-de","8":"pa_brand-speedo-de","9":"pa_size_fins_speedo-36-37-de","10":"pa_size_fins_speedo-38-39-de-2","11":"pa_size_fins_speedo-40-42-de","12":"pa_size_fins_speedo-43-44-de","13":"pa_size_fins_speedo-45-47-de","15":"first","16":"instock","17":"sale","18":"shipping-taxable","19":"purchasable","20":"product-type-variable"},"_links":{"self":[{"href":"https:\/\/espacetriathlon.com\/de\/wp-json\/wp\/v2\/product\/21646","targetHints":{"allow":["GET"]}}],"collection":[{"href":"https:\/\/espacetriathlon.com\/de\/wp-json\/wp\/v2\/product"}],"about":[{"href":"https:\/\/espacetriathlon.com\/de\/wp-json\/wp\/v2\/types\/product"}],"version-history":[{"count":3,"href":"https:\/\/espacetriathlon.com\/de\/wp-json\/wp\/v2\/product\/21646\/revisions"}],"predecessor-version":[{"id":36042,"href":"https:\/\/espacetriathlon.com\/de\/wp-json\/wp\/v2\/product\/21646\/revisions\/36042"}],"wp:featuredmedia":[{"embeddable":true,"href":"https:\/\/espacetriathlon.com\/de\/wp-json\/wp\/v2\/media\/21628"}],"wp:attachment":[{"href":"https:\/\/espacetriathlon.com\/de\/wp-json\/wp\/v2\/media?parent=21646"}],"wp:term":[{"taxonomy":"product_brand","embeddable":true,"href":"https:\/\/espacetriathlon.com\/de\/wp-json\/wp\/v2\/product_brand?post=21646"},{"taxonomy":"product_cat","embeddable":true,"href":"https:\/\/espacetriathlon.com\/de\/wp-json\/wp\/v2\/product_cat?post=21646"},{"taxonomy":"product_tag","embeddable":true,"href":"https:\/\/espacetriathlon.com\/de\/wp-json\/wp\/v2\/product_tag?post=21646"}],"curies":[{"name":"wp","href":"https:\/\/api.w.org\/{rel}","templated":true}]}}