{"id":22013,"date":"2024-01-09T08:14:50","date_gmt":"2024-01-09T08:14:50","guid":{"rendered":"https:\/\/espacetriathlon.com\/product\/vortex-evolution-paddle\/"},"modified":"2024-07-12T05:54:14","modified_gmt":"2024-07-12T05:54:14","slug":"vortex-evolution-paddle","status":"publish","type":"product","link":"https:\/\/espacetriathlon.com\/de\/product\/vortex-evolution-paddle\/","title":{"rendered":"Vortex Evolution Paddle"},"content":{"rendered":"<p>\u2013 Bequeme, ergonomische Hand Paddels f\u00fcr das Kraft- und Techniktraining<br \/>\n\u2013 Erh\u00f6hter Wasserwiderstand, gelochte Fl\u00e4che f\u00fcr optimales Wassergef\u00fchl<br \/>\n\u2013 Strategisch platzierte und verstellbare Gummib\u00e4nder f\u00fcr hohen und flexiblen Tragekomfort, PVC frei<br \/>\n\u2013 Ideal f\u00fcr Wettkampfschwimmer<\/p>\n","protected":false},"excerpt":{"rendered":"<p>Dieses besondere Produkt von arena unterst\u00fctzt erfahrene Schwimmer auch bei au\u00dfergew\u00f6hnlich harten Trainingseinheiten.Das Besondere an diesen Paddeln ist die ergonomisch gew\u00f6lbte Form, die einen nat\u00fcrlichen, sicheren und bequemen Griff unterst\u00fctzt.<\/p>\n","protected":false},"featured_media":22029,"template":"","meta":[],"product_brand":[],"product_cat":[286],"product_tag":[],"class_list":{"0":"post-22013","1":"product","2":"type-product","3":"status-publish","4":"has-post-thumbnail","6":"product_cat-paddles-de","7":"pa_brand-arena-de-2","8":"pa_color_n-green-de","9":"pa_color_n-plum-de","10":"pa_size-m-de","11":"pa_size-l-de","13":"first","14":"instock","15":"sale","16":"shipping-taxable","17":"purchasable","18":"product-type-variable"},"_links":{"self":[{"href":"https:\/\/espacetriathlon.com\/de\/wp-json\/wp\/v2\/product\/22013","targetHints":{"allow":["GET"]}}],"collection":[{"href":"https:\/\/espacetriathlon.com\/de\/wp-json\/wp\/v2\/product"}],"about":[{"href":"https:\/\/espacetriathlon.com\/de\/wp-json\/wp\/v2\/types\/product"}],"version-history":[{"count":3,"href":"https:\/\/espacetriathlon.com\/de\/wp-json\/wp\/v2\/product\/22013\/revisions"}],"predecessor-version":[{"id":35995,"href":"https:\/\/espacetriathlon.com\/de\/wp-json\/wp\/v2\/product\/22013\/revisions\/35995"}],"wp:featuredmedia":[{"embeddable":true,"href":"https:\/\/espacetriathlon.com\/de\/wp-json\/wp\/v2\/media\/22029"}],"wp:attachment":[{"href":"https:\/\/espacetriathlon.com\/de\/wp-json\/wp\/v2\/media?parent=22013"}],"wp:term":[{"taxonomy":"product_brand","embeddable":true,"href":"https:\/\/espacetriathlon.com\/de\/wp-json\/wp\/v2\/product_brand?post=22013"},{"taxonomy":"product_cat","embeddable":true,"href":"https:\/\/espacetriathlon.com\/de\/wp-json\/wp\/v2\/product_cat?post=22013"},{"taxonomy":"product_tag","embeddable":true,"href":"https:\/\/espacetriathlon.com\/de\/wp-json\/wp\/v2\/product_tag?post=22013"}],"curies":[{"name":"wp","href":"https:\/\/api.w.org\/{rel}","templated":true}]}}