{"id":22153,"date":"2024-01-20T10:18:23","date_gmt":"2024-01-20T10:18:23","guid":{"rendered":"https:\/\/espacetriathlon.com\/product\/thermal-parka\/"},"modified":"2026-01-09T17:20:58","modified_gmt":"2026-01-09T17:20:58","slug":"thermal-parka","status":"publish","type":"product","link":"https:\/\/espacetriathlon.com\/de\/product\/thermal-parka\/","title":{"rendered":"Thermal Parka"},"content":{"rendered":"<p>Komfort<\/p>\n<p>Das kuschelige Innentextil h\u00e4lt die K\u00f6rperw\u00e4rme f\u00fcr eine optimale W\u00e4rmeisolierung.<br \/>\nIsolierung und Widerstand<\/p>\n<p>Das wasserdichte Au\u00dfentextil sch\u00fctzt vor Wind und Regen, damit du trocken und warm trainieren kannst. Au\u00dferdem ist das Material hochgradig abriebfest, was die Haltbarkeit des Kleidungsst\u00fccks optimiert.<\/p>\n<p>Der Parka verf\u00fcgt \u00fcber zwei Au\u00dfentaschen mit wasserdichten Rei\u00dfverschl\u00fcssen und eine Innentasche, um Ihre Ausr\u00fcstung zu sch\u00fctzen und griffbereit zu halten.<\/p>\n","protected":false},"excerpt":{"rendered":"<p>Dieser halbhohe, wasserdichte Parka mit integriertem Fleecefutter h\u00e4lt Sie vor und nach dem Training und Wettkampf bei kaltem Wetter warm. Sein winddichtes Obermaterial h\u00e4lt kalte Luft ab, w\u00e4hrend das Fleecefutter die Speicherung der K\u00f6rperw\u00e4rme optimiert.<\/p>\n","protected":false},"featured_media":22139,"template":"","meta":[],"product_brand":[],"product_cat":[1712,271,280],"product_tag":[],"class_list":{"0":"post-22153","1":"product","2":"type-product","3":"status-publish","4":"has-post-thumbnail","6":"product_cat-accessories-tri-de-2","7":"product_cat-openwater-de","8":"product_cat-accessories-swims-de","9":"pa_brand-orca-de","10":"pa_size-s-de","11":"pa_size-m-de","12":"pa_size-l-de","14":"first","15":"instock","16":"shipping-taxable","17":"purchasable","18":"product-type-variable"},"_links":{"self":[{"href":"https:\/\/espacetriathlon.com\/de\/wp-json\/wp\/v2\/product\/22153","targetHints":{"allow":["GET"]}}],"collection":[{"href":"https:\/\/espacetriathlon.com\/de\/wp-json\/wp\/v2\/product"}],"about":[{"href":"https:\/\/espacetriathlon.com\/de\/wp-json\/wp\/v2\/types\/product"}],"version-history":[{"count":4,"href":"https:\/\/espacetriathlon.com\/de\/wp-json\/wp\/v2\/product\/22153\/revisions"}],"predecessor-version":[{"id":35980,"href":"https:\/\/espacetriathlon.com\/de\/wp-json\/wp\/v2\/product\/22153\/revisions\/35980"}],"wp:featuredmedia":[{"embeddable":true,"href":"https:\/\/espacetriathlon.com\/de\/wp-json\/wp\/v2\/media\/22139"}],"wp:attachment":[{"href":"https:\/\/espacetriathlon.com\/de\/wp-json\/wp\/v2\/media?parent=22153"}],"wp:term":[{"taxonomy":"product_brand","embeddable":true,"href":"https:\/\/espacetriathlon.com\/de\/wp-json\/wp\/v2\/product_brand?post=22153"},{"taxonomy":"product_cat","embeddable":true,"href":"https:\/\/espacetriathlon.com\/de\/wp-json\/wp\/v2\/product_cat?post=22153"},{"taxonomy":"product_tag","embeddable":true,"href":"https:\/\/espacetriathlon.com\/de\/wp-json\/wp\/v2\/product_tag?post=22153"}],"curies":[{"name":"wp","href":"https:\/\/api.w.org\/{rel}","templated":true}]}}