{"id":2346,"date":"2020-11-13T12:34:38","date_gmt":"2020-11-13T12:34:38","guid":{"rendered":"https:\/\/espacetriathlon.com\/product\/hydrixir-antioxydant\/"},"modified":"2024-07-22T09:46:18","modified_gmt":"2024-07-22T09:46:18","slug":"hydrixir-antioxydant","status":"publish","type":"product","link":"https:\/\/espacetriathlon.com\/de\/product\/hydrixir-antioxydant\/","title":{"rendered":"Hydrixir Antioxydant"},"content":{"rendered":"<p>Das ANTIOX HYDRIXIR-ENERGIE-GETR\u00c4NK wurde speziell entwickelt, um eine optimale Hydratation und die notwendige Energie zu liefern, um Ihre Leistung w\u00e4hrend der gesamten Anstrengung aufrechtzuerhalten. Isotonisch, frei von Konservierungsstoffen und S\u00e4uren, ist es perfekt vertr\u00e4glich.<\/p>\n","protected":false},"excerpt":{"rendered":"<p>Overstims<\/p>\n<p>600 g.<\/p>\n<p>Das ANTIOX HYDRIXIR-ENERGIE-GETR\u00c4NK wurde speziell entwickelt, um eine optimale Hydratation und die notwendige Energie zu liefern, um Ihre Leistung w\u00e4hrend der gesamten Anstrengung aufrechtzuerhalten. Isotonisch, frei von Konservierungsstoffen und S\u00e4uren, ist es perfekt vertr\u00e4glich.<\/p>\n","protected":false},"featured_media":49347,"template":"","meta":[],"product_brand":[],"product_cat":[298],"product_tag":[],"class_list":{"0":"post-2346","1":"product","2":"type-product","3":"status-publish","4":"has-post-thumbnail","6":"product_cat-food-de","7":"pa_brand-overstims-de","8":"pa_taste-lemond-lime-de","9":"pa_taste-orange-mango-de","11":"first","12":"instock","13":"shipping-taxable","14":"purchasable","15":"product-type-variable"},"_links":{"self":[{"href":"https:\/\/espacetriathlon.com\/de\/wp-json\/wp\/v2\/product\/2346","targetHints":{"allow":["GET"]}}],"collection":[{"href":"https:\/\/espacetriathlon.com\/de\/wp-json\/wp\/v2\/product"}],"about":[{"href":"https:\/\/espacetriathlon.com\/de\/wp-json\/wp\/v2\/types\/product"}],"version-history":[{"count":3,"href":"https:\/\/espacetriathlon.com\/de\/wp-json\/wp\/v2\/product\/2346\/revisions"}],"predecessor-version":[{"id":38223,"href":"https:\/\/espacetriathlon.com\/de\/wp-json\/wp\/v2\/product\/2346\/revisions\/38223"}],"wp:featuredmedia":[{"embeddable":true,"href":"https:\/\/espacetriathlon.com\/de\/wp-json\/wp\/v2\/media\/49347"}],"wp:attachment":[{"href":"https:\/\/espacetriathlon.com\/de\/wp-json\/wp\/v2\/media?parent=2346"}],"wp:term":[{"taxonomy":"product_brand","embeddable":true,"href":"https:\/\/espacetriathlon.com\/de\/wp-json\/wp\/v2\/product_brand?post=2346"},{"taxonomy":"product_cat","embeddable":true,"href":"https:\/\/espacetriathlon.com\/de\/wp-json\/wp\/v2\/product_cat?post=2346"},{"taxonomy":"product_tag","embeddable":true,"href":"https:\/\/espacetriathlon.com\/de\/wp-json\/wp\/v2\/product_tag?post=2346"}],"curies":[{"name":"wp","href":"https:\/\/api.w.org\/{rel}","templated":true}]}}