{"id":23464,"date":"2024-03-09T09:39:37","date_gmt":"2024-03-09T09:39:37","guid":{"rendered":"https:\/\/espacetriathlon.com\/?post_type=product&#038;p=23464"},"modified":"2025-01-26T15:05:54","modified_gmt":"2025-01-26T15:05:54","slug":"women-vitalis-breast-stroke","status":"publish","type":"product","link":"https:\/\/espacetriathlon.com\/de\/product\/women-vitalis-breast-stroke\/","title":{"rendered":"Women Vitalis Breast Stroke"},"content":{"rendered":"<p>Der Vitalis Breast Stroke ist der erste Wetsuit von Orca, der speziell f\u00fcr das Brustschwimmen entwickelt wurde. Dank seines besonderen Schnitts, ist er hervorragend f\u00fcr die spezifischen Bewegungsabl\u00e4ufe dieses Schwimmstils geeignet. Au\u00dferdem bewirkt die ausgekl\u00fcgelte Verteilung der Materialst\u00e4rke, dass die Beine beim Schwimmen nicht \u00fcberm\u00e4\u00dfig angehoben werden und die Wasserlage somit nicht beeintr\u00e4chtigt wird. Der Anzug besteht aus hochelastischen Materialien, wie beispielsweise Yamamoto 39 FS, wodurch Schwimmende maximale Flexibilit\u00e4t und ein Gef\u00fchl v\u00f6lliger Freiheit genie\u00dfen.<\/p>\n","protected":false},"excerpt":{"rendered":"<p>Freiwasser-Neoprenanzug f\u00fcr Brustschwimmer*innen<\/p>\n","protected":false},"featured_media":23489,"template":"","meta":[],"product_brand":[],"product_cat":[271],"product_tag":[],"class_list":{"0":"post-23464","1":"product","2":"type-product","3":"status-publish","4":"has-post-thumbnail","6":"product_cat-openwater-de","7":"pa_brand-orca-de","8":"pa_taille-orca-f-xs-144-160cm-46-53kg-de","9":"pa_taille-orca-f-s-157-167cm-54-61kg-de","10":"pa_taille-orca-f-m-165-177cm-60-67kg-de","11":"pa_taille-orca-f-l-170-185cm-66-74kg-de","12":"pa_taille-orca-f-xl-177-189cm-73-79kg-de","14":"first","15":"instock","16":"shipping-taxable","17":"purchasable","18":"product-type-variable"},"_links":{"self":[{"href":"https:\/\/espacetriathlon.com\/de\/wp-json\/wp\/v2\/product\/23464","targetHints":{"allow":["GET"]}}],"collection":[{"href":"https:\/\/espacetriathlon.com\/de\/wp-json\/wp\/v2\/product"}],"about":[{"href":"https:\/\/espacetriathlon.com\/de\/wp-json\/wp\/v2\/types\/product"}],"version-history":[{"count":3,"href":"https:\/\/espacetriathlon.com\/de\/wp-json\/wp\/v2\/product\/23464\/revisions"}],"predecessor-version":[{"id":35925,"href":"https:\/\/espacetriathlon.com\/de\/wp-json\/wp\/v2\/product\/23464\/revisions\/35925"}],"wp:featuredmedia":[{"embeddable":true,"href":"https:\/\/espacetriathlon.com\/de\/wp-json\/wp\/v2\/media\/23489"}],"wp:attachment":[{"href":"https:\/\/espacetriathlon.com\/de\/wp-json\/wp\/v2\/media?parent=23464"}],"wp:term":[{"taxonomy":"product_brand","embeddable":true,"href":"https:\/\/espacetriathlon.com\/de\/wp-json\/wp\/v2\/product_brand?post=23464"},{"taxonomy":"product_cat","embeddable":true,"href":"https:\/\/espacetriathlon.com\/de\/wp-json\/wp\/v2\/product_cat?post=23464"},{"taxonomy":"product_tag","embeddable":true,"href":"https:\/\/espacetriathlon.com\/de\/wp-json\/wp\/v2\/product_tag?post=23464"}],"curies":[{"name":"wp","href":"https:\/\/api.w.org\/{rel}","templated":true}]}}