{"id":25127,"date":"2024-03-16T13:22:01","date_gmt":"2024-03-16T13:22:01","guid":{"rendered":"https:\/\/espacetriathlon.com\/product\/smart-google-max-kit\/"},"modified":"2025-12-25T16:24:23","modified_gmt":"2025-12-25T16:24:23","slug":"smart-google-max-kit","status":"publish","type":"product","link":"https:\/\/espacetriathlon.com\/de\/product\/smart-google-max-kit\/","title":{"rendered":"Smart Goggle Max Kit"},"content":{"rendered":"<p>DIGITALES DISPLAY: Auf dem digitalen Display sehen Schwimmer auf einen Blick die laufende Uhr, die Anzahl der Runden, Splits, die Schlagfrequenz und vieles mehr. Dank der anpassbaren Ansichten k\u00f6nnen Schwimmer die Anzeige per In-App-Kauf an ihre optischen Bed\u00fcrfnisse anpassen.<br \/>\nGOGGLE DESIGN: Das komfortable Brillendesign verf\u00fcgt \u00fcber einen gro\u00dfen Rahmen f\u00fcr ein breiteres Sichtfeld und weiche Dichtungen f\u00fcr einen auslaufsicheren Sitz. Clips auf jeder Seite erm\u00f6glichen eine einfache Anpassung. Bietet Anti-Beschlag und UV-Schutz; latexfrei.<br \/>\nCIYE\u2122 APP: Mit der Ciye\u2122 App k\u00f6nnen Sie detaillierte Trainingsdetails einsehen, die Anzeige Ihres Smart Coaches anpassen, Ihre Trainingseinheiten mit Freunden teilen und sich mit beliebten Fitness-Apps wie Apple Health, Strava und Swim.com synchronisieren. Erh\u00e4ltlich \u00fcber den Apple Store oder Google Play.<br \/>\nIN DER KISTE: Dieses Kit enth\u00e4lt: Schwimmbrille, Smart Coach-Modul, magnetisches USB-Ladekabel, vier austauschbare Nasenbr\u00fccken und ein weiches Trageetui.<br \/>\nAUSTAUSCHBARE BRILLE: Zerkratztes Glas? Zerbrochene Schutzbrille? Kein Problem! Die digitale Anzeige des Smart Coach l\u00e4sst sich einfach zwischen den Brillen austauschen.<\/p>\n","protected":false},"excerpt":{"rendered":"<p>Die neue Smart Goggle Max ist eine Schwimmbrille im Freiwasser-Stil f\u00fcr Triathleten und Fitness-Schwimmer. Die Smart Goggle Max wurde entwickelt, um Schwimmern dabei zu helfen, ihre Fitnessziele zu erreichen und sich zu verbessern. Das Display in der Brille und der Aktivit\u00e4ts-Tracker von CIYE\u2122 geben Echtzeit-Feedback, damit du deine Distanz und Zeit verfolgen und das Beste aus deinem Schwimmen herausholen kannst. Sobald Sie aus dem Wasser sind, bietet die App eine detaillierte Analyse Ihrer Trainingseinheiten, protokolliert Ihren Verlauf und erm\u00f6glicht es Ihnen, sich mit Freunden und Fitness-Apps zu verbinden.<\/p>\n","protected":false},"featured_media":59779,"template":"","meta":[],"product_brand":[],"product_cat":[1712,283],"product_tag":[],"class_list":{"0":"post-25127","1":"product","2":"type-product","3":"status-publish","4":"has-post-thumbnail","6":"product_cat-accessories-tri-de-2","7":"product_cat-goggles-de","8":"pa_brand-finis-de","9":"pa_color_n-black-de","10":"pa_color_n-blue-de","11":"pa_color_n-white-de","13":"first","14":"instock","15":"sale","16":"shipping-taxable","17":"purchasable","18":"product-type-variable"},"_links":{"self":[{"href":"https:\/\/espacetriathlon.com\/de\/wp-json\/wp\/v2\/product\/25127","targetHints":{"allow":["GET"]}}],"collection":[{"href":"https:\/\/espacetriathlon.com\/de\/wp-json\/wp\/v2\/product"}],"about":[{"href":"https:\/\/espacetriathlon.com\/de\/wp-json\/wp\/v2\/types\/product"}],"version-history":[{"count":4,"href":"https:\/\/espacetriathlon.com\/de\/wp-json\/wp\/v2\/product\/25127\/revisions"}],"predecessor-version":[{"id":56788,"href":"https:\/\/espacetriathlon.com\/de\/wp-json\/wp\/v2\/product\/25127\/revisions\/56788"}],"wp:featuredmedia":[{"embeddable":true,"href":"https:\/\/espacetriathlon.com\/de\/wp-json\/wp\/v2\/media\/59779"}],"wp:attachment":[{"href":"https:\/\/espacetriathlon.com\/de\/wp-json\/wp\/v2\/media?parent=25127"}],"wp:term":[{"taxonomy":"product_brand","embeddable":true,"href":"https:\/\/espacetriathlon.com\/de\/wp-json\/wp\/v2\/product_brand?post=25127"},{"taxonomy":"product_cat","embeddable":true,"href":"https:\/\/espacetriathlon.com\/de\/wp-json\/wp\/v2\/product_cat?post=25127"},{"taxonomy":"product_tag","embeddable":true,"href":"https:\/\/espacetriathlon.com\/de\/wp-json\/wp\/v2\/product_tag?post=25127"}],"curies":[{"name":"wp","href":"https:\/\/api.w.org\/{rel}","templated":true}]}}