{"id":25376,"date":"2024-04-12T10:43:50","date_gmt":"2024-04-12T10:43:50","guid":{"rendered":"https:\/\/espacetriathlon.com\/?post_type=product&#038;p=25376"},"modified":"2024-07-11T11:07:34","modified_gmt":"2024-07-11T11:07:34","slug":"neoprene-jammer","status":"publish","type":"product","link":"https:\/\/espacetriathlon.com\/de\/product\/neoprene-jammer\/","title":{"rendered":"Neoprene Jammer"},"content":{"rendered":"<p>Der Neopren jammer sorgt f\u00fcr maximalen Auftrieb ohne Beeintr\u00e4chtigung der Fu\u00dftechnik. Die Beine werden angehoben und bleiben w\u00e4hrend des Schwimmens in dieser Position. Durch die Stabilisierung des Oberk\u00f6rpers erreichst Du die ideale Schwimmhaltung. Ein weiterer Schritt f\u00fcr die Verbesserung von Technik und Bestzeiten im Wasser.<\/p>\n","protected":false},"excerpt":{"rendered":"<p>Orca<\/p>\n<p>Der Neopren Jammer sorgt f\u00fcr maximalen Auftrieb ohne Beeintr\u00e4chtigung der Fu\u00dftechnik. Die Beine werden angehoben und bleiben w\u00e4hrend des Schwimmens in dieser Position. Durch die Stabilisierung des Oberk\u00f6rpers erreichst Du die ideale Schwimmhaltung. Ein weiterer Schritt f\u00fcr die Verbesserung von Technik und Bestzeiten im Wasser.<\/p>\n","protected":false},"featured_media":25384,"template":"","meta":[],"product_brand":[],"product_cat":[1712],"product_tag":[],"class_list":{"0":"post-25376","1":"product","2":"type-product","3":"status-publish","4":"has-post-thumbnail","6":"product_cat-accessories-tri-de-2","7":"pa_brand-orca-de","8":"pa_size-xs-de","9":"pa_size-s-de","10":"pa_size-m-de","11":"pa_size-l-de","12":"pa_size-xl-de","14":"first","15":"instock","16":"shipping-taxable","17":"purchasable","18":"product-type-variable"},"_links":{"self":[{"href":"https:\/\/espacetriathlon.com\/de\/wp-json\/wp\/v2\/product\/25376","targetHints":{"allow":["GET"]}}],"collection":[{"href":"https:\/\/espacetriathlon.com\/de\/wp-json\/wp\/v2\/product"}],"about":[{"href":"https:\/\/espacetriathlon.com\/de\/wp-json\/wp\/v2\/types\/product"}],"version-history":[{"count":3,"href":"https:\/\/espacetriathlon.com\/de\/wp-json\/wp\/v2\/product\/25376\/revisions"}],"predecessor-version":[{"id":35830,"href":"https:\/\/espacetriathlon.com\/de\/wp-json\/wp\/v2\/product\/25376\/revisions\/35830"}],"wp:featuredmedia":[{"embeddable":true,"href":"https:\/\/espacetriathlon.com\/de\/wp-json\/wp\/v2\/media\/25384"}],"wp:attachment":[{"href":"https:\/\/espacetriathlon.com\/de\/wp-json\/wp\/v2\/media?parent=25376"}],"wp:term":[{"taxonomy":"product_brand","embeddable":true,"href":"https:\/\/espacetriathlon.com\/de\/wp-json\/wp\/v2\/product_brand?post=25376"},{"taxonomy":"product_cat","embeddable":true,"href":"https:\/\/espacetriathlon.com\/de\/wp-json\/wp\/v2\/product_cat?post=25376"},{"taxonomy":"product_tag","embeddable":true,"href":"https:\/\/espacetriathlon.com\/de\/wp-json\/wp\/v2\/product_tag?post=25376"}],"curies":[{"name":"wp","href":"https:\/\/api.w.org\/{rel}","templated":true}]}}