{"id":2541,"date":"2020-11-15T18:13:15","date_gmt":"2020-11-15T18:13:15","guid":{"rendered":"https:\/\/espacetriathlon.com\/product\/powerfin\/"},"modified":"2024-07-15T06:49:47","modified_gmt":"2024-07-15T06:49:47","slug":"powerfin","status":"publish","type":"product","link":"https:\/\/espacetriathlon.com\/de\/product\/powerfin\/","title":{"rendered":"Powerfin"},"content":{"rendered":"<p>Aus dem ambitionierten Schwimmtraining nicht mehr wegzudenken. Mit den Kurzflossen ist trotz gr\u00f6\u00dferem Widerstand eine saubere Arm-Bein-Koordination gew\u00e4hrleistet.<\/p>\n<p>Sie werden vor allem zum Training der Kraftausdauer und der Schnelligkeit eingesetzt. Dar\u00fcberhinaus sind sie ein ausgezeichnetes Hilfsmittel um den Wechselbeinschlag (Kraul &amp; R\u00fccken) technisch sehr viel schneller in den Griff zu bekommen.<\/p>\n<p>Die Arena Powerfins haben ein spitz zulaufendes Blatt und erm\u00f6glichen daher auch das typische einw\u00e4rts Drehen der F\u00fc\u00dfe w\u00e4hrend des Wechsel- und Delphinbeinschlages. Damit kann eine hohe \u00dcbereinstimmung mit der jeweiligen schwimmspezifischen Technik erzielt werden.<\/p>\n<p>Neben der reinen schwimmerischen Komponente sind diese Flossen auch bei Surfern und Schnorchlern sehr beliebt.<\/p>\n","protected":false},"excerpt":{"rendered":"<p>Arena<\/p>\n<p>Aus dem ambitionierten Schwimmtraining nicht mehr wegzudenken. Mit den Kurzflossen ist trotz gr\u00f6\u00dferem Widerstand eine saubere Arm-Bein-Koordination gew\u00e4hrleistet.<\/p>\n","protected":false},"featured_media":49379,"template":"","meta":[],"product_brand":[],"product_cat":[292],"product_tag":[],"class_list":{"0":"post-2541","1":"product","2":"type-product","3":"status-publish","4":"has-post-thumbnail","6":"product_cat-training-aid-de","7":"pa_brand-arena-de-2","8":"pa_size_arena-35-36-de","9":"pa_size_arena-37-38-de","10":"pa_size_arena-39-40-de","11":"pa_size_arena-41-42-de","12":"pa_size_arena-43-44-de","13":"pa_size_arena-45-46-de","15":"first","16":"instock","17":"shipping-taxable","18":"purchasable","19":"product-type-variable"},"_links":{"self":[{"href":"https:\/\/espacetriathlon.com\/de\/wp-json\/wp\/v2\/product\/2541","targetHints":{"allow":["GET"]}}],"collection":[{"href":"https:\/\/espacetriathlon.com\/de\/wp-json\/wp\/v2\/product"}],"about":[{"href":"https:\/\/espacetriathlon.com\/de\/wp-json\/wp\/v2\/types\/product"}],"version-history":[{"count":3,"href":"https:\/\/espacetriathlon.com\/de\/wp-json\/wp\/v2\/product\/2541\/revisions"}],"predecessor-version":[{"id":36601,"href":"https:\/\/espacetriathlon.com\/de\/wp-json\/wp\/v2\/product\/2541\/revisions\/36601"}],"wp:featuredmedia":[{"embeddable":true,"href":"https:\/\/espacetriathlon.com\/de\/wp-json\/wp\/v2\/media\/49379"}],"wp:attachment":[{"href":"https:\/\/espacetriathlon.com\/de\/wp-json\/wp\/v2\/media?parent=2541"}],"wp:term":[{"taxonomy":"product_brand","embeddable":true,"href":"https:\/\/espacetriathlon.com\/de\/wp-json\/wp\/v2\/product_brand?post=2541"},{"taxonomy":"product_cat","embeddable":true,"href":"https:\/\/espacetriathlon.com\/de\/wp-json\/wp\/v2\/product_cat?post=2541"},{"taxonomy":"product_tag","embeddable":true,"href":"https:\/\/espacetriathlon.com\/de\/wp-json\/wp\/v2\/product_tag?post=2541"}],"curies":[{"name":"wp","href":"https:\/\/api.w.org\/{rel}","templated":true}]}}