{"id":25561,"date":"2024-05-06T10:08:55","date_gmt":"2024-05-06T10:08:55","guid":{"rendered":"https:\/\/espacetriathlon.com\/?post_type=product&#038;p=25561"},"modified":"2024-07-17T11:50:39","modified_gmt":"2024-07-17T11:50:39","slug":"hsf800-hydratation-system","status":"publish","type":"product","link":"https:\/\/espacetriathlon.com\/de\/product\/hsf800-hydratation-system\/","title":{"rendered":"HSF800+ Hydratation System"},"content":{"rendered":"<p>BPA-freie HDPE-Flasche ;<br \/>\n\u2013 Fassungsverm\u00f6gen der Flasche: 800 ml ;<br \/>\n\u2013 Zusammensetzung des Flaschenhalters: Eingespritztes Nylon \/ Glasfaser.<br \/>\n\u2013 Montageh\u00f6he: 10 mm ;<br \/>\n\u2013 R\u00fccksprung: 30 mm ;<br \/>\n\u2013 Maximale Montagebreite:<\/p>\n","protected":false},"excerpt":{"rendered":"<p>Das PROFILE DESIGN AERO HSF\/800+ Trinksystem mit seinem neuen Design wurde entwickelt, um alle wichtigen Funktionen eines Flaschenhaltersystems am Lenker zu integrieren.<\/p>\n<p>Dieses Trinksystem bietet einen flexiblen Schlauch mit einem Bei\u00dfst\u00fcck und einer magnetischen Halterung f\u00fcr sicheren Halt. Au\u00dferdem verf\u00fcgt es \u00fcber eine abnehmbare Garmin-Halterung am Flaschenhalter, damit Sie seine Daten w\u00e4hrend Ihres Zeitfahrens immer im Blick haben.<\/p>\n","protected":false},"featured_media":25575,"template":"","meta":[],"product_brand":[],"product_cat":[1712,319],"product_tag":[],"class_list":{"0":"post-25561","1":"product","2":"type-product","3":"status-publish","4":"has-post-thumbnail","6":"product_cat-accessories-tri-de-2","7":"product_cat-bike-de","8":"pa_brand-profile-design-de","10":"first","11":"outofstock","12":"shipping-taxable","13":"purchasable","14":"product-type-simple"},"_links":{"self":[{"href":"https:\/\/espacetriathlon.com\/de\/wp-json\/wp\/v2\/product\/25561","targetHints":{"allow":["GET"]}}],"collection":[{"href":"https:\/\/espacetriathlon.com\/de\/wp-json\/wp\/v2\/product"}],"about":[{"href":"https:\/\/espacetriathlon.com\/de\/wp-json\/wp\/v2\/types\/product"}],"version-history":[{"count":4,"href":"https:\/\/espacetriathlon.com\/de\/wp-json\/wp\/v2\/product\/25561\/revisions"}],"predecessor-version":[{"id":37572,"href":"https:\/\/espacetriathlon.com\/de\/wp-json\/wp\/v2\/product\/25561\/revisions\/37572"}],"wp:featuredmedia":[{"embeddable":true,"href":"https:\/\/espacetriathlon.com\/de\/wp-json\/wp\/v2\/media\/25575"}],"wp:attachment":[{"href":"https:\/\/espacetriathlon.com\/de\/wp-json\/wp\/v2\/media?parent=25561"}],"wp:term":[{"taxonomy":"product_brand","embeddable":true,"href":"https:\/\/espacetriathlon.com\/de\/wp-json\/wp\/v2\/product_brand?post=25561"},{"taxonomy":"product_cat","embeddable":true,"href":"https:\/\/espacetriathlon.com\/de\/wp-json\/wp\/v2\/product_cat?post=25561"},{"taxonomy":"product_tag","embeddable":true,"href":"https:\/\/espacetriathlon.com\/de\/wp-json\/wp\/v2\/product_tag?post=25561"}],"curies":[{"name":"wp","href":"https:\/\/api.w.org\/{rel}","templated":true}]}}