{"id":25596,"date":"2024-05-06T10:21:48","date_gmt":"2024-05-06T10:21:48","guid":{"rendered":"https:\/\/espacetriathlon.com\/product\/fc35-trinksystem\/"},"modified":"2024-07-10T11:19:33","modified_gmt":"2024-07-10T11:19:33","slug":"fc35-trinksystem","status":"publish","type":"product","link":"https:\/\/espacetriathlon.com\/de\/product\/fc35-trinksystem\/","title":{"rendered":"FC35 Trinksystem"},"content":{"rendered":"<p>The system is situated in a between-the-arms location to improve bike handling and help retain your riding position while the NACA airfoil shape with a kam tail reduces drag. The system is BPA-free and has 1035ml capacity, ideal for longer events. A no-spill system combined with a refill port reduces any leakage while an integrated computer mount and a rear airfoil storage pouch is included.<\/p>\n<p>Construction: BPA-Free, Foodsafe HDPE Bottle<br \/>\nCapacity: 35oz (1035ml)<br \/>\nWidth: 65mm-140mm (center to center)<\/p>\n","protected":false},"excerpt":{"rendered":"<p>Beim Hydrationssystem FC35 von Profile, mit einem Fassungsverm\u00f6gen von 1035 ml, dreht sich alles um Aerodynamik und Funktionalit\u00e4t. Das Trinksystem ist nat\u00fcrlich BPA-frei.<\/p>\n","protected":false},"featured_media":25593,"template":"","meta":[],"product_brand":[],"product_cat":[1712,319],"product_tag":[],"class_list":{"0":"post-25596","1":"product","2":"type-product","3":"status-publish","4":"has-post-thumbnail","6":"product_cat-accessories-tri-de-2","7":"product_cat-bike-de","8":"pa_brand-profile-design-de","10":"first","11":"instock","12":"shipping-taxable","13":"purchasable","14":"product-type-simple"},"_links":{"self":[{"href":"https:\/\/espacetriathlon.com\/de\/wp-json\/wp\/v2\/product\/25596","targetHints":{"allow":["GET"]}}],"collection":[{"href":"https:\/\/espacetriathlon.com\/de\/wp-json\/wp\/v2\/product"}],"about":[{"href":"https:\/\/espacetriathlon.com\/de\/wp-json\/wp\/v2\/types\/product"}],"version-history":[{"count":2,"href":"https:\/\/espacetriathlon.com\/de\/wp-json\/wp\/v2\/product\/25596\/revisions"}],"predecessor-version":[{"id":35812,"href":"https:\/\/espacetriathlon.com\/de\/wp-json\/wp\/v2\/product\/25596\/revisions\/35812"}],"wp:featuredmedia":[{"embeddable":true,"href":"https:\/\/espacetriathlon.com\/de\/wp-json\/wp\/v2\/media\/25593"}],"wp:attachment":[{"href":"https:\/\/espacetriathlon.com\/de\/wp-json\/wp\/v2\/media?parent=25596"}],"wp:term":[{"taxonomy":"product_brand","embeddable":true,"href":"https:\/\/espacetriathlon.com\/de\/wp-json\/wp\/v2\/product_brand?post=25596"},{"taxonomy":"product_cat","embeddable":true,"href":"https:\/\/espacetriathlon.com\/de\/wp-json\/wp\/v2\/product_cat?post=25596"},{"taxonomy":"product_tag","embeddable":true,"href":"https:\/\/espacetriathlon.com\/de\/wp-json\/wp\/v2\/product_tag?post=25596"}],"curies":[{"name":"wp","href":"https:\/\/api.w.org\/{rel}","templated":true}]}}