{"id":2576,"date":"2020-11-20T16:56:40","date_gmt":"2020-11-20T16:56:40","guid":{"rendered":"https:\/\/espacetriathlon.com\/product\/tempo-trainer\/"},"modified":"2025-05-01T19:04:48","modified_gmt":"2025-05-01T19:04:48","slug":"tempo-trainer","status":"publish","type":"product","link":"https:\/\/espacetriathlon.com\/de\/product\/tempo-trainer\/","title":{"rendered":"Tempo Trainer"},"content":{"rendered":"<div class=\"col-sm-6 fab-left-column\">\n<div class=\"fab-left\">\n<div class=\"col-sm-12\">\n<ul>\n<li>Provides an audible beep loud enough to hear in and out of the water<\/li>\n<li>Tempo adjustable by 1\/100 of a second<\/li>\n<li>Small convenient size makes it easy to secure beneath a swim cap or goggles<\/li>\n<li>Tested to perform at a depth of 10 meters<\/li>\n<li>Auto shut-off feature saves battery life<\/li>\n<\/ul>\n<\/div>\n<\/div>\n<\/div>\n","protected":false},"excerpt":{"rendered":"<p>Das kleine, wasserdichte Ger\u00e4t l\u00e4sst sich leicht unter einer Schwimmkappe befestigen und sendet einen h\u00f6rbaren Tempoton aus. Das einstellbare Tempo bietet die M\u00f6glichkeit, ein ideales Tempo zu erkennen und beizubehalten. Jetzt mit der Option, die Batterie auszutauschen, h\u00e4lt der Tempo Trainer Pro mehrere Lebensdauern. Drei verschiedene Trainingsmodi bieten ultimative Anpassungsm\u00f6glichkeiten. Der Tempo Trainer Pro enth\u00e4lt einen Clip f\u00fcr Trockenland-\u00dcbungen.<\/p>\n","protected":false},"featured_media":49384,"template":"","meta":[],"product_brand":[],"product_cat":[277],"product_tag":[],"class_list":{"0":"post-2576","1":"product","2":"type-product","3":"status-publish","4":"has-post-thumbnail","6":"product_cat-swimming-de","7":"product_shipping_class-petitarticle-de","8":"pa_brand-finis-de","10":"first","11":"instock","12":"shipping-taxable","13":"purchasable","14":"product-type-simple"},"_links":{"self":[{"href":"https:\/\/espacetriathlon.com\/de\/wp-json\/wp\/v2\/product\/2576","targetHints":{"allow":["GET"]}}],"collection":[{"href":"https:\/\/espacetriathlon.com\/de\/wp-json\/wp\/v2\/product"}],"about":[{"href":"https:\/\/espacetriathlon.com\/de\/wp-json\/wp\/v2\/types\/product"}],"version-history":[{"count":5,"href":"https:\/\/espacetriathlon.com\/de\/wp-json\/wp\/v2\/product\/2576\/revisions"}],"predecessor-version":[{"id":38792,"href":"https:\/\/espacetriathlon.com\/de\/wp-json\/wp\/v2\/product\/2576\/revisions\/38792"}],"wp:featuredmedia":[{"embeddable":true,"href":"https:\/\/espacetriathlon.com\/de\/wp-json\/wp\/v2\/media\/49384"}],"wp:attachment":[{"href":"https:\/\/espacetriathlon.com\/de\/wp-json\/wp\/v2\/media?parent=2576"}],"wp:term":[{"taxonomy":"product_brand","embeddable":true,"href":"https:\/\/espacetriathlon.com\/de\/wp-json\/wp\/v2\/product_brand?post=2576"},{"taxonomy":"product_cat","embeddable":true,"href":"https:\/\/espacetriathlon.com\/de\/wp-json\/wp\/v2\/product_cat?post=2576"},{"taxonomy":"product_tag","embeddable":true,"href":"https:\/\/espacetriathlon.com\/de\/wp-json\/wp\/v2\/product_tag?post=2576"}],"curies":[{"name":"wp","href":"https:\/\/api.w.org\/{rel}","templated":true}]}}