{"id":2591,"date":"2020-11-21T08:40:48","date_gmt":"2020-11-21T08:40:48","guid":{"rendered":"https:\/\/espacetriathlon.com\/product\/fin\/"},"modified":"2025-01-05T10:43:28","modified_gmt":"2025-01-05T10:43:28","slug":"fin","status":"publish","type":"product","link":"https:\/\/espacetriathlon.com\/de\/product\/fin\/","title":{"rendered":"Swim Silicone Fins"},"content":{"rendered":"<div class=\"lista\">\n<p><strong>MATERIAL<\/strong><\/p>\n<p>100% silicone.<\/p>\n<p><strong>COMFORT<\/strong><\/p>\n<p>The fins can be adjusted to fit your feet perfectly, providing greater comfort whilst you swim.<\/p>\n<p><strong>VISIBILTY<\/strong><\/p>\n<p>The high-vis orange colour means you will be seen by your training companions, even whilst under water.<\/p>\n<\/div>\n","protected":false},"excerpt":{"rendered":"<p>Orca<\/p>\n<div class=\"six g-columns offset-by-six\">\n<div class=\"texto\">\n<p>Die Schwimmflossen von Orca wurden entworfen, um eine Verbesserung deines Beinschlages und Flexibilit\u00e4t in den Kn\u00f6cheln zu erreichen. Sie erh\u00f6hen deine k\u00f6rperliche Widerstandskraft und die Muskelkraft in der Phase des Beinschlags. Zus\u00e4tzlich sorgen sie f\u00fcr einen homogenen Widerstand, um fl\u00fcssige und nat\u00fcrliche Bewegungen im Wasser zu erm\u00f6glichen. Verbesser deinen Beinschlag und deine Leistung.<\/p>\n<\/div>\n<\/div>\n","protected":false},"featured_media":49392,"template":"","meta":[],"product_brand":[],"product_cat":[292],"product_tag":[],"class_list":{"0":"post-2591","1":"product","2":"type-product","3":"status-publish","4":"has-post-thumbnail","6":"product_cat-training-aid-de","7":"pa_brand-orca-de","8":"pa_fins_orca-36-38-de","9":"pa_fins_orca-38-41-de","10":"pa_fins_orca-41-43-de","11":"pa_fins_orca-44-46-de","13":"first","14":"instock","15":"shipping-taxable","16":"purchasable","17":"product-type-variable"},"_links":{"self":[{"href":"https:\/\/espacetriathlon.com\/de\/wp-json\/wp\/v2\/product\/2591","targetHints":{"allow":["GET"]}}],"collection":[{"href":"https:\/\/espacetriathlon.com\/de\/wp-json\/wp\/v2\/product"}],"about":[{"href":"https:\/\/espacetriathlon.com\/de\/wp-json\/wp\/v2\/types\/product"}],"version-history":[{"count":3,"href":"https:\/\/espacetriathlon.com\/de\/wp-json\/wp\/v2\/product\/2591\/revisions"}],"predecessor-version":[{"id":36586,"href":"https:\/\/espacetriathlon.com\/de\/wp-json\/wp\/v2\/product\/2591\/revisions\/36586"}],"wp:featuredmedia":[{"embeddable":true,"href":"https:\/\/espacetriathlon.com\/de\/wp-json\/wp\/v2\/media\/49392"}],"wp:attachment":[{"href":"https:\/\/espacetriathlon.com\/de\/wp-json\/wp\/v2\/media?parent=2591"}],"wp:term":[{"taxonomy":"product_brand","embeddable":true,"href":"https:\/\/espacetriathlon.com\/de\/wp-json\/wp\/v2\/product_brand?post=2591"},{"taxonomy":"product_cat","embeddable":true,"href":"https:\/\/espacetriathlon.com\/de\/wp-json\/wp\/v2\/product_cat?post=2591"},{"taxonomy":"product_tag","embeddable":true,"href":"https:\/\/espacetriathlon.com\/de\/wp-json\/wp\/v2\/product_tag?post=2591"}],"curies":[{"name":"wp","href":"https:\/\/api.w.org\/{rel}","templated":true}]}}