{"id":2714,"date":"2020-11-23T14:42:11","date_gmt":"2020-11-23T14:42:11","guid":{"rendered":"https:\/\/espacetriathlon.com\/product\/neoprene-adhesive\/"},"modified":"2025-10-29T16:55:32","modified_gmt":"2025-10-29T16:55:32","slug":"neoprene-adhesive","status":"publish","type":"product","link":"https:\/\/espacetriathlon.com\/de\/product\/neoprene-adhesive\/","title":{"rendered":"Neoprene Adhesive"},"content":{"rendered":"<p>Die neue \u201etoluolfreie Formel\u201c von Black Witch eignet sich f\u00fcr schnelle (bis zu einer Stunde) Reparaturen, Risse und Zerrei\u00dfen von Neoprenanz\u00fcgen.<\/p>\n<p>&nbsp;<\/p>\n","protected":false},"excerpt":{"rendered":"<p>Die neue \u201etoluolfreie Formel\u201c von Black Witch eignet sich f\u00fcr schnelle (bis zu einer Stunde) Reparaturen, Risse und Zerrei\u00dfen von Neoprenanz\u00fcgen.<\/p>\n","protected":false},"featured_media":49397,"template":"","meta":[],"product_brand":[],"product_cat":[1720],"product_tag":[],"class_list":{"0":"post-2714","1":"product","2":"type-product","3":"status-publish","4":"has-post-thumbnail","6":"product_cat-wetsuit-neopren-de-2","8":"first","9":"instock","10":"shipping-taxable","11":"purchasable","12":"product-type-simple"},"_links":{"self":[{"href":"https:\/\/espacetriathlon.com\/de\/wp-json\/wp\/v2\/product\/2714","targetHints":{"allow":["GET"]}}],"collection":[{"href":"https:\/\/espacetriathlon.com\/de\/wp-json\/wp\/v2\/product"}],"about":[{"href":"https:\/\/espacetriathlon.com\/de\/wp-json\/wp\/v2\/types\/product"}],"version-history":[{"count":3,"href":"https:\/\/espacetriathlon.com\/de\/wp-json\/wp\/v2\/product\/2714\/revisions"}],"predecessor-version":[{"id":36562,"href":"https:\/\/espacetriathlon.com\/de\/wp-json\/wp\/v2\/product\/2714\/revisions\/36562"}],"wp:featuredmedia":[{"embeddable":true,"href":"https:\/\/espacetriathlon.com\/de\/wp-json\/wp\/v2\/media\/49397"}],"wp:attachment":[{"href":"https:\/\/espacetriathlon.com\/de\/wp-json\/wp\/v2\/media?parent=2714"}],"wp:term":[{"taxonomy":"product_brand","embeddable":true,"href":"https:\/\/espacetriathlon.com\/de\/wp-json\/wp\/v2\/product_brand?post=2714"},{"taxonomy":"product_cat","embeddable":true,"href":"https:\/\/espacetriathlon.com\/de\/wp-json\/wp\/v2\/product_cat?post=2714"},{"taxonomy":"product_tag","embeddable":true,"href":"https:\/\/espacetriathlon.com\/de\/wp-json\/wp\/v2\/product_tag?post=2714"}],"curies":[{"name":"wp","href":"https:\/\/api.w.org\/{rel}","templated":true}]}}