{"id":2982,"date":"2020-11-25T15:59:37","date_gmt":"2020-11-25T15:59:37","guid":{"rendered":"https:\/\/espacetriathlon.com\/product\/long-hair-swim-cap\/"},"modified":"2025-08-16T06:52:11","modified_gmt":"2025-08-16T06:52:11","slug":"long-hair-swim-cap","status":"publish","type":"product","link":"https:\/\/espacetriathlon.com\/de\/product\/long-hair-swim-cap\/","title":{"rendered":"Long Hair Swim Cap"},"content":{"rendered":"<p>Hydrodynamic<br \/>\n100% silicone<\/p>\n","protected":false},"excerpt":{"rendered":"<p>Die Langhaar-Silikonkappe wurde speziell f\u00fcr Schwimmer mit langen Haaren entwickelt. Es l\u00e4sst sich leicht an- und ausziehen, ohne dass sich die Haare verfangen, und tr\u00e4gt dazu bei, sie vor Chlor zu sch\u00fctzen.<\/p>\n","protected":false},"featured_media":49422,"template":"","meta":[],"product_brand":[],"product_cat":[280],"product_tag":[],"class_list":{"0":"post-2982","1":"product","2":"type-product","3":"status-publish","4":"has-post-thumbnail","6":"product_cat-accessories-swims-de","7":"product_shipping_class-petitarticle-de","8":"pa_brand-speedo-de","9":"pa_color_n-black-de","10":"pa_color_n-green-de","11":"pa_color_n-grey-de","12":"pa_color_n-pink-de","14":"first","15":"instock","16":"shipping-taxable","17":"purchasable","18":"product-type-variable"},"_links":{"self":[{"href":"https:\/\/espacetriathlon.com\/de\/wp-json\/wp\/v2\/product\/2982","targetHints":{"allow":["GET"]}}],"collection":[{"href":"https:\/\/espacetriathlon.com\/de\/wp-json\/wp\/v2\/product"}],"about":[{"href":"https:\/\/espacetriathlon.com\/de\/wp-json\/wp\/v2\/types\/product"}],"version-history":[{"count":6,"href":"https:\/\/espacetriathlon.com\/de\/wp-json\/wp\/v2\/product\/2982\/revisions"}],"predecessor-version":[{"id":53937,"href":"https:\/\/espacetriathlon.com\/de\/wp-json\/wp\/v2\/product\/2982\/revisions\/53937"}],"wp:featuredmedia":[{"embeddable":true,"href":"https:\/\/espacetriathlon.com\/de\/wp-json\/wp\/v2\/media\/49422"}],"wp:attachment":[{"href":"https:\/\/espacetriathlon.com\/de\/wp-json\/wp\/v2\/media?parent=2982"}],"wp:term":[{"taxonomy":"product_brand","embeddable":true,"href":"https:\/\/espacetriathlon.com\/de\/wp-json\/wp\/v2\/product_brand?post=2982"},{"taxonomy":"product_cat","embeddable":true,"href":"https:\/\/espacetriathlon.com\/de\/wp-json\/wp\/v2\/product_cat?post=2982"},{"taxonomy":"product_tag","embeddable":true,"href":"https:\/\/espacetriathlon.com\/de\/wp-json\/wp\/v2\/product_tag?post=2982"}],"curies":[{"name":"wp","href":"https:\/\/api.w.org\/{rel}","templated":true}]}}