{"id":3592,"date":"2020-12-12T11:49:26","date_gmt":"2020-12-12T11:49:26","guid":{"rendered":"https:\/\/espacetriathlon.com\/product\/zoomers-gold\/"},"modified":"2025-02-19T15:31:27","modified_gmt":"2025-02-19T15:31:27","slug":"zoomers-gold","status":"publish","type":"product","link":"https:\/\/espacetriathlon.com\/de\/product\/zoomers-gold\/","title":{"rendered":"Zoomers Gold"},"content":{"rendered":"<div class=\"col-sm-6 fab-left-column\">\n<div class=\"fab-left\">\n<div class=\"col-sm-12\">\n<ul>\n<li>Fin blade aligns with the natural angle of the foot, promoting a proper kick<\/li>\n<li>Great for fitness and competitive swimmers to build cardiovascular conditioning<\/li>\n<li>Increases flexibility and range-of-motion for a more efficient kick<\/li>\n<li>Promotes shorter and faster kicks while generating propulsion through the water<\/li>\n<li>Formulated with soft natural rubber for increased comfort and a secure fit<\/li>\n<\/ul>\n<\/div>\n<\/div>\n<\/div>\n","protected":false},"excerpt":{"rendered":"<div id=\"item-details-content-container-2\" class=\"col-sm-6 product-details-right\">\n<p class=\"p1\">Zoomers\u00ae Gold Flossen bieten einen verbesserten Liner aus weichem Naturkautschuk f\u00fcr erh\u00f6hten Komfort. Das kurze Blatt beg\u00fcnstigt k\u00fcrzere, schnellere Tritte f\u00fcr besseren Vortrieb im Wasser. Die Zoomers\u00ae Gold Fins sind eine ideale Trainingsflosse f\u00fcr das Herz-Kreislauf- und Geschwindigkeitstraining.<\/p>\n<\/div>\n","protected":false},"featured_media":49443,"template":"","meta":[],"product_brand":[],"product_cat":[292],"product_tag":[],"class_list":{"0":"post-3592","1":"product","2":"type-product","3":"status-publish","4":"has-post-thumbnail","6":"product_cat-training-aid-de","7":"pa_brand-finis-de","9":"first","10":"instock","11":"shipping-taxable","12":"purchasable","13":"product-type-variable"},"_links":{"self":[{"href":"https:\/\/espacetriathlon.com\/de\/wp-json\/wp\/v2\/product\/3592","targetHints":{"allow":["GET"]}}],"collection":[{"href":"https:\/\/espacetriathlon.com\/de\/wp-json\/wp\/v2\/product"}],"about":[{"href":"https:\/\/espacetriathlon.com\/de\/wp-json\/wp\/v2\/types\/product"}],"version-history":[{"count":2,"href":"https:\/\/espacetriathlon.com\/de\/wp-json\/wp\/v2\/product\/3592\/revisions"}],"predecessor-version":[{"id":36539,"href":"https:\/\/espacetriathlon.com\/de\/wp-json\/wp\/v2\/product\/3592\/revisions\/36539"}],"wp:featuredmedia":[{"embeddable":true,"href":"https:\/\/espacetriathlon.com\/de\/wp-json\/wp\/v2\/media\/49443"}],"wp:attachment":[{"href":"https:\/\/espacetriathlon.com\/de\/wp-json\/wp\/v2\/media?parent=3592"}],"wp:term":[{"taxonomy":"product_brand","embeddable":true,"href":"https:\/\/espacetriathlon.com\/de\/wp-json\/wp\/v2\/product_brand?post=3592"},{"taxonomy":"product_cat","embeddable":true,"href":"https:\/\/espacetriathlon.com\/de\/wp-json\/wp\/v2\/product_cat?post=3592"},{"taxonomy":"product_tag","embeddable":true,"href":"https:\/\/espacetriathlon.com\/de\/wp-json\/wp\/v2\/product_tag?post=3592"}],"curies":[{"name":"wp","href":"https:\/\/api.w.org\/{rel}","templated":true}]}}