{"id":3598,"date":"2020-12-12T11:52:03","date_gmt":"2020-12-12T11:52:03","guid":{"rendered":"https:\/\/espacetriathlon.com\/?post_type=product&#038;p=3598"},"modified":"2025-03-30T20:06:26","modified_gmt":"2025-03-30T20:06:26","slug":"edge-fins","status":"publish","type":"product","link":"https:\/\/espacetriathlon.com\/de\/product\/edge-fins\/","title":{"rendered":"Edge Fins"},"content":{"rendered":"<div class=\"col-sm-6 fab-left-column\">\n<div class=\"fab-left\">\n<div class=\"col-sm-12\">\n<ul>\n<li>Designed to be worn during aerobic and anaerobic training to increase your endurance and speed<\/li>\n<li>Teaching tool for swimmers of all levels to support and improve their kick<\/li>\n<li>Technique focused side rails activate your hips and quadriceps\u2014 enforcing a proper kick that starts at your hips and not your knees<\/li>\n<li>Proprietary blade angle is designed to feel like a natural extension of the foot<\/li>\n<li>Open toe design allows for a snug fit and prevents chaffing. Size up if you are between sizes or have wide feet<\/li>\n<\/ul>\n<\/div>\n<\/div>\n<\/div>\n","protected":false},"excerpt":{"rendered":"<div id=\"item-details-content-container-2\" class=\"col-sm-6 product-details-right\">\n<p class=\"p1\">Die Edge-Flossen wurden entwickelt, um die Technik zu verbessern und Ihre Beine zu einem echten Training zu machen. Es braucht Kraft, um diese Flossen durch das Wasser zu schieben, was zu einem Aufbau von Kraft und Ausdauer f\u00fchrt. Die Seitenschienen an der Flosse aktivieren Ihre H\u00fcfte und Ihren Quadrizeps \u2013 und erzwingen einen richtigen Absto\u00df, der in der H\u00fcfte und nicht in den Knien beginnt. Diese Bewegung ist ideal f\u00fcr die Entwicklung der Ges\u00e4\u00df- und Kniesehnen. Aus 100 % Silikon gefertigt, passen sich die Edge-Flossen mit der Zeit an Ihre F\u00fc\u00dfe an, wie beim Einlaufen eines neuen Paars Schuhe.<\/p>\n<\/div>\n","protected":false},"featured_media":49447,"template":"","meta":[],"product_brand":[],"product_cat":[292],"product_tag":[],"class_list":{"0":"post-3598","1":"product","2":"type-product","3":"status-publish","4":"has-post-thumbnail","6":"product_cat-training-aid-de","7":"pa_brand-finis-de","9":"first","10":"instock","11":"shipping-taxable","12":"purchasable","13":"product-type-variable"},"_links":{"self":[{"href":"https:\/\/espacetriathlon.com\/de\/wp-json\/wp\/v2\/product\/3598","targetHints":{"allow":["GET"]}}],"collection":[{"href":"https:\/\/espacetriathlon.com\/de\/wp-json\/wp\/v2\/product"}],"about":[{"href":"https:\/\/espacetriathlon.com\/de\/wp-json\/wp\/v2\/types\/product"}],"version-history":[{"count":3,"href":"https:\/\/espacetriathlon.com\/de\/wp-json\/wp\/v2\/product\/3598\/revisions"}],"predecessor-version":[{"id":45841,"href":"https:\/\/espacetriathlon.com\/de\/wp-json\/wp\/v2\/product\/3598\/revisions\/45841"}],"wp:featuredmedia":[{"embeddable":true,"href":"https:\/\/espacetriathlon.com\/de\/wp-json\/wp\/v2\/media\/49447"}],"wp:attachment":[{"href":"https:\/\/espacetriathlon.com\/de\/wp-json\/wp\/v2\/media?parent=3598"}],"wp:term":[{"taxonomy":"product_brand","embeddable":true,"href":"https:\/\/espacetriathlon.com\/de\/wp-json\/wp\/v2\/product_brand?post=3598"},{"taxonomy":"product_cat","embeddable":true,"href":"https:\/\/espacetriathlon.com\/de\/wp-json\/wp\/v2\/product_cat?post=3598"},{"taxonomy":"product_tag","embeddable":true,"href":"https:\/\/espacetriathlon.com\/de\/wp-json\/wp\/v2\/product_tag?post=3598"}],"curies":[{"name":"wp","href":"https:\/\/api.w.org\/{rel}","templated":true}]}}