{"id":38167,"date":"2024-07-22T07:00:06","date_gmt":"2024-07-22T07:00:06","guid":{"rendered":"https:\/\/espacetriathlon.com\/product\/killa-confort-goggles\/"},"modified":"2025-01-03T16:41:10","modified_gmt":"2025-01-03T16:41:10","slug":"killa-goggles-180-copie","status":"publish","type":"product","link":"https:\/\/espacetriathlon.com\/de\/product\/killa-goggles-180-copie\/","title":{"rendered":"KILLA Confort Goggles"},"content":{"rendered":"<p>Perfekte Anpassung<\/p>\n<p>Die ergonomisch geformte dreidimensionale Dichtung passt sich Ihrem Gesicht an, dichtet besser ab und reduziert den Druck um das Auge herum.<br \/>\nSchnelles Anpassen<\/p>\n<p>Dank des Clipverschlusses der Schnalle l\u00e4sst sich das Silikonband schnell und einfach anpassen.<br \/>\nAnti-Beschlag<\/p>\n<p>Die exklusive, langlebige ANTI-FOG-Beschichtung verhindert das Beschlagen der Brille und erm\u00f6glicht jederzeit eine klare Sicht.<\/p>\n","protected":false},"excerpt":{"rendered":"<p>Die Killa Comfort ist eine ergonomische Schwimmbrille, die sich perfekt f\u00fcr den Einsatz zu verschiedenen Zwecken eignet. Sie wurden aus einem weichen, angenehmen und bequemen Silikon hergestellt und haften sehr gut an der Augenpartie, ohne \u00fcberm\u00e4\u00dfig zu dr\u00fccken. Die optimale Passform und das gro\u00dfe Sichtfeld, das sie bietet, geben Ihnen das n\u00f6tige Selbstvertrauen, um in offenen Gew\u00e4ssern zu schwimmen. Die verschiedenen verf\u00fcgbaren Gl\u00e4ser machen sie extrem vielseitig f\u00fcr alle Arten von Wetterbedingungen.<\/p>\n","protected":false},"featured_media":38160,"template":"","meta":[],"product_brand":[],"product_cat":[283],"product_tag":[],"class_list":{"0":"post-38167","1":"product","2":"type-product","3":"status-publish","4":"has-post-thumbnail","6":"product_cat-goggles-de","7":"pa_brand-orca-de","8":"pa_color_n-black-de","9":"pa_color_n-smoke-black-de","10":"pa_color_n-white-de","12":"first","13":"instock","14":"shipping-taxable","15":"purchasable","16":"product-type-variable"},"_links":{"self":[{"href":"https:\/\/espacetriathlon.com\/de\/wp-json\/wp\/v2\/product\/38167","targetHints":{"allow":["GET"]}}],"collection":[{"href":"https:\/\/espacetriathlon.com\/de\/wp-json\/wp\/v2\/product"}],"about":[{"href":"https:\/\/espacetriathlon.com\/de\/wp-json\/wp\/v2\/types\/product"}],"version-history":[{"count":2,"href":"https:\/\/espacetriathlon.com\/de\/wp-json\/wp\/v2\/product\/38167\/revisions"}],"predecessor-version":[{"id":38176,"href":"https:\/\/espacetriathlon.com\/de\/wp-json\/wp\/v2\/product\/38167\/revisions\/38176"}],"wp:featuredmedia":[{"embeddable":true,"href":"https:\/\/espacetriathlon.com\/de\/wp-json\/wp\/v2\/media\/38160"}],"wp:attachment":[{"href":"https:\/\/espacetriathlon.com\/de\/wp-json\/wp\/v2\/media?parent=38167"}],"wp:term":[{"taxonomy":"product_brand","embeddable":true,"href":"https:\/\/espacetriathlon.com\/de\/wp-json\/wp\/v2\/product_brand?post=38167"},{"taxonomy":"product_cat","embeddable":true,"href":"https:\/\/espacetriathlon.com\/de\/wp-json\/wp\/v2\/product_cat?post=38167"},{"taxonomy":"product_tag","embeddable":true,"href":"https:\/\/espacetriathlon.com\/de\/wp-json\/wp\/v2\/product_tag?post=38167"}],"curies":[{"name":"wp","href":"https:\/\/api.w.org\/{rel}","templated":true}]}}