{"id":39252,"date":"2024-07-30T11:34:25","date_gmt":"2024-07-30T11:34:25","guid":{"rendered":"https:\/\/espacetriathlon.com\/?post_type=product&#038;p=39252"},"modified":"2025-01-20T02:16:12","modified_gmt":"2025-01-20T02:16:12","slug":"killa-180","status":"publish","type":"product","link":"https:\/\/espacetriathlon.com\/de\/product\/killa-180\/","title":{"rendered":"Killa 180"},"content":{"rendered":"<p>Die Hochleistungs-Schwimmbrille Killa 180\u00ba ist vielseitig und ergonomisch. Sie bietet Komfort, gleichzeitig unterst\u00fctzt sie deine Leistung, indem sie Hydrodynamik und das Gleiten im Wasser verbessert. Die \u00fcberragend klare Sicht machen sie zu einem idealen Begleiter f\u00fcr Training und Wettkampf. Aufgrund der verschiedenen Gl\u00e4ser ist sie sehr vielseitig und f\u00fcr alle klimatischen Verh\u00e4ltnisse geeignet. Der perfekte Sitz gibt Ihnen das Vertrauen, das Du brauchst.<\/p>\n","protected":false},"excerpt":{"rendered":"<p>Schwimbrille, ergonomisch und vielseitig.<\/p>\n","protected":false},"featured_media":38657,"template":"","meta":[],"product_brand":[],"product_cat":[283],"product_tag":[],"class_list":{"0":"post-39252","1":"product","2":"type-product","3":"status-publish","4":"has-post-thumbnail","6":"product_cat-goggles-de","7":"pa_brand-orca-de","8":"pa_color_n-blue-white-de","9":"pa_color_n-clear-black-de","10":"pa_color_n-mirrored-black-de","11":"pa_color_n-mirrored-green-de","12":"pa_color_n-mirrored-orange-de","13":"pa_color_n-smoke-black-de","15":"first","16":"instock","17":"shipping-taxable","18":"purchasable","19":"product-type-variable"},"_links":{"self":[{"href":"https:\/\/espacetriathlon.com\/de\/wp-json\/wp\/v2\/product\/39252","targetHints":{"allow":["GET"]}}],"collection":[{"href":"https:\/\/espacetriathlon.com\/de\/wp-json\/wp\/v2\/product"}],"about":[{"href":"https:\/\/espacetriathlon.com\/de\/wp-json\/wp\/v2\/types\/product"}],"version-history":[{"count":1,"href":"https:\/\/espacetriathlon.com\/de\/wp-json\/wp\/v2\/product\/39252\/revisions"}],"predecessor-version":[{"id":39259,"href":"https:\/\/espacetriathlon.com\/de\/wp-json\/wp\/v2\/product\/39252\/revisions\/39259"}],"wp:featuredmedia":[{"embeddable":true,"href":"https:\/\/espacetriathlon.com\/de\/wp-json\/wp\/v2\/media\/38657"}],"wp:attachment":[{"href":"https:\/\/espacetriathlon.com\/de\/wp-json\/wp\/v2\/media?parent=39252"}],"wp:term":[{"taxonomy":"product_brand","embeddable":true,"href":"https:\/\/espacetriathlon.com\/de\/wp-json\/wp\/v2\/product_brand?post=39252"},{"taxonomy":"product_cat","embeddable":true,"href":"https:\/\/espacetriathlon.com\/de\/wp-json\/wp\/v2\/product_cat?post=39252"},{"taxonomy":"product_tag","embeddable":true,"href":"https:\/\/espacetriathlon.com\/de\/wp-json\/wp\/v2\/product_tag?post=39252"}],"curies":[{"name":"wp","href":"https:\/\/api.w.org\/{rel}","templated":true}]}}