{"id":39491,"date":"2024-08-17T08:30:47","date_gmt":"2024-08-17T08:30:47","guid":{"rendered":"https:\/\/espacetriathlon.com\/product\/restube-active\/"},"modified":"2025-07-21T08:17:39","modified_gmt":"2025-07-21T08:17:39","slug":"restube-active","status":"publish","type":"product","link":"https:\/\/espacetriathlon.com\/de\/product\/restube-active\/","title":{"rendered":"Restube active"},"content":{"rendered":"<p><span id=\"desc\">Bequem zu tragen beim aktiven Sport: &#8211; Sehr hoher Tragekomfort durch die M\u00f6glichkeit der vertikalen oder horizontalen Befestigung am G\u00fcrtel. Aktive Schwimmer tragen Restube zum Beispiel vertikal am R\u00fccken befestigt. Der Abzugsgriff ist nach unten gerichtet, um leicht erreichbar zu sein. Um eine noch stabilere Positionierung f\u00fcr Langstreckenschwimmer zu erreichen, schieben Sie den Positionierungsb\u00fcgel einfach in den &#8221;Active Belt&#8221;. Anbringbar an RESTUBE READY Produkten: &#8211; Immer mehr Marken machen ihre Produkte RESTUBE READY. Mit dieser Funktion k\u00f6nnen Sie Ihren Restube direkt an Ihre Lieblingsbadehose oder Ihren Neoprenanzug anschlie\u00dfen. Einen \u00dcberblick \u00fcber die Funktionsweise und die ersten Partner-Marken finden Sie hier. Der Abzugsgriff dient auch als Pfeife: &#8211; Blasen Sie die Pfeife, um auf sich aufmerksam zu machen. Restube-Funktion: &#8211; Klein und robust, immer zur Hand &#8211; Genug Auftrieb f\u00fcr einen Erwachsenen &#8211; Auch mit dem Mund aufblasbar &#8211; Bis zu 100 Mal wiederverwendbar<\/span><\/p>\n","protected":false},"excerpt":{"rendered":"<p><span id=\"desc\">Ob im Wasser, beim Schwimmen oder Stand-Up-Paddling, beim Training oder im Wettkampf. Tragen Sie es einfach in der kompakten Tasche, damit Sie sich noch mehr auf den Moment konzentrieren k\u00f6nnen. Dr\u00fccken Sie den Abzug und die gelbe Restube-Boje bl\u00e4st sich innerhalb von Sekunden auf. Restube active bietet gen\u00fcgend Auftrieb (75N) f\u00fcr Erwachsene, lehnen Sie sich einfach dar\u00fcber, um Ihren Kopf aus dem Wasser zu heben. Winken Sie mit der Boje, um Aufmerksamkeit zu erregen, oder ziehen Sie sie hinter sich her. Au\u00dferdem k\u00f6nnen Sie den Auftrieb mit anderen teilen, was ihn zu einem idealen Begleiter im offenen Wasser macht. Sie ist wiederverwendbar, indem Sie eine neue original 16g CO2-Patrone einschrauben und sehr einfach wieder verpacken k\u00f6nnen.<\/span><\/p>\n","protected":false},"featured_media":39483,"template":"","meta":[],"product_brand":[],"product_cat":[1712,271],"product_tag":[],"class_list":{"0":"post-39491","1":"product","2":"type-product","3":"status-publish","4":"has-post-thumbnail","6":"product_cat-accessories-tri-de-2","7":"product_cat-openwater-de","8":"pa_brand-restube","10":"first","11":"instock","12":"shipping-taxable","13":"purchasable","14":"product-type-simple"},"_links":{"self":[{"href":"https:\/\/espacetriathlon.com\/de\/wp-json\/wp\/v2\/product\/39491","targetHints":{"allow":["GET"]}}],"collection":[{"href":"https:\/\/espacetriathlon.com\/de\/wp-json\/wp\/v2\/product"}],"about":[{"href":"https:\/\/espacetriathlon.com\/de\/wp-json\/wp\/v2\/types\/product"}],"version-history":[{"count":0,"href":"https:\/\/espacetriathlon.com\/de\/wp-json\/wp\/v2\/product\/39491\/revisions"}],"wp:featuredmedia":[{"embeddable":true,"href":"https:\/\/espacetriathlon.com\/de\/wp-json\/wp\/v2\/media\/39483"}],"wp:attachment":[{"href":"https:\/\/espacetriathlon.com\/de\/wp-json\/wp\/v2\/media?parent=39491"}],"wp:term":[{"taxonomy":"product_brand","embeddable":true,"href":"https:\/\/espacetriathlon.com\/de\/wp-json\/wp\/v2\/product_brand?post=39491"},{"taxonomy":"product_cat","embeddable":true,"href":"https:\/\/espacetriathlon.com\/de\/wp-json\/wp\/v2\/product_cat?post=39491"},{"taxonomy":"product_tag","embeddable":true,"href":"https:\/\/espacetriathlon.com\/de\/wp-json\/wp\/v2\/product_tag?post=39491"}],"curies":[{"name":"wp","href":"https:\/\/api.w.org\/{rel}","templated":true}]}}