{"id":39506,"date":"2024-08-17T09:03:40","date_gmt":"2024-08-17T09:03:40","guid":{"rendered":"https:\/\/espacetriathlon.com\/product\/explorer-rucksack\/"},"modified":"2024-08-17T09:03:40","modified_gmt":"2024-08-17T09:03:40","slug":"explorer-rucksack","status":"publish","type":"product","link":"https:\/\/espacetriathlon.com\/de\/product\/explorer-rucksack\/","title":{"rendered":"Explorer-Rucksack"},"content":{"rendered":"<div id=\"productAccordion\" class=\"accordion\">\n<div class=\"accordion-item\">\n<h2 id=\"headingOne\" class=\"accordion-header\">Bequem<\/h2>\n<div id=\"collapseOne\" class=\"accordion-collapse collapse show\" aria-labelledby=\"headingOne\" data-bs-parent=\"#productAccordion\">\n<div class=\"small accordion-body\">  Der weiche Lendenbereich mit ergonomischem Design sorgt f\u00fcr optimalen Komfort.  <\/p>\n<h3>Ger\u00e4umig<\/h3>\n<p>  Mehrere F\u00e4cher erm\u00f6glichen die effiziente Unterbringung von Ausr\u00fcstung und Zubeh\u00f6r.  <\/p>\n<h3>Wasserdichte Tasche und Kulturbeutel<\/h3>\n<p>  Enth\u00e4lt einen wasserdichten Beutel f\u00fcr den sauberen und bequemen Transport von Neoprenanz\u00fcgen und Neopren, sowie einen Kulturbeutel f\u00fcr Surfbrett-Wachs, Sonnencreme und andere Kleinigkeiten.  <\/p>\n<h3>Reisen<\/h3>\n<p>  Entspricht den Handgep\u00e4ckma\u00dfen der meisten Fluggesellschaften.  <\/p><\/div>\n<\/div>\n<\/div>\n<\/div>\n","protected":false},"excerpt":{"rendered":"<p>it seinem weichen Lendenbereich ist der Explorer Backpack ein komfortabler Begleiter f\u00fcr alle Ihre Outdoor-Abenteuer.<br \/>\nMit seinen ger\u00e4umigen F\u00e4chern, darunter ein spezielles Fach f\u00fcr Ihren Laptop und eine wasserdichte Tasche f\u00fcr Ihre Neoprenanz\u00fcge, bietet er eine unvergleichliche Organisation.<br \/>\nWeitere F\u00e4cher bieten Platz f\u00fcr kleine Dinge wie Sonnenbrillen oder Flossen, w\u00e4hrend das integrierte Toilettenpapierfach Wachs f\u00fcr das Surfbrett und Sonnenschutzmittel bereith\u00e4lt.<br \/>\nDie Riemen an der Unterseite des Rucksacks eignen sich perfekt, um eine zus\u00e4tzliche Schicht wie ein Baumwollponcho-Handtuch mitzunehmen.<br \/>\nAu\u00dferdem entspricht der Explorer Backpack den Handgep\u00e4ckma\u00dfen der meisten Fluggesellschaften, so dass Sie ihn problemlos mit auf Reisen nehmen k\u00f6nnen.    <\/p>\n","protected":false},"featured_media":39496,"template":"","meta":[],"product_brand":[],"product_cat":[326],"product_tag":[],"class_list":{"0":"post-39506","1":"product","2":"type-product","3":"status-publish","4":"has-post-thumbnail","6":"product_cat-bags-de","7":"pa_brand-orca-de","9":"first","10":"instock","11":"shipping-taxable","12":"purchasable","13":"product-type-simple"},"_links":{"self":[{"href":"https:\/\/espacetriathlon.com\/de\/wp-json\/wp\/v2\/product\/39506","targetHints":{"allow":["GET"]}}],"collection":[{"href":"https:\/\/espacetriathlon.com\/de\/wp-json\/wp\/v2\/product"}],"about":[{"href":"https:\/\/espacetriathlon.com\/de\/wp-json\/wp\/v2\/types\/product"}],"version-history":[{"count":0,"href":"https:\/\/espacetriathlon.com\/de\/wp-json\/wp\/v2\/product\/39506\/revisions"}],"wp:featuredmedia":[{"embeddable":true,"href":"https:\/\/espacetriathlon.com\/de\/wp-json\/wp\/v2\/media\/39496"}],"wp:attachment":[{"href":"https:\/\/espacetriathlon.com\/de\/wp-json\/wp\/v2\/media?parent=39506"}],"wp:term":[{"taxonomy":"product_brand","embeddable":true,"href":"https:\/\/espacetriathlon.com\/de\/wp-json\/wp\/v2\/product_brand?post=39506"},{"taxonomy":"product_cat","embeddable":true,"href":"https:\/\/espacetriathlon.com\/de\/wp-json\/wp\/v2\/product_cat?post=39506"},{"taxonomy":"product_tag","embeddable":true,"href":"https:\/\/espacetriathlon.com\/de\/wp-json\/wp\/v2\/product_tag?post=39506"}],"curies":[{"name":"wp","href":"https:\/\/api.w.org\/{rel}","templated":true}]}}