{"id":39962,"date":"2024-09-26T19:42:11","date_gmt":"2024-09-26T19:42:11","guid":{"rendered":"https:\/\/espacetriathlon.com\/product\/fastskin-lzr-intent-openback-kneeskin-blue\/"},"modified":"2024-09-26T19:42:11","modified_gmt":"2024-09-26T19:42:11","slug":"fastskin-lzr-intent-openback-kneeskin-blue","status":"publish","type":"product","link":"https:\/\/espacetriathlon.com\/de\/product\/fastskin-lzr-intent-openback-kneeskin-blue\/","title":{"rendered":"Fastskin LZR Intent openback kneeskin Blue"},"content":{"rendered":"<div id=\"description\" class=\"data item content\" role=\"tabpanel\" aria-labelledby=\"tab-label-description\" data-role=\"content\" aria-hidden=\"false\">\n<div class=\"product attribute description\">\n<div class=\"value\"> F\u00fchlen Sie sich unaufhaltsam mit der neuesten Innovation von Speedo, die von Schwimmern f\u00fcr Schwimmer entwickelt wurde. Das Fastskin LZR Pure Intent Openback Kneeskin mit &#8216;Stealth Hex&#8217;-Aufdruck verf\u00fcgt \u00fcber komprimierende Doppelschichten und eine ergonomische Nahtkonstruktion, die die wichtigsten Muskelgruppen miteinander verbindet und so f\u00fcr mehr Kraftr\u00fcckgabe sorgt. Texturierte Gewebezonen reduzieren den Luftwiderstand, damit Sie das Beste aus Ihrem Schwimmen herausholen k\u00f6nnen. Die dreifache Gewebekonstruktion mit verklebten N\u00e4hten wurde entwickelt, um mehr Bewegungsfreiheit zu erm\u00f6glichen. Der offene R\u00fccken bietet mehr Bewegungsfreiheit und wird von Schwimmern mit gew\u00f6lbtem R\u00fccken bevorzugt.    Dieses Produkt wurde von der FINA vollst\u00e4ndig genehmigt. <strong>Merkmale:<\/strong><\/p>\n<ul>\n<li>Komprimierende Doppelschichten und eine ergonomische Nahtkonstruktion, die die wichtigsten Muskelgruppen miteinander verbindet und so f\u00fcr mehr Kraftr\u00fcckgabe sorgt<\/li>\n<li>Dreifache Stoffkonstruktion mit verklebten N\u00e4hten f\u00fcr mehr Bewegungsfreiheit<\/li>\n<li>Neue texturierte Gewebezonen reduzieren den Luftwiderstand f\u00fcr optimale Leistung<\/li>\n<li>Pr\u00e4zisionsriemen f\u00fcr mehr Komfort<\/li>\n<li>Neue Konstruktion mit flexiblen Zonen erleichtert das Anziehen des Anzugs<\/li>\n<li>World Aquatics (FINA)-zugelassen<\/li>\n<\/ul>\n<\/div>\n<\/div>\n<\/div>\n","protected":false},"excerpt":{"rendered":"<p>Speedo Fina genehmigt<\/p>\n","protected":false},"featured_media":39959,"template":"","meta":[],"product_brand":[],"product_cat":[2196,838],"product_tag":[],"class_list":{"0":"post-39962","1":"product","2":"type-product","3":"status-publish","4":"has-post-thumbnail","6":"product_cat-sales-de","7":"product_cat-wettkamphosen","8":"pa_brand-speedo-de","10":"first","11":"instock","12":"sale","13":"shipping-taxable","14":"purchasable","15":"product-type-variable"},"_links":{"self":[{"href":"https:\/\/espacetriathlon.com\/de\/wp-json\/wp\/v2\/product\/39962","targetHints":{"allow":["GET"]}}],"collection":[{"href":"https:\/\/espacetriathlon.com\/de\/wp-json\/wp\/v2\/product"}],"about":[{"href":"https:\/\/espacetriathlon.com\/de\/wp-json\/wp\/v2\/types\/product"}],"version-history":[{"count":0,"href":"https:\/\/espacetriathlon.com\/de\/wp-json\/wp\/v2\/product\/39962\/revisions"}],"wp:featuredmedia":[{"embeddable":true,"href":"https:\/\/espacetriathlon.com\/de\/wp-json\/wp\/v2\/media\/39959"}],"wp:attachment":[{"href":"https:\/\/espacetriathlon.com\/de\/wp-json\/wp\/v2\/media?parent=39962"}],"wp:term":[{"taxonomy":"product_brand","embeddable":true,"href":"https:\/\/espacetriathlon.com\/de\/wp-json\/wp\/v2\/product_brand?post=39962"},{"taxonomy":"product_cat","embeddable":true,"href":"https:\/\/espacetriathlon.com\/de\/wp-json\/wp\/v2\/product_cat?post=39962"},{"taxonomy":"product_tag","embeddable":true,"href":"https:\/\/espacetriathlon.com\/de\/wp-json\/wp\/v2\/product_tag?post=39962"}],"curies":[{"name":"wp","href":"https:\/\/api.w.org\/{rel}","templated":true}]}}