{"id":41900,"date":"2024-10-27T07:46:12","date_gmt":"2024-10-27T07:46:12","guid":{"rendered":"https:\/\/espacetriathlon.com\/product\/biofuse-power-paddle\/"},"modified":"2024-10-27T07:46:12","modified_gmt":"2024-10-27T07:46:12","slug":"biofuse-power-paddle","status":"publish","type":"product","link":"https:\/\/espacetriathlon.com\/de\/product\/biofuse-power-paddle\/","title":{"rendered":"Biofuse power paddle"},"content":{"rendered":"","protected":false},"excerpt":{"rendered":"<p>Verbessern Sie Ihre Technik und erh\u00f6hen Sie Ihren Muskeltonus. Das Biofuse Power Paddle bietet einen Wasserwiderstand, der Ihre Arme, Schultern und Ihren R\u00fccken h\u00e4rter, schneller<br \/>\nund besser arbeiten l\u00e4sst. Steigern Sie Muskeltonus, Ausdauer, Geschwindigkeit und Distanz pro Schlag und verbessern Sie gleichzeitig Ihre Schlagtechnik mit diesem kraftvollen Paddel. Es f\u00f6rdert hohe Ellbogen und den korrekten Eintritt der Hand ins Wasser f\u00fcr eine effizientere Schlagtechnik und um Energie zu sparen, was beim Langstreckenschwimmen wichtig ist. Die Biofuse-Technologie von Speedo sorgt f\u00fcr maximalen Komfort und Passform.    <\/p>\n","protected":false},"featured_media":41893,"template":"","meta":[],"product_brand":[],"product_cat":[286],"product_tag":[],"class_list":{"0":"post-41900","1":"product","2":"type-product","3":"status-publish","4":"has-post-thumbnail","6":"product_cat-paddles-de","7":"pa_brand-speedo-de","8":"pa_size-m-de","9":"pa_size-l-de","11":"first","12":"instock","13":"sale","14":"shipping-taxable","15":"purchasable","16":"product-type-variable"},"_links":{"self":[{"href":"https:\/\/espacetriathlon.com\/de\/wp-json\/wp\/v2\/product\/41900","targetHints":{"allow":["GET"]}}],"collection":[{"href":"https:\/\/espacetriathlon.com\/de\/wp-json\/wp\/v2\/product"}],"about":[{"href":"https:\/\/espacetriathlon.com\/de\/wp-json\/wp\/v2\/types\/product"}],"version-history":[{"count":0,"href":"https:\/\/espacetriathlon.com\/de\/wp-json\/wp\/v2\/product\/41900\/revisions"}],"wp:featuredmedia":[{"embeddable":true,"href":"https:\/\/espacetriathlon.com\/de\/wp-json\/wp\/v2\/media\/41893"}],"wp:attachment":[{"href":"https:\/\/espacetriathlon.com\/de\/wp-json\/wp\/v2\/media?parent=41900"}],"wp:term":[{"taxonomy":"product_brand","embeddable":true,"href":"https:\/\/espacetriathlon.com\/de\/wp-json\/wp\/v2\/product_brand?post=41900"},{"taxonomy":"product_cat","embeddable":true,"href":"https:\/\/espacetriathlon.com\/de\/wp-json\/wp\/v2\/product_cat?post=41900"},{"taxonomy":"product_tag","embeddable":true,"href":"https:\/\/espacetriathlon.com\/de\/wp-json\/wp\/v2\/product_tag?post=41900"}],"curies":[{"name":"wp","href":"https:\/\/api.w.org\/{rel}","templated":true}]}}