{"id":43463,"date":"2024-12-19T21:07:39","date_gmt":"2024-12-19T21:07:39","guid":{"rendered":"https:\/\/espacetriathlon.com\/product\/explorer-tour-fs-maenner\/"},"modified":"2025-06-17T12:51:31","modified_gmt":"2025-06-17T12:51:31","slug":"explorer-tour-fs-maenner","status":"publish","type":"product","link":"https:\/\/espacetriathlon.com\/de\/product\/explorer-tour-fs-maenner\/","title":{"rendered":"Explorer Tour FS M\u00e4nner"},"content":{"rendered":"<p>DOUBLE FACE Neopren macht diesen Anzug sowohl strapazierf\u00e4hig als auch bequem, ideal f\u00fcr Schwimmer, die zum ersten Mal einen Neoprenanzug tragen.<\/p>\n<p>SWIM SPECIFIC DESIGN bietet hohe Elastizit\u00e4t und eine perfekte Passform. Dank der nahtfreien kritischen Bereiche k\u00f6nnen Sie ungehindert schwimmen.<\/p>\n<p>Das Verschlusssystem mit dem strapazierf\u00e4higen YKK-Rei\u00dfverschluss sorgt f\u00fcr einen sicheren Sitz und einfaches An- und Ausziehen. Eine glatte Lasche \u00fcber dem Rei\u00dfverschluss sorgt f\u00fcr zus\u00e4tzlichen Komfort, Mobilit\u00e4t und W\u00e4rme.<\/p>\n<p>Dieser Neoprenanzug verf\u00fcgt \u00fcber eine anpassbare \u00c4rmell\u00e4nge, mit der Sie die Beine und Arme Ihres Neoprenanzugs auf die von Ihnen gew\u00fcnschte L\u00e4nge einstellen k\u00f6nnen. Dies ist dank eines einfachen Do-it-yourself-Systems m\u00f6glich, das durch unser rei\u00dffestes Material erm\u00f6glicht wird. Nutzen Sie unsere Anleitung unten, um Ihre Manschetten individuell zu gestalten.  <\/p>\n","protected":false},"excerpt":{"rendered":"<p>  Der Explorer Tour FS ist f\u00fcr Schwimmer gedacht, die den ersten Schritt auf ihrer Reise ins offene Wasser machen.<\/p>\n","protected":false},"featured_media":43455,"template":"","meta":[],"product_brand":[],"product_cat":[271],"product_tag":[],"class_list":{"0":"post-43463","1":"product","2":"type-product","3":"status-publish","4":"has-post-thumbnail","6":"product_cat-openwater-de","7":"pa_brand-zoggs-de-2","9":"first","10":"instock","11":"sale","12":"shipping-taxable","13":"purchasable","14":"product-type-variable"},"_links":{"self":[{"href":"https:\/\/espacetriathlon.com\/de\/wp-json\/wp\/v2\/product\/43463","targetHints":{"allow":["GET"]}}],"collection":[{"href":"https:\/\/espacetriathlon.com\/de\/wp-json\/wp\/v2\/product"}],"about":[{"href":"https:\/\/espacetriathlon.com\/de\/wp-json\/wp\/v2\/types\/product"}],"version-history":[{"count":0,"href":"https:\/\/espacetriathlon.com\/de\/wp-json\/wp\/v2\/product\/43463\/revisions"}],"wp:featuredmedia":[{"embeddable":true,"href":"https:\/\/espacetriathlon.com\/de\/wp-json\/wp\/v2\/media\/43455"}],"wp:attachment":[{"href":"https:\/\/espacetriathlon.com\/de\/wp-json\/wp\/v2\/media?parent=43463"}],"wp:term":[{"taxonomy":"product_brand","embeddable":true,"href":"https:\/\/espacetriathlon.com\/de\/wp-json\/wp\/v2\/product_brand?post=43463"},{"taxonomy":"product_cat","embeddable":true,"href":"https:\/\/espacetriathlon.com\/de\/wp-json\/wp\/v2\/product_cat?post=43463"},{"taxonomy":"product_tag","embeddable":true,"href":"https:\/\/espacetriathlon.com\/de\/wp-json\/wp\/v2\/product_tag?post=43463"}],"curies":[{"name":"wp","href":"https:\/\/api.w.org\/{rel}","templated":true}]}}