{"id":44201,"date":"2025-01-17T12:16:01","date_gmt":"2025-01-17T12:16:01","guid":{"rendered":"https:\/\/espacetriathlon.com\/product\/3x300m-stoppuhr\/"},"modified":"2025-01-17T12:16:01","modified_gmt":"2025-01-17T12:16:01","slug":"3x300m-stoppuhr","status":"publish","type":"product","link":"https:\/\/espacetriathlon.com\/de\/product\/3x300m-stoppuhr\/","title":{"rendered":"3x300m Stoppuhr"},"content":{"rendered":"<p>  STOPPUHR F\u00dcR ZWISCHENZEITEN: Erm\u00f6glicht 300 Zwischenzeiten und die \u00dcberpr\u00fcfung sowohl der kumulativen als auch der Rundenzeit; zeigt deutlich die aktuelle Zwischenzeit und die Anzahl der Zwischenzeiten an<br \/>\n EINFACHE ABLESBARKEIT: Zeigt deutlich die kumulative Laufzeit und die aktuelle Rundenzeit an<br \/>\n AKTIVE ZEIT\u00dcBERPR\u00dcFUNG: Erm\u00f6glicht die \u00dcberpr\u00fcfung des aktuellen Speichers w\u00e4hrend der Zwischenzeit; es ist nicht notwendig, die Uhr anzuhalten, um den Speicher zu \u00fcberpr\u00fcfen<br \/>\n STROKE RATE MODE: Berechnet automatisch die Schlag-\/Schrittfrequenz; Programmiert f\u00fcr jeden 3. Schlag\/Schritt<br \/>\n LANGLEBIG: Die Batterielebensdauer betr\u00e4gt ca. 5 Jahre<\/p>\n","protected":false},"excerpt":{"rendered":"<p>Finis<br \/>\n300 Stoppuhr mit Zwischenspeicher<\/p>\n","protected":false},"featured_media":44197,"template":"","meta":[],"product_brand":[],"product_cat":[280,292],"product_tag":[],"class_list":{"0":"post-44201","1":"product","2":"type-product","3":"status-publish","4":"has-post-thumbnail","6":"product_cat-accessories-swims-de","7":"product_cat-training-aid-de","8":"pa_brand-finis-de","10":"first","11":"instock","12":"sale","13":"shipping-taxable","14":"purchasable","15":"product-type-simple"},"_links":{"self":[{"href":"https:\/\/espacetriathlon.com\/de\/wp-json\/wp\/v2\/product\/44201","targetHints":{"allow":["GET"]}}],"collection":[{"href":"https:\/\/espacetriathlon.com\/de\/wp-json\/wp\/v2\/product"}],"about":[{"href":"https:\/\/espacetriathlon.com\/de\/wp-json\/wp\/v2\/types\/product"}],"version-history":[{"count":0,"href":"https:\/\/espacetriathlon.com\/de\/wp-json\/wp\/v2\/product\/44201\/revisions"}],"wp:featuredmedia":[{"embeddable":true,"href":"https:\/\/espacetriathlon.com\/de\/wp-json\/wp\/v2\/media\/44197"}],"wp:attachment":[{"href":"https:\/\/espacetriathlon.com\/de\/wp-json\/wp\/v2\/media?parent=44201"}],"wp:term":[{"taxonomy":"product_brand","embeddable":true,"href":"https:\/\/espacetriathlon.com\/de\/wp-json\/wp\/v2\/product_brand?post=44201"},{"taxonomy":"product_cat","embeddable":true,"href":"https:\/\/espacetriathlon.com\/de\/wp-json\/wp\/v2\/product_cat?post=44201"},{"taxonomy":"product_tag","embeddable":true,"href":"https:\/\/espacetriathlon.com\/de\/wp-json\/wp\/v2\/product_tag?post=44201"}],"curies":[{"name":"wp","href":"https:\/\/api.w.org\/{rel}","templated":true}]}}