{"id":45149,"date":"2025-01-31T11:28:58","date_gmt":"2025-01-31T11:28:58","guid":{"rendered":"https:\/\/espacetriathlon.com\/product\/high-visibility-xlite-schwimmboje\/"},"modified":"2026-03-29T09:38:33","modified_gmt":"2026-03-29T09:38:33","slug":"high-visibility-xlite-schwimmboje","status":"publish","type":"product","link":"https:\/\/espacetriathlon.com\/de\/product\/high-visibility-xlite-schwimmboje\/","title":{"rendered":"High Visibility xlite Schwimmboje"},"content":{"rendered":"<p>Fassungsverm\u00f6gen : 16 l<br \/>\nFlache Abmessungen 50x 35<br \/>\nLanyardl\u00e4nge : 90 cm<br \/>\nG\u00fcrtelgr\u00f6\u00dfe : von 65 bis 118 cm<\/p>\n","protected":false},"excerpt":{"rendered":"<p>Zoggs<br \/>\nHigh Visibility aufblasbare Boje mit Taillengurt<\/p>\n","protected":false},"featured_media":45145,"template":"","meta":[],"product_brand":[],"product_cat":[271,280],"product_tag":[],"class_list":{"0":"post-45149","1":"product","2":"type-product","3":"status-publish","4":"has-post-thumbnail","6":"product_cat-openwater-de","7":"product_cat-accessories-swims-de","8":"pa_brand-zoggs-de-2","10":"first","11":"instock","12":"shipping-taxable","13":"purchasable","14":"product-type-simple"},"_links":{"self":[{"href":"https:\/\/espacetriathlon.com\/de\/wp-json\/wp\/v2\/product\/45149","targetHints":{"allow":["GET"]}}],"collection":[{"href":"https:\/\/espacetriathlon.com\/de\/wp-json\/wp\/v2\/product"}],"about":[{"href":"https:\/\/espacetriathlon.com\/de\/wp-json\/wp\/v2\/types\/product"}],"version-history":[{"count":0,"href":"https:\/\/espacetriathlon.com\/de\/wp-json\/wp\/v2\/product\/45149\/revisions"}],"wp:featuredmedia":[{"embeddable":true,"href":"https:\/\/espacetriathlon.com\/de\/wp-json\/wp\/v2\/media\/45145"}],"wp:attachment":[{"href":"https:\/\/espacetriathlon.com\/de\/wp-json\/wp\/v2\/media?parent=45149"}],"wp:term":[{"taxonomy":"product_brand","embeddable":true,"href":"https:\/\/espacetriathlon.com\/de\/wp-json\/wp\/v2\/product_brand?post=45149"},{"taxonomy":"product_cat","embeddable":true,"href":"https:\/\/espacetriathlon.com\/de\/wp-json\/wp\/v2\/product_cat?post=45149"},{"taxonomy":"product_tag","embeddable":true,"href":"https:\/\/espacetriathlon.com\/de\/wp-json\/wp\/v2\/product_tag?post=45149"}],"curies":[{"name":"wp","href":"https:\/\/api.w.org\/{rel}","templated":true}]}}