{"id":45209,"date":"2025-01-31T12:38:53","date_gmt":"2025-01-31T12:38:53","guid":{"rendered":"https:\/\/espacetriathlon.com\/product\/predator-flex-polarized\/"},"modified":"2025-01-31T12:38:53","modified_gmt":"2025-01-31T12:38:53","slug":"predator-flex-polarized","status":"publish","type":"product","link":"https:\/\/espacetriathlon.com\/de\/product\/predator-flex-polarized\/","title":{"rendered":"Predator flex polarized"},"content":{"rendered":"<p>Exklusive Advanced Ultra Fit\u2122 Dichtung, entwickelt, um den Druck um die Augenh\u00f6hle herum zu reduzieren, f\u00fcr au\u00dfergew\u00f6hnlichen Komfort<br \/>\nPolarisierte Gl\u00e4ser, ideal bei starkem Lichteinfall<br \/>\nCLT\u2122 &#8211; Curved Lens Technology bietet eine periphere Sicht von 180 Grad<br \/>\nAnti-Beschlag-Gl\u00e4ser, um sicherzustellen, dass Sie klar schwimmen k\u00f6nnen<br \/>\nUV-Schutz, um Ihre Augen vor starkem Lichteinfall und sch\u00e4dlichen UV-Strahlen zu sch\u00fctzen<br \/>\n3D Flexpoint f\u00fcr eine noch bessere Passform<br \/>\nGeteiltes Band, um noch mehr Sicherheit zu gew\u00e4hrleisten<br \/>\nSchnell verstellbares Band f\u00fcr Schwimmer, die unterwegs sind<br \/>\nFina-gepr\u00fcft<\/p>\n","protected":false},"excerpt":{"rendered":"<p>Schwarz Rot<br \/>\nZoggs<\/p>\n","protected":false},"featured_media":45197,"template":"","meta":[],"product_brand":[],"product_cat":[283],"product_tag":[],"class_list":{"0":"post-45209","1":"product","2":"type-product","3":"status-publish","4":"has-post-thumbnail","6":"product_cat-goggles-de","7":"pa_brand-zoggs-de-2","9":"first","10":"instock","11":"sale","12":"shipping-taxable","13":"purchasable","14":"product-type-simple"},"_links":{"self":[{"href":"https:\/\/espacetriathlon.com\/de\/wp-json\/wp\/v2\/product\/45209","targetHints":{"allow":["GET"]}}],"collection":[{"href":"https:\/\/espacetriathlon.com\/de\/wp-json\/wp\/v2\/product"}],"about":[{"href":"https:\/\/espacetriathlon.com\/de\/wp-json\/wp\/v2\/types\/product"}],"version-history":[{"count":0,"href":"https:\/\/espacetriathlon.com\/de\/wp-json\/wp\/v2\/product\/45209\/revisions"}],"wp:featuredmedia":[{"embeddable":true,"href":"https:\/\/espacetriathlon.com\/de\/wp-json\/wp\/v2\/media\/45197"}],"wp:attachment":[{"href":"https:\/\/espacetriathlon.com\/de\/wp-json\/wp\/v2\/media?parent=45209"}],"wp:term":[{"taxonomy":"product_brand","embeddable":true,"href":"https:\/\/espacetriathlon.com\/de\/wp-json\/wp\/v2\/product_brand?post=45209"},{"taxonomy":"product_cat","embeddable":true,"href":"https:\/\/espacetriathlon.com\/de\/wp-json\/wp\/v2\/product_cat?post=45209"},{"taxonomy":"product_tag","embeddable":true,"href":"https:\/\/espacetriathlon.com\/de\/wp-json\/wp\/v2\/product_tag?post=45209"}],"curies":[{"name":"wp","href":"https:\/\/api.w.org\/{rel}","templated":true}]}}