{"id":46106,"date":"2025-03-07T13:46:04","date_gmt":"2025-03-07T13:46:04","guid":{"rendered":"https:\/\/espacetriathlon.com\/product\/mantra-swimskin-frauen\/"},"modified":"2025-03-07T13:46:04","modified_gmt":"2025-03-07T13:46:04","slug":"mantra-swimskin-frauen","status":"publish","type":"product","link":"https:\/\/espacetriathlon.com\/de\/product\/mantra-swimskin-frauen\/","title":{"rendered":"Mantra Swimskin Frauen"},"content":{"rendered":"<p>Dank der innovativen Materialien und der elastischen Eigenschaften des Mantra Neoprenanzugs passt sich der Anzug bequem an Ihren K\u00f6rper an. Sein Design minimiert das Eindringen von Wasser und die Bildung von Wassers\u00e4cken und verbessert so Ihre Freitauchleistung. <\/p>\n<p>DURABILIT\u00c4T<br \/>\nDas Au\u00dfenmaterial der \u00c4rmel des Neoprenanzugs erh\u00f6ht seine Haltbarkeit und bietet maximalen Schutz vor Abnutzung und Verschlei\u00df. Aufgrund der elastischen Eigenschaften der Kombination aus Gewebe und Neopren verliert der Mantra nicht an Flexibilit\u00e4t, so dass Sie bei Ihren Abfahrten und Unterwasserabenteuern mehr Bewegungsfreiheit haben. <\/p>\n<p>ELASTIZIT\u00c4T<br \/>\nDie hochelastischen Materialien, aus denen der Mantra besteht, erh\u00f6hen die Flexibilit\u00e4t und den Bewegungsspielraum, so dass Sie sich ohne Einschr\u00e4nkungen bewegen k\u00f6nnen. F\u00fcr absolute Bewegungsfreiheit in den H\u00fcften und Beinen sind im unteren R\u00fcckenbereich ein umgekehrter Rei\u00dfverschluss und optimierte N\u00e4hte eingearbeitet. <\/p>\n","protected":false},"excerpt":{"rendered":"<p>Mehrzweck-Neoprenanzug f\u00fcr Freitauchen in warmem Wasser<\/p>\n<p>Der Orca Mantra ist ein Neoprenanzug, der mit hochwertigen Materialien entwickelt wurde, die f\u00fcr mehr Haltbarkeit sorgen, ohne die Leistung zu beeintr\u00e4chtigen. The high-elasticity materials provide a perfect fit and allow the wearer to enjoy freediving sessions without any restrictions. <\/p>\n<p>*Dieses Kleidungsst\u00fcck ist aus komprimierendem Stoff gefertigt. Wenn Sie zwischen zwei Gr\u00f6\u00dfen liegen, w\u00e4hlen Sie die gr\u00f6\u00dfere Gr\u00f6\u00dfe. <\/p>\n","protected":false},"featured_media":46084,"template":"","meta":[],"product_brand":[],"product_cat":[986,271],"product_tag":[],"class_list":{"0":"post-46106","1":"product","2":"type-product","3":"status-publish","4":"has-post-thumbnail","6":"product_cat-freediving-de","7":"product_cat-openwater-de","8":"pa_brand-orca-de","9":"pa_size-xs-de","10":"pa_size-s-de","11":"pa_size-m-de","12":"pa_size-l-de","13":"pa_size-xl-de","15":"first","16":"instock","17":"shipping-taxable","18":"purchasable","19":"product-type-variable"},"_links":{"self":[{"href":"https:\/\/espacetriathlon.com\/de\/wp-json\/wp\/v2\/product\/46106","targetHints":{"allow":["GET"]}}],"collection":[{"href":"https:\/\/espacetriathlon.com\/de\/wp-json\/wp\/v2\/product"}],"about":[{"href":"https:\/\/espacetriathlon.com\/de\/wp-json\/wp\/v2\/types\/product"}],"version-history":[{"count":0,"href":"https:\/\/espacetriathlon.com\/de\/wp-json\/wp\/v2\/product\/46106\/revisions"}],"wp:featuredmedia":[{"embeddable":true,"href":"https:\/\/espacetriathlon.com\/de\/wp-json\/wp\/v2\/media\/46084"}],"wp:attachment":[{"href":"https:\/\/espacetriathlon.com\/de\/wp-json\/wp\/v2\/media?parent=46106"}],"wp:term":[{"taxonomy":"product_brand","embeddable":true,"href":"https:\/\/espacetriathlon.com\/de\/wp-json\/wp\/v2\/product_brand?post=46106"},{"taxonomy":"product_cat","embeddable":true,"href":"https:\/\/espacetriathlon.com\/de\/wp-json\/wp\/v2\/product_cat?post=46106"},{"taxonomy":"product_tag","embeddable":true,"href":"https:\/\/espacetriathlon.com\/de\/wp-json\/wp\/v2\/product_tag?post=46106"}],"curies":[{"name":"wp","href":"https:\/\/api.w.org\/{rel}","templated":true}]}}