{"id":46241,"date":"2025-03-13T15:37:03","date_gmt":"2025-03-13T15:37:03","guid":{"rendered":"https:\/\/espacetriathlon.com\/product\/maenner-vitalis-thermal-openwater\/"},"modified":"2025-05-07T10:16:22","modified_gmt":"2025-05-07T10:16:22","slug":"maenner-vitalis-thermal-openwater","status":"publish","type":"product","link":"https:\/\/espacetriathlon.com\/de\/product\/maenner-vitalis-thermal-openwater\/","title":{"rendered":"M\u00e4nner Vitalis Thermal Openwater"},"content":{"rendered":"<p>Thermal Comfort<br \/>\nDie hervorragenden thermischen Eigenschaften dieses Neoprenanzugs wurden durch seine Konstruktion aus bis zu 5 mm dicken Paneelen in Verbindung mit dem Thermal X-Innenfutter erreicht. Dar\u00fcber hinaus verhindert die &#8220;Batwing&#8221;-Kapuze das Eindringen von kaltem Wasser \u00fcber den Hals und den Rei\u00dfverschluss, um die K\u00f6rperw\u00e4rme besser zu speichern.<\/p>\n<p>Elastizit\u00e4t<br \/>\nDie Technologien 39+ und 39FS sind in den Schultern und Unterarmen eingearbeitet, um die Elastizit\u00e4t dieses Neoprenanzugs zu verbessern.<\/p>\n<p>Hoher und neutraler Auftrieb<br \/>\nDie dicken Paneele im Torso sorgen f\u00fcr einen hohen Auftrieb und damit f\u00fcr mehr Sicherheit im offenen Wasser. Au\u00dferdem hat es dank seiner Konstruktion einen neutralen Auftrieb.<\/p>\n<p>Komfort<br \/>\nDas Thermal X-Innenmaterial ist weich und bequem und bietet hohen Komfort beim Schwimmen in kalten Gew\u00e4ssern.<\/p>\n","protected":false},"excerpt":{"rendered":"<p>Der Vitalis Thermal ist ein thermisch komfortabler Neoprenanzug f\u00fcr Freiwasserschwimmer. Er kombiniert spezielle Technologien f\u00fcr den W\u00e4rmer\u00fcckhalt wie die Thermal X-Technologie und Abdichtungstechnologien wie eine zweite Schicht &#8220;Batwing&#8221;-Neopren, die das Eindringen von Wasser in den Rei\u00dfverschluss- und Halsbereich verhindert. Die dicken Paneele verleihen dem Schwimmer einen ausgezeichneten Auftrieb, der ihm hilft, bei kalten Wetterlagen Energie zu sparen.<\/p>\n<p>Genie\u00dfen Sie den Komfort der Stoffhandschuhe, die im Lieferumfang des Vitalis Thermal enthalten sind und mit denen Sie Ihr Neopren anziehen k\u00f6nnen, ohne das Material zu besch\u00e4digen.<\/p>\n","protected":false},"featured_media":46222,"template":"","meta":[],"product_brand":[],"product_cat":[271],"product_tag":[],"class_list":{"0":"post-46241","1":"product","2":"type-product","3":"status-publish","4":"has-post-thumbnail","6":"product_cat-openwater-de","7":"pa_brand-orca-de","8":"pa_taille-orca-h-t5-162-172-cm-61-66-kg-de","9":"pa_taille-orca-h-t6-167-175-cm-67-75-kg-de","10":"pa_taille-orca-h-tmt-177-190-cm-68-76-kg","11":"pa_taille-orca-h-t7-173-185-cm-75-82-kg-de","12":"pa_taille-orca-h-t8-180-188-cm-82-89-kg-de","13":"pa_taille-orca-h-t9-185-193-cm-89-97-kg-de","14":"pa_taille-orca-h-t10-190-196-cm-98-109-kg-de","16":"first","17":"instock","18":"shipping-taxable","19":"purchasable","20":"product-type-variable"},"_links":{"self":[{"href":"https:\/\/espacetriathlon.com\/de\/wp-json\/wp\/v2\/product\/46241","targetHints":{"allow":["GET"]}}],"collection":[{"href":"https:\/\/espacetriathlon.com\/de\/wp-json\/wp\/v2\/product"}],"about":[{"href":"https:\/\/espacetriathlon.com\/de\/wp-json\/wp\/v2\/types\/product"}],"version-history":[{"count":2,"href":"https:\/\/espacetriathlon.com\/de\/wp-json\/wp\/v2\/product\/46241\/revisions"}],"predecessor-version":[{"id":47654,"href":"https:\/\/espacetriathlon.com\/de\/wp-json\/wp\/v2\/product\/46241\/revisions\/47654"}],"wp:featuredmedia":[{"embeddable":true,"href":"https:\/\/espacetriathlon.com\/de\/wp-json\/wp\/v2\/media\/46222"}],"wp:attachment":[{"href":"https:\/\/espacetriathlon.com\/de\/wp-json\/wp\/v2\/media?parent=46241"}],"wp:term":[{"taxonomy":"product_brand","embeddable":true,"href":"https:\/\/espacetriathlon.com\/de\/wp-json\/wp\/v2\/product_brand?post=46241"},{"taxonomy":"product_cat","embeddable":true,"href":"https:\/\/espacetriathlon.com\/de\/wp-json\/wp\/v2\/product_cat?post=46241"},{"taxonomy":"product_tag","embeddable":true,"href":"https:\/\/espacetriathlon.com\/de\/wp-json\/wp\/v2\/product_tag?post=46241"}],"curies":[{"name":"wp","href":"https:\/\/api.w.org\/{rel}","templated":true}]}}