{"id":46323,"date":"2025-03-21T13:02:02","date_gmt":"2025-03-21T13:02:02","guid":{"rendered":"https:\/\/espacetriathlon.com\/product\/bubble-active-cap\/"},"modified":"2025-03-21T13:02:02","modified_gmt":"2025-03-21T13:02:02","slug":"bubble-active-cap","status":"publish","type":"product","link":"https:\/\/espacetriathlon.com\/de\/product\/bubble-active-cap\/","title":{"rendered":"Bubble active cap"},"content":{"rendered":"<p>Silicone cap<\/p>\n","protected":false},"excerpt":{"rendered":"<p>Die Bubble Active+ Kappe hat ein zonenf\u00f6rmiges, blasenartiges Design, das einen reibungslosen Fluss durch das Wasser erm\u00f6glicht. Ein dezentes Band sorgt daf\u00fcr, dass sich die Badekappe sicherer anf\u00fchlt und das Haar bei aktiven Schwimmeinheiten vor Chlor sch\u00fctzt. Sie ist aus strapazierf\u00e4higem Silikon gefertigt, das nicht an Ihren Haaren zieht oder sie verheddert, und sie ist bequem und einfach zu tragen.  <\/p>\n","protected":false},"featured_media":46318,"template":"","meta":[],"product_brand":[],"product_cat":[280],"product_tag":[],"class_list":{"0":"post-46323","1":"product","2":"type-product","3":"status-publish","4":"has-post-thumbnail","6":"product_cat-accessories-swims-de","7":"product_shipping_class-petitarticle-de","8":"pa_brand-speedo-de","10":"first","11":"instock","12":"shipping-taxable","13":"purchasable","14":"product-type-simple"},"_links":{"self":[{"href":"https:\/\/espacetriathlon.com\/de\/wp-json\/wp\/v2\/product\/46323","targetHints":{"allow":["GET"]}}],"collection":[{"href":"https:\/\/espacetriathlon.com\/de\/wp-json\/wp\/v2\/product"}],"about":[{"href":"https:\/\/espacetriathlon.com\/de\/wp-json\/wp\/v2\/types\/product"}],"version-history":[{"count":0,"href":"https:\/\/espacetriathlon.com\/de\/wp-json\/wp\/v2\/product\/46323\/revisions"}],"wp:featuredmedia":[{"embeddable":true,"href":"https:\/\/espacetriathlon.com\/de\/wp-json\/wp\/v2\/media\/46318"}],"wp:attachment":[{"href":"https:\/\/espacetriathlon.com\/de\/wp-json\/wp\/v2\/media?parent=46323"}],"wp:term":[{"taxonomy":"product_brand","embeddable":true,"href":"https:\/\/espacetriathlon.com\/de\/wp-json\/wp\/v2\/product_brand?post=46323"},{"taxonomy":"product_cat","embeddable":true,"href":"https:\/\/espacetriathlon.com\/de\/wp-json\/wp\/v2\/product_cat?post=46323"},{"taxonomy":"product_tag","embeddable":true,"href":"https:\/\/espacetriathlon.com\/de\/wp-json\/wp\/v2\/product_tag?post=46323"}],"curies":[{"name":"wp","href":"https:\/\/api.w.org\/{rel}","templated":true}]}}