{"id":46481,"date":"2025-03-21T15:02:49","date_gmt":"2025-03-21T15:02:49","guid":{"rendered":"https:\/\/espacetriathlon.com\/product\/nova-herren-eco-triathlon-neoprenanzug\/"},"modified":"2025-11-25T14:21:37","modified_gmt":"2025-11-25T14:21:37","slug":"nova-herren-eco-triathlon-neoprenanzug","status":"publish","type":"product","link":"https:\/\/espacetriathlon.com\/de\/product\/nova-herren-eco-triathlon-neoprenanzug\/","title":{"rendered":"Nova Herren Eco Triathlon Neoprenanzug"},"content":{"rendered":"<h4 class=\"describe_title\">Neopren Dicke<\/h4>\n<div class=\"collapsibles-wrapper--border-bottom\">\n<p class=\"describe_content\">\u25cf Brustkorb: 3 mm<br \/>\n\u25cf R\u00fccken: 1,5 mm\/3 mm<br \/>\n\u25cf Arme: 1,5 mm<br \/>\n\u25cf Oberschenkel: 5 mm<br \/>\n\u25cf Unterschenkel: 3 mm<\/p>\n<\/div>\n<div id=\"Product-content-tab_HBhrzB8142169768097\" class=\"collapsible-content collapsible-content--all is-open\">\n<div class=\"collapsible-content__inner rte\">\n<ul>\n<li><strong>100% Kalkstein-Neopren:<\/strong> Sumarpo Race wird aus hochwertigem Yamamoto-Neopren hergestellt, das aus Kalkstein gewonnen wird &#8211; eine umweltbewusste Alternative zu erd\u00f6lbasierten Materialien. Dieses Neopren ist allergenfrei und ges\u00fcnder f\u00fcr den Benutzer. <\/li>\n<li><strong>Benzolfreier Klebstoff: <\/strong> Race verwendet benzolfreie Klebstoffe, die umweltfreundlicher sind als andere \u00f6lbasierte und benzolhaltige Klebstoffe.<\/li>\n<li><strong>Recycelte Futterstoffe:<\/strong> Sumarpo recycelte Futterstoffe ist eine der technischen Normen des Labels Oeko-Tex. Es garantiert, dass in einem Textilprodukt keine giftigen Substanzen verwendet werden. <\/li>\n<\/ul>\n<\/div>\n<\/div>\n","protected":false},"excerpt":{"rendered":"<p>Sehr flexibler Triathlon Neoprenanzug f\u00fcr mittelschwere Schwimmer<\/p>\n<p>5 cm Dicke<\/p>\n<p>Sumarpo<\/p>\n","protected":false},"featured_media":46465,"template":"","meta":[],"product_brand":[],"product_cat":[1720],"product_tag":[],"class_list":{"0":"post-46481","1":"product","2":"type-product","3":"status-publish","4":"has-post-thumbnail","6":"product_cat-wetsuit-neopren-de-2","7":"pa_brand-sumarpo-de","8":"pa_sumarpo_m-xs-158-170-cm-46-54-kg-de","9":"pa_sumarpo_m-s-163-173-cm-55-63-kg-de","10":"pa_sumarpo_m-sm-170-178-cm-63-73-kg-de","11":"pa_sumarpo_m-st-183-182-cm-55-69-kg-de","12":"pa_sumarpo_m-m-173-183-cm-68-74-kg-de","13":"pa_sumarpo_m-mt-175-191-cm-68-78-kg-de","14":"pa_sumarpo_m-ml-173-188-cm-70-82-kg-de","15":"pa_sumarpo_m-l-178-191-cm-81-92-kg-de","16":"pa_sumarpo_m-lt-181-196-cm-81-94-kg-de","17":"pa_sumarpo_m-xl-183-196-cm-92-100-kg-de","19":"first","20":"instock","21":"sale","22":"shipping-taxable","23":"purchasable","24":"product-type-variable"},"_links":{"self":[{"href":"https:\/\/espacetriathlon.com\/de\/wp-json\/wp\/v2\/product\/46481","targetHints":{"allow":["GET"]}}],"collection":[{"href":"https:\/\/espacetriathlon.com\/de\/wp-json\/wp\/v2\/product"}],"about":[{"href":"https:\/\/espacetriathlon.com\/de\/wp-json\/wp\/v2\/types\/product"}],"version-history":[{"count":0,"href":"https:\/\/espacetriathlon.com\/de\/wp-json\/wp\/v2\/product\/46481\/revisions"}],"wp:featuredmedia":[{"embeddable":true,"href":"https:\/\/espacetriathlon.com\/de\/wp-json\/wp\/v2\/media\/46465"}],"wp:attachment":[{"href":"https:\/\/espacetriathlon.com\/de\/wp-json\/wp\/v2\/media?parent=46481"}],"wp:term":[{"taxonomy":"product_brand","embeddable":true,"href":"https:\/\/espacetriathlon.com\/de\/wp-json\/wp\/v2\/product_brand?post=46481"},{"taxonomy":"product_cat","embeddable":true,"href":"https:\/\/espacetriathlon.com\/de\/wp-json\/wp\/v2\/product_cat?post=46481"},{"taxonomy":"product_tag","embeddable":true,"href":"https:\/\/espacetriathlon.com\/de\/wp-json\/wp\/v2\/product_tag?post=46481"}],"curies":[{"name":"wp","href":"https:\/\/api.w.org\/{rel}","templated":true}]}}