{"id":47159,"date":"2025-04-13T20:16:16","date_gmt":"2025-04-13T20:16:16","guid":{"rendered":"https:\/\/espacetriathlon.com\/product\/athlex-lite-trisuit-men\/"},"modified":"2025-06-21T13:11:27","modified_gmt":"2025-06-21T13:11:27","slug":"athlex-lite-trisuit-men","status":"publish","type":"product","link":"https:\/\/espacetriathlon.com\/de\/product\/athlex-lite-trisuit-men\/","title":{"rendered":"Athlex Lite Trisuit Men"},"content":{"rendered":"<p>MAXIMALE ELASTIZIT\u00c4T<br \/>\nDie Verwendung von hochelastischen Stoffen garantiert eine perfekte Passform und sorgt f\u00fcr eine gute Kompression, ohne die Flexibilit\u00e4t des Anzugs zu beeintr\u00e4chtigen.<\/p>\n<p>COMFORT<br \/>\nDas italienische Tri-Tech 4mm-Sitzpolster mit einer Dichte von 120 kg\/m3 ist schnell trocknend und bietet h\u00f6chsten Komfort auf dem Rad. Die auf Nanokristallen basierende Vapour-cool-Technologie k\u00fchlt den K\u00f6rper des Sportlers und sorgt f\u00fcr eine schnelle Verdunstung des Schwei\u00dfes. Die beiden R\u00fcckentaschen schlie\u00dflich bieten Ihnen den n\u00f6tigen Platz, um die Nahrung zu verstauen, die Sie w\u00e4hrend des Triathlon-Wettkampfs ben\u00f6tigen.<\/p>\n<table width=\"125\">\n<tbody>\n<tr>\n<td width=\"125\"><\/td>\n<\/tr>\n<\/tbody>\n<\/table>\n","protected":false},"excerpt":{"rendered":"<table width=\"89\">\n<tbody>\n<tr>\n<td width=\"89\"><\/td>\n<\/tr>\n<\/tbody>\n<\/table>\n<p>Die Trifonction Athlex Lite enth\u00e4lt die notwendigen Technologien, um Ihre Leistungen bei Ihren Triathlon-Wettk\u00e4mpfen zu verbessern. Das an den Schultern und am Oberk\u00f6rper dehnbare Textil bietet ein H\u00f6chstma\u00df an Flexibilit\u00e4t und erm\u00f6glicht eine optimale Anpassung an den K\u00f6rper. Die Technologie Vapour-cool, die im Brust- und Armbereich integriert ist, beg\u00fcnstigt die R\u00fcckfettung des K\u00f6rpers und die schnelle Verdunstung des Schwei\u00dfes, so dass Sie in jeder Situation an der frischen Luft bleiben k\u00f6nnen.  <\/p>\n","protected":false},"featured_media":47151,"template":"","meta":[],"product_brand":[],"product_cat":[314],"product_tag":[],"class_list":{"0":"post-47159","1":"product","2":"type-product","3":"status-publish","4":"has-post-thumbnail","6":"product_cat-gear-de","7":"pa_brand-orca-de","8":"pa_size-s-de","9":"pa_size-m-de","10":"pa_size-l-de","11":"pa_size-xl-de","13":"first","14":"instock","15":"shipping-taxable","16":"purchasable","17":"product-type-variable"},"_links":{"self":[{"href":"https:\/\/espacetriathlon.com\/de\/wp-json\/wp\/v2\/product\/47159","targetHints":{"allow":["GET"]}}],"collection":[{"href":"https:\/\/espacetriathlon.com\/de\/wp-json\/wp\/v2\/product"}],"about":[{"href":"https:\/\/espacetriathlon.com\/de\/wp-json\/wp\/v2\/types\/product"}],"version-history":[{"count":0,"href":"https:\/\/espacetriathlon.com\/de\/wp-json\/wp\/v2\/product\/47159\/revisions"}],"wp:featuredmedia":[{"embeddable":true,"href":"https:\/\/espacetriathlon.com\/de\/wp-json\/wp\/v2\/media\/47151"}],"wp:attachment":[{"href":"https:\/\/espacetriathlon.com\/de\/wp-json\/wp\/v2\/media?parent=47159"}],"wp:term":[{"taxonomy":"product_brand","embeddable":true,"href":"https:\/\/espacetriathlon.com\/de\/wp-json\/wp\/v2\/product_brand?post=47159"},{"taxonomy":"product_cat","embeddable":true,"href":"https:\/\/espacetriathlon.com\/de\/wp-json\/wp\/v2\/product_cat?post=47159"},{"taxonomy":"product_tag","embeddable":true,"href":"https:\/\/espacetriathlon.com\/de\/wp-json\/wp\/v2\/product_tag?post=47159"}],"curies":[{"name":"wp","href":"https:\/\/api.w.org\/{rel}","templated":true}]}}