{"id":47266,"date":"2025-04-18T14:21:43","date_gmt":"2025-04-18T14:21:43","guid":{"rendered":"https:\/\/espacetriathlon.com\/?post_type=product&#038;p=47266"},"modified":"2026-04-09T20:44:24","modified_gmt":"2026-04-09T20:44:24","slug":"athlex-float-men-v2","status":"publish","type":"product","link":"https:\/\/espacetriathlon.com\/de\/product\/athlex-float-men-v2\/","title":{"rendered":"Athlex Float Men V2"},"content":{"rendered":"<p>39+: The increased flexibility of Yamamoto 39 neoprene, combined with the high elasticity of Inifinty Skin 2 lining, provides open water swimmers with maximum freedom of movement. Thanks to this combination, 35% less force is required in fast movements than in conventional neoprene. For slow movements and wider strokes, 45% less force is required than in conventional neoprene. SCS coating also helps reduce friction and water resistance, improving hydrodynamics and increasing speed.<\/p>\n<p>39 FS: Elasticity, maximum flexibility and total freedom of movement are brought together thanks to the combination of Yamamoto 39 neoprene, Infinity Skin 2 lining and Smoothskin surface finish. With this combination, the open water swimmer will use 35% less force in fast movements and short strokes, while slower and wider movements will require 45% less force than any other conventional neoprene.<\/p>\n<p>38+: Yamamoto 38 provides more compression for a better fitting wetsuit, for greater comfort when swimming in open water. For greater hydrodynamics, SCS coating is used which reduces water resistance, increasing speed.<\/p>\n","protected":false},"excerpt":{"rendered":"<p>Der Athlex Float Neoprenanzug kombiniert hohen Auftrieb mit hoher Elastizit\u00e4t und ist damit ein sehr ausgewogener Neoprenanzug f\u00fcr Schwimmer, die zus\u00e4tzlichen Auftrieb ben\u00f6tigen, um ihre Position im Wasser zu korrigieren. Der d\u00fcnnere Oberk\u00f6rper und das dickere Material an den Beinen erm\u00f6glichen es Schwimmern, Triathlons mit Selbstvertrauen zu bew\u00e4ltigen.<\/p>\n<p><strong>Neues Modell 2025<\/strong><\/p>\n<p><em>Sportmax-Garantie: kostenlose Beratung bei kleineren Reparaturen f\u00fcr ein Jahr nach dem Kauf.<\/em><\/p>\n<p><a href=\"https:\/\/espacetriathlon.com\/choosing-a-neoprene-wetsuit\/\" target=\"_blank\" rel=\"noopener\">Do you need help to choose your wetsuit ?<\/a><\/p>\n<p>&nbsp;<\/p>\n","protected":false},"featured_media":47305,"template":"","meta":[],"product_brand":[],"product_cat":[1720],"product_tag":[],"class_list":{"0":"post-47266","1":"product","2":"type-product","3":"status-publish","4":"has-post-thumbnail","6":"product_cat-wetsuit-neopren-de-2","7":"pa_brand-orca-de","8":"pa_taille-orca-h-t5-162-172-cm-61-66-kg-de","9":"pa_taille-orca-h-t6-167-175-cm-67-75-kg-de","10":"pa_taille-orca-h-tmt-177-190-cm-68-76-kg","11":"pa_taille-orca-h-t7-173-185-cm-75-82-kg-de","12":"pa_taille-orca-h-t8-180-188-cm-82-89-kg-de","13":"pa_taille-orca-h-t9-185-193-cm-89-97-kg-de","14":"pa_taille-orca-h-t10-190-196-cm-98-109-kg-de","15":"pa_taille-orca-h-t11-193-200-cm-107-kg-de","17":"first","18":"instock","19":"shipping-taxable","20":"purchasable","21":"product-type-variable"},"_links":{"self":[{"href":"https:\/\/espacetriathlon.com\/de\/wp-json\/wp\/v2\/product\/47266","targetHints":{"allow":["GET"]}}],"collection":[{"href":"https:\/\/espacetriathlon.com\/de\/wp-json\/wp\/v2\/product"}],"about":[{"href":"https:\/\/espacetriathlon.com\/de\/wp-json\/wp\/v2\/types\/product"}],"version-history":[{"count":3,"href":"https:\/\/espacetriathlon.com\/de\/wp-json\/wp\/v2\/product\/47266\/revisions"}],"predecessor-version":[{"id":47330,"href":"https:\/\/espacetriathlon.com\/de\/wp-json\/wp\/v2\/product\/47266\/revisions\/47330"}],"wp:featuredmedia":[{"embeddable":true,"href":"https:\/\/espacetriathlon.com\/de\/wp-json\/wp\/v2\/media\/47305"}],"wp:attachment":[{"href":"https:\/\/espacetriathlon.com\/de\/wp-json\/wp\/v2\/media?parent=47266"}],"wp:term":[{"taxonomy":"product_brand","embeddable":true,"href":"https:\/\/espacetriathlon.com\/de\/wp-json\/wp\/v2\/product_brand?post=47266"},{"taxonomy":"product_cat","embeddable":true,"href":"https:\/\/espacetriathlon.com\/de\/wp-json\/wp\/v2\/product_cat?post=47266"},{"taxonomy":"product_tag","embeddable":true,"href":"https:\/\/espacetriathlon.com\/de\/wp-json\/wp\/v2\/product_tag?post=47266"}],"curies":[{"name":"wp","href":"https:\/\/api.w.org\/{rel}","templated":true}]}}