{"id":47475,"date":"2025-04-19T08:02:55","date_gmt":"2025-04-19T08:02:55","guid":{"rendered":"https:\/\/espacetriathlon.com\/product\/athlex-tri-short\/"},"modified":"2025-04-19T11:52:17","modified_gmt":"2025-04-19T11:52:17","slug":"athlex-tri-short","status":"publish","type":"product","link":"https:\/\/espacetriathlon.com\/de\/product\/athlex-tri-short\/","title":{"rendered":"Athlex Tri Short"},"content":{"rendered":"<table width=\"125\">\n<tbody>\n<tr>\n<td width=\"125\"><\/td>\n<\/tr>\n<\/tbody>\n<\/table>\n<p>Vapour-cool<\/p>\n<p>Diese auf Nanokristallen basierende Technologie hilft, den K\u00f6rper des Sportlers zu k\u00fchlen, so dass der Schwei\u00df schneller verdunstet. Au\u00dferdem sorgt es f\u00fcr Kompression, ohne die Flexibilit\u00e4t des Kleidungsst\u00fccks zu beeintr\u00e4chtigen, und gew\u00e4hrleistet einen sehr guten Sitz.<\/p>\n<p>Tri-Tech Chamois<br \/>\nDas 4 mm dicke, in Italien hergestellte Tri-Tech Chamois mit einer Dichte von 120 kg\/m3 sorgt f\u00fcr absoluten Komfort auf dem Rad und ist zudem schnell trocknend.<\/p>\n","protected":false},"excerpt":{"rendered":"<table width=\"348\">\n<tbody>\n<tr>\n<td width=\"348\"><\/td>\n<\/tr>\n<\/tbody>\n<\/table>\n<p>Die Athlex Tri Pant ist mit Technologien ausgestattet, die die Leistung verbessern. Es ist aus dem Vapour-cool-Gewebe gefertigt, das den Triathleten k\u00fchlt und den Schwei\u00df schnell verdunsten l\u00e4sst. Er enth\u00e4lt R\u00fcckentaschen, in denen Sie alles verstauen k\u00f6nnen, was Sie f\u00fcr das Rennen brauchen.<\/p>\n<p>*Dieses Kleidungsst\u00fcck ist aus komprimierendem Stoff hergestellt. Wenn Sie zwischen zwei Gr\u00f6\u00dfen liegen, w\u00e4hlen Sie die gr\u00f6\u00dfere Gr\u00f6\u00dfe.<\/p>\n","protected":false},"featured_media":47462,"template":"","meta":[],"product_brand":[],"product_cat":[314],"product_tag":[],"class_list":{"0":"post-47475","1":"product","2":"type-product","3":"status-publish","4":"has-post-thumbnail","6":"product_cat-gear-de","7":"product_shipping_class-petitarticle-de","8":"pa_brand-orca-de","9":"pa_size-s-de","10":"pa_size-m-de","11":"pa_size-l-de","12":"pa_size-xl-de","14":"first","15":"instock","16":"shipping-taxable","17":"purchasable","18":"product-type-variable"},"_links":{"self":[{"href":"https:\/\/espacetriathlon.com\/de\/wp-json\/wp\/v2\/product\/47475","targetHints":{"allow":["GET"]}}],"collection":[{"href":"https:\/\/espacetriathlon.com\/de\/wp-json\/wp\/v2\/product"}],"about":[{"href":"https:\/\/espacetriathlon.com\/de\/wp-json\/wp\/v2\/types\/product"}],"version-history":[{"count":1,"href":"https:\/\/espacetriathlon.com\/de\/wp-json\/wp\/v2\/product\/47475\/revisions"}],"predecessor-version":[{"id":47481,"href":"https:\/\/espacetriathlon.com\/de\/wp-json\/wp\/v2\/product\/47475\/revisions\/47481"}],"wp:featuredmedia":[{"embeddable":true,"href":"https:\/\/espacetriathlon.com\/de\/wp-json\/wp\/v2\/media\/47462"}],"wp:attachment":[{"href":"https:\/\/espacetriathlon.com\/de\/wp-json\/wp\/v2\/media?parent=47475"}],"wp:term":[{"taxonomy":"product_brand","embeddable":true,"href":"https:\/\/espacetriathlon.com\/de\/wp-json\/wp\/v2\/product_brand?post=47475"},{"taxonomy":"product_cat","embeddable":true,"href":"https:\/\/espacetriathlon.com\/de\/wp-json\/wp\/v2\/product_cat?post=47475"},{"taxonomy":"product_tag","embeddable":true,"href":"https:\/\/espacetriathlon.com\/de\/wp-json\/wp\/v2\/product_tag?post=47475"}],"curies":[{"name":"wp","href":"https:\/\/api.w.org\/{rel}","templated":true}]}}