{"id":47563,"date":"2025-04-19T14:12:16","date_gmt":"2025-04-19T14:12:16","guid":{"rendered":"https:\/\/espacetriathlon.com\/product\/racing-jammer\/"},"modified":"2025-04-19T14:12:16","modified_gmt":"2025-04-19T14:12:16","slug":"racing-jammer","status":"publish","type":"product","link":"https:\/\/espacetriathlon.com\/de\/product\/racing-jammer\/","title":{"rendered":"Racing Jammer"},"content":{"rendered":"<p>Der Racing Jammer ist der von World Aquatics zugelassene Badeanzug, der f\u00fcr Ihre Schwimmwettk\u00e4mpfe im Pool oder im Freiwasser unerl\u00e4sslich ist. Seine Konstruktion aus HydroSkin+-Gewebe bietet eine unschlagbare Hydrodynamik und eine starke Kompression, um die Leistung zu verbessern. Er verf\u00fcgt \u00fcber thermisch versiegelte, strategisch positionierte N\u00e4hte f\u00fcr eine verbesserte Ergonomie, die Ihre Leistung steigert.  <\/p>\n<p>&nbsp;<\/p>\n<p>Maximale Hydrodynamik<\/p>\n<p>Entwickelt, um Wasser mit minimalem Widerstand zu durchdringen<br \/>\nWasserabweisendes Gewebe<\/p>\n","protected":false},"excerpt":{"rendered":"<table width=\"356\">\n<tbody>\n<tr>\n<td width=\"356\"><\/td>\n<\/tr>\n<\/tbody>\n<\/table>\n<p>Unverzichtbar f\u00fcr Ihre Schwimmwettk\u00e4mpfe im Pool oder im Freiwasser.<\/p>\n","protected":false},"featured_media":47550,"template":"","meta":[],"product_brand":[],"product_cat":[838,271],"product_tag":[],"class_list":{"0":"post-47563","1":"product","2":"type-product","3":"status-publish","4":"has-post-thumbnail","6":"product_cat-wettkamphosen","7":"product_cat-openwater-de","8":"product_shipping_class-petitarticle-de","9":"pa_brand-orca-de","10":"pa_swim_h-s-32-de","11":"pa_swim_h-m-34-de","12":"pa_swim_h-l-36-de","13":"pa_swim_h-xl-38-de","15":"first","16":"instock","17":"shipping-taxable","18":"purchasable","19":"product-type-variable"},"_links":{"self":[{"href":"https:\/\/espacetriathlon.com\/de\/wp-json\/wp\/v2\/product\/47563","targetHints":{"allow":["GET"]}}],"collection":[{"href":"https:\/\/espacetriathlon.com\/de\/wp-json\/wp\/v2\/product"}],"about":[{"href":"https:\/\/espacetriathlon.com\/de\/wp-json\/wp\/v2\/types\/product"}],"version-history":[{"count":0,"href":"https:\/\/espacetriathlon.com\/de\/wp-json\/wp\/v2\/product\/47563\/revisions"}],"wp:featuredmedia":[{"embeddable":true,"href":"https:\/\/espacetriathlon.com\/de\/wp-json\/wp\/v2\/media\/47550"}],"wp:attachment":[{"href":"https:\/\/espacetriathlon.com\/de\/wp-json\/wp\/v2\/media?parent=47563"}],"wp:term":[{"taxonomy":"product_brand","embeddable":true,"href":"https:\/\/espacetriathlon.com\/de\/wp-json\/wp\/v2\/product_brand?post=47563"},{"taxonomy":"product_cat","embeddable":true,"href":"https:\/\/espacetriathlon.com\/de\/wp-json\/wp\/v2\/product_cat?post=47563"},{"taxonomy":"product_tag","embeddable":true,"href":"https:\/\/espacetriathlon.com\/de\/wp-json\/wp\/v2\/product_tag?post=47563"}],"curies":[{"name":"wp","href":"https:\/\/api.w.org\/{rel}","templated":true}]}}