{"id":47941,"date":"2025-05-20T15:35:04","date_gmt":"2025-05-20T15:35:04","guid":{"rendered":"https:\/\/espacetriathlon.com\/product\/vanguard-men\/"},"modified":"2025-05-20T15:35:04","modified_gmt":"2025-05-20T15:35:04","slug":"vanguard-men","status":"publish","type":"product","link":"https:\/\/espacetriathlon.com\/de\/product\/vanguard-men\/","title":{"rendered":"Vanguard men"},"content":{"rendered":"<h4 class=\"describe_title\">Neopren Dicke<\/h4>\n<div class=\"collapsibles-wrapper--border-bottom\">\n<p class=\"describe_content\">\u25cf Brust: 5 mm<br \/>\n\u25cf R\u00fccken: 2,5 mm\/3 mm<br \/>\n\u25cf Arme: 1,5 mm<br \/>\n\u25cf Oberschenkel: 5 mm<br \/>\n\u25cf Unterschenkel: 3 mm<\/p>\n<\/div>\n","protected":false},"excerpt":{"rendered":"<p>Das Torso Elevation Design optimiert Ihre K\u00f6rperposition, indem es Ihrem Oberk\u00f6rper strategisch mehr Auftrieb verleiht, um die Stabilit\u00e4t w\u00e4hrend des Schwimmens zu verbessern. Die Kombination aus SQ-flex Futter und #40 Yamamoto Neopren an Schultern, Armen und Achselh\u00f6hlen sorgt f\u00fcr hervorragende Dehnbarkeit beim Schwimmen. Die patentierte Aeroatom-Technologie hat 30% mehr Auftrieb als Aerodome.  <\/p>\n","protected":false},"featured_media":47924,"template":"","meta":[],"product_brand":[],"product_cat":[1720],"product_tag":[],"class_list":{"0":"post-47941","1":"product","2":"type-product","3":"status-publish","4":"has-post-thumbnail","6":"product_cat-wetsuit-neopren-de-2","7":"pa_brand-sumarpo-de","8":"pa_sumarpo_m-xs-158-170-cm-46-54-kg-de","9":"pa_sumarpo_m-m-173-183-cm-68-74-kg-de","10":"pa_sumarpo_m-mt-175-191-cm-68-78-kg-de","11":"pa_sumarpo_m-ml-173-188-cm-70-82-kg-de","12":"pa_sumarpo_m-l-178-191-cm-81-92-kg-de","13":"pa_sumarpo_m-lt-181-196-cm-81-94-kg-de","15":"first","16":"instock","17":"sale","18":"shipping-taxable","19":"purchasable","20":"product-type-variable"},"_links":{"self":[{"href":"https:\/\/espacetriathlon.com\/de\/wp-json\/wp\/v2\/product\/47941","targetHints":{"allow":["GET"]}}],"collection":[{"href":"https:\/\/espacetriathlon.com\/de\/wp-json\/wp\/v2\/product"}],"about":[{"href":"https:\/\/espacetriathlon.com\/de\/wp-json\/wp\/v2\/types\/product"}],"version-history":[{"count":0,"href":"https:\/\/espacetriathlon.com\/de\/wp-json\/wp\/v2\/product\/47941\/revisions"}],"wp:featuredmedia":[{"embeddable":true,"href":"https:\/\/espacetriathlon.com\/de\/wp-json\/wp\/v2\/media\/47924"}],"wp:attachment":[{"href":"https:\/\/espacetriathlon.com\/de\/wp-json\/wp\/v2\/media?parent=47941"}],"wp:term":[{"taxonomy":"product_brand","embeddable":true,"href":"https:\/\/espacetriathlon.com\/de\/wp-json\/wp\/v2\/product_brand?post=47941"},{"taxonomy":"product_cat","embeddable":true,"href":"https:\/\/espacetriathlon.com\/de\/wp-json\/wp\/v2\/product_cat?post=47941"},{"taxonomy":"product_tag","embeddable":true,"href":"https:\/\/espacetriathlon.com\/de\/wp-json\/wp\/v2\/product_tag?post=47941"}],"curies":[{"name":"wp","href":"https:\/\/api.w.org\/{rel}","templated":true}]}}