{"id":47980,"date":"2025-05-20T15:42:18","date_gmt":"2025-05-20T15:42:18","guid":{"rendered":"https:\/\/espacetriathlon.com\/product\/vanguard-frauen\/"},"modified":"2025-05-20T15:42:18","modified_gmt":"2025-05-20T15:42:18","slug":"vanguard-frauen","status":"publish","type":"product","link":"https:\/\/espacetriathlon.com\/de\/product\/vanguard-frauen\/","title":{"rendered":"Vanguard Frauen"},"content":{"rendered":"<h4 class=\"describe_title\">Neopren Dicke<\/h4>\n<div class=\"collapsibles-wrapper--border-bottom\">\n<p class=\"describe_content\">\u25cf Brust: 5 mm<br \/>\n\u25cf R\u00fccken: 2,5 mm\/3 mm<br \/>\n\u25cf Arme: 1,5 mm<br \/>\n\u25cf Oberschenkel: 5 mm<br \/>\n\u25cf Unterschenkel: 3 mm<\/p>\n<\/div>\n","protected":false},"excerpt":{"rendered":"<p>Das Torso Elevation Design optimiert Ihre K\u00f6rperposition, indem es Ihrem Oberk\u00f6rper strategisch mehr Auftrieb verleiht, um die Stabilit\u00e4t w\u00e4hrend des Schwimmens zu verbessern. Die Kombination aus SQ-flex Futter und #40 Yamamoto Neopren an Schultern, Armen und Achselh\u00f6hlen sorgt f\u00fcr hervorragende Dehnbarkeit beim Schwimmen. Die patentierte Aeroatom-Technologie hat 30% mehr Auftrieb als Aerodome.  <\/p>\n","protected":false},"featured_media":47971,"template":"","meta":[],"product_brand":[],"product_cat":[1720],"product_tag":[],"class_list":{"0":"post-47980","1":"product","2":"type-product","3":"status-publish","4":"has-post-thumbnail","6":"product_cat-wetsuit-neopren-de-2","7":"pa_brand-sumarpo-de","8":"pa_sumarpo_f-l-168-183-cm-68-76-kg-de-2","9":"pa_sumarpo_f-m-163-178-cm-58-65-kg-de-2","11":"first","12":"instock","13":"sale","14":"shipping-taxable","15":"purchasable","16":"product-type-variable"},"_links":{"self":[{"href":"https:\/\/espacetriathlon.com\/de\/wp-json\/wp\/v2\/product\/47980","targetHints":{"allow":["GET"]}}],"collection":[{"href":"https:\/\/espacetriathlon.com\/de\/wp-json\/wp\/v2\/product"}],"about":[{"href":"https:\/\/espacetriathlon.com\/de\/wp-json\/wp\/v2\/types\/product"}],"version-history":[{"count":0,"href":"https:\/\/espacetriathlon.com\/de\/wp-json\/wp\/v2\/product\/47980\/revisions"}],"wp:featuredmedia":[{"embeddable":true,"href":"https:\/\/espacetriathlon.com\/de\/wp-json\/wp\/v2\/media\/47971"}],"wp:attachment":[{"href":"https:\/\/espacetriathlon.com\/de\/wp-json\/wp\/v2\/media?parent=47980"}],"wp:term":[{"taxonomy":"product_brand","embeddable":true,"href":"https:\/\/espacetriathlon.com\/de\/wp-json\/wp\/v2\/product_brand?post=47980"},{"taxonomy":"product_cat","embeddable":true,"href":"https:\/\/espacetriathlon.com\/de\/wp-json\/wp\/v2\/product_cat?post=47980"},{"taxonomy":"product_tag","embeddable":true,"href":"https:\/\/espacetriathlon.com\/de\/wp-json\/wp\/v2\/product_tag?post=47980"}],"curies":[{"name":"wp","href":"https:\/\/api.w.org\/{rel}","templated":true}]}}