{"id":48353,"date":"2025-06-12T12:37:27","date_gmt":"2025-06-12T12:37:27","guid":{"rendered":"https:\/\/espacetriathlon.com\/product\/mach-1-racing-goggle\/"},"modified":"2025-06-12T12:37:27","modified_gmt":"2025-06-12T12:37:27","slug":"mach-1-racing-goggle","status":"publish","type":"product","link":"https:\/\/espacetriathlon.com\/de\/product\/mach-1-racing-goggle\/","title":{"rendered":"Mach 1 Racing Goggle"},"content":{"rendered":"<div id=\"product-details-features\" class=\"product-details-information-tab-content-container tb-container-col collapse in\" data-type=\"information-content-text\">\n<div class=\"product-details-information-tab-content-container-main\">\n<div class=\"fab-left\">\n<div class=\"col-sm-12\">\n<ul>\n<li><b>DESIGN:<\/b> Ultraflache Rennsportbrille mit Rahmen und Gl\u00e4sern aus Polycarbonat f\u00fcr ein glattes, integriertes Design. Gew\u00f6lbte Spiegelgl\u00e4ser bieten einen Panoramablick und reduzieren die Blendwirkung. Behandelt mit Anti-Beschlag und vollem UVA\/UVB-Schutz.<\/li>\n<li><b>PASSFORM:<\/b> Pr\u00e4zise Technik und hochwertige Silikondichtungen sorgen f\u00fcr einen sicheren Sitz um das Auge. Die Riemen ziehen in einer Linie mit den Augen und verteilen den Druck gleichm\u00e4\u00dfig, so dass Sie bequem und auslaufsicher schwimmen k\u00f6nnen.<\/li>\n<li><b>IN DER KISTE:<\/b> Enth\u00e4lt eine Mach 1 Schwimmbrille, f\u00fcnf austauschbare Nasenst\u00fccke, eine wei\u00dfe nahtlose Silikon-Schwimmkappe und eine Brillentasche.<\/li>\n<li><b>RACE APPROVED: <\/b>FINA-World Aquatics genehmigt<\/li>\n<\/ul>\n<\/div>\n<\/div>\n<\/div>\n<\/div>\n","protected":false},"excerpt":{"rendered":"<p><span class=\"s1\">Die Mach 1 Schwimmbrille wurde f\u00fcr Elite-Schwimmerinnen und -Schwimmer konstruiert und bietet ein unvergleichliches Seherlebnis. Ein ultraflacher Rahmen optimiert die Hydrodynamik und minimiert den Luftwiderstand. Hochwertige Silikondichtungen an den Augen sorgen f\u00fcr einen bequemen und sicheren Sitz f\u00fcr explosive Starts und kraftvolle Schw\u00fcnge. Zwei Silikonb\u00e4nder sind in den Rahmen integriert, um den Druck gleichm\u00e4\u00dfig zu verteilen, und verhindern so ein Auslaufen und sorgen f\u00fcr Komfort. Ihr schnellster Start beginnt hier.  <\/span><\/p>\n","protected":false},"featured_media":48347,"template":"","meta":[],"product_brand":[],"product_cat":[283],"product_tag":[],"class_list":{"0":"post-48353","1":"product","2":"type-product","3":"status-publish","4":"has-post-thumbnail","6":"product_cat-goggles-de","7":"pa_brand-finis-de","9":"first","10":"instock","11":"shipping-taxable","12":"purchasable","13":"product-type-variable"},"_links":{"self":[{"href":"https:\/\/espacetriathlon.com\/de\/wp-json\/wp\/v2\/product\/48353","targetHints":{"allow":["GET"]}}],"collection":[{"href":"https:\/\/espacetriathlon.com\/de\/wp-json\/wp\/v2\/product"}],"about":[{"href":"https:\/\/espacetriathlon.com\/de\/wp-json\/wp\/v2\/types\/product"}],"version-history":[{"count":0,"href":"https:\/\/espacetriathlon.com\/de\/wp-json\/wp\/v2\/product\/48353\/revisions"}],"wp:featuredmedia":[{"embeddable":true,"href":"https:\/\/espacetriathlon.com\/de\/wp-json\/wp\/v2\/media\/48347"}],"wp:attachment":[{"href":"https:\/\/espacetriathlon.com\/de\/wp-json\/wp\/v2\/media?parent=48353"}],"wp:term":[{"taxonomy":"product_brand","embeddable":true,"href":"https:\/\/espacetriathlon.com\/de\/wp-json\/wp\/v2\/product_brand?post=48353"},{"taxonomy":"product_cat","embeddable":true,"href":"https:\/\/espacetriathlon.com\/de\/wp-json\/wp\/v2\/product_cat?post=48353"},{"taxonomy":"product_tag","embeddable":true,"href":"https:\/\/espacetriathlon.com\/de\/wp-json\/wp\/v2\/product_tag?post=48353"}],"curies":[{"name":"wp","href":"https:\/\/api.w.org\/{rel}","templated":true}]}}