{"id":5118,"date":"2021-02-12T19:23:53","date_gmt":"2021-02-12T19:23:53","guid":{"rendered":"https:\/\/espacetriathlon.com\/product\/long-floating-fins\/"},"modified":"2026-02-02T18:11:41","modified_gmt":"2026-02-02T18:11:41","slug":"long-floating-fins","status":"publish","type":"product","link":"https:\/\/espacetriathlon.com\/de\/product\/long-floating-fins\/","title":{"rendered":"Long Floating Fins"},"content":{"rendered":"<p>Schwimmen in S\u00fc\u00df- und Salzwasser und sorgen f\u00fcr Auftrieb der Beine und weniger WasserwiderstandLange Flosse f\u00fcr zus\u00e4tzliche Power und Kraftaufbau<\/p>\n","protected":false},"excerpt":{"rendered":"<p>Die Floating Schwimmflossen von Finis erh\u00f6hen Ihre Beinkraft sowie Ihre Geschwindigkeit. Sie steigern den Antrieb, reduzieren den Wasserwiderstand und erh\u00f6hen den Auftrieb der Beine. Ideal f\u00fcr Schwimmbad &amp; offene Gew\u00e4sser.<\/p>\n","protected":false},"featured_media":49457,"template":"","meta":[],"product_brand":[],"product_cat":[292],"product_tag":[],"class_list":{"0":"post-5118","1":"product","2":"type-product","3":"status-publish","4":"has-post-thumbnail","6":"product_cat-training-aid-de","7":"pa_brand-finis-de","8":"pa_finis_long-26-29-blue-lime-green-de","9":"pa_finis_long-29-33-blue-orange-de","10":"pa_finis_long-33-35-blue-yellow-de","11":"pa_finis_long-35-37-red-black-de","12":"pa_finis_long-37-39-red-blue-de","13":"pa_finis_long-39-42-red-grey-de","14":"pa_finis_long-42-44-black-red-de","15":"pa_finis_long-44-46-black-navy-de","17":"first","18":"instock","19":"shipping-taxable","20":"purchasable","21":"product-type-variable"},"_links":{"self":[{"href":"https:\/\/espacetriathlon.com\/de\/wp-json\/wp\/v2\/product\/5118","targetHints":{"allow":["GET"]}}],"collection":[{"href":"https:\/\/espacetriathlon.com\/de\/wp-json\/wp\/v2\/product"}],"about":[{"href":"https:\/\/espacetriathlon.com\/de\/wp-json\/wp\/v2\/types\/product"}],"version-history":[{"count":3,"href":"https:\/\/espacetriathlon.com\/de\/wp-json\/wp\/v2\/product\/5118\/revisions"}],"predecessor-version":[{"id":36522,"href":"https:\/\/espacetriathlon.com\/de\/wp-json\/wp\/v2\/product\/5118\/revisions\/36522"}],"wp:featuredmedia":[{"embeddable":true,"href":"https:\/\/espacetriathlon.com\/de\/wp-json\/wp\/v2\/media\/49457"}],"wp:attachment":[{"href":"https:\/\/espacetriathlon.com\/de\/wp-json\/wp\/v2\/media?parent=5118"}],"wp:term":[{"taxonomy":"product_brand","embeddable":true,"href":"https:\/\/espacetriathlon.com\/de\/wp-json\/wp\/v2\/product_brand?post=5118"},{"taxonomy":"product_cat","embeddable":true,"href":"https:\/\/espacetriathlon.com\/de\/wp-json\/wp\/v2\/product_cat?post=5118"},{"taxonomy":"product_tag","embeddable":true,"href":"https:\/\/espacetriathlon.com\/de\/wp-json\/wp\/v2\/product_tag?post=5118"}],"curies":[{"name":"wp","href":"https:\/\/api.w.org\/{rel}","templated":true}]}}