{"id":5232,"date":"2021-02-14T19:22:15","date_gmt":"2021-02-14T19:22:15","guid":{"rendered":"https:\/\/espacetriathlon.com\/product\/iso-paddle\/"},"modified":"2026-03-23T10:36:57","modified_gmt":"2026-03-23T10:36:57","slug":"iso-paddle","status":"publish","type":"product","link":"https:\/\/espacetriathlon.com\/de\/product\/iso-paddle\/","title":{"rendered":"Iso Paddle"},"content":{"rendered":"<p>Iso Ruder sind einzigartig gestaltet um ein Ungleichgewicht zu erschaffen in der Phase eines Ruderschlages, welche Schwimmer dazu zwingt mehr Druck auf jede Seite des Paddels aufzubringen um einen richtigen Ruderschlag auszuf\u00fchren. Die Ver\u00e4nderung best\u00e4rkt Schwimmer darin, verst\u00e4rkt auf die Handposition im Wasser zu achten, sie auf einem Niveau und gleichm\u00e4\u00dfig zu halten w\u00e4hrend dem vor und zur\u00fcck rudern.<\/p>\n","protected":false},"excerpt":{"rendered":"<p>Iso Ruder sind tr\u00e4gerlos designet um spezielle Muskelgruppen zu einzugrenzen, richtige Hand Positionen zu entwickeln und die Ruderschlagsensibilisierung zu erh\u00f6hen.<\/p>\n","protected":false},"featured_media":49461,"template":"","meta":[],"product_brand":[],"product_cat":[286],"product_tag":[],"class_list":{"0":"post-5232","1":"product","2":"type-product","3":"status-publish","4":"has-post-thumbnail","6":"product_cat-paddles-de","7":"pa_brand-finis-de","8":"pa_size-s-de","9":"pa_size-m-de","10":"pa_size-l-de","12":"first","13":"instock","14":"shipping-taxable","15":"purchasable","16":"product-type-variable"},"_links":{"self":[{"href":"https:\/\/espacetriathlon.com\/de\/wp-json\/wp\/v2\/product\/5232","targetHints":{"allow":["GET"]}}],"collection":[{"href":"https:\/\/espacetriathlon.com\/de\/wp-json\/wp\/v2\/product"}],"about":[{"href":"https:\/\/espacetriathlon.com\/de\/wp-json\/wp\/v2\/types\/product"}],"version-history":[{"count":2,"href":"https:\/\/espacetriathlon.com\/de\/wp-json\/wp\/v2\/product\/5232\/revisions"}],"predecessor-version":[{"id":36517,"href":"https:\/\/espacetriathlon.com\/de\/wp-json\/wp\/v2\/product\/5232\/revisions\/36517"}],"wp:featuredmedia":[{"embeddable":true,"href":"https:\/\/espacetriathlon.com\/de\/wp-json\/wp\/v2\/media\/49461"}],"wp:attachment":[{"href":"https:\/\/espacetriathlon.com\/de\/wp-json\/wp\/v2\/media?parent=5232"}],"wp:term":[{"taxonomy":"product_brand","embeddable":true,"href":"https:\/\/espacetriathlon.com\/de\/wp-json\/wp\/v2\/product_brand?post=5232"},{"taxonomy":"product_cat","embeddable":true,"href":"https:\/\/espacetriathlon.com\/de\/wp-json\/wp\/v2\/product_cat?post=5232"},{"taxonomy":"product_tag","embeddable":true,"href":"https:\/\/espacetriathlon.com\/de\/wp-json\/wp\/v2\/product_tag?post=5232"}],"curies":[{"name":"wp","href":"https:\/\/api.w.org\/{rel}","templated":true}]}}